{"id":771,"date":"2026-04-21T22:23:14","date_gmt":"2026-04-22T01:53:14","guid":{"rendered":"https:\/\/libreriabonilla.com.mx\/?post_type=product&#038;p=771"},"modified":"2026-04-27T23:38:26","modified_gmt":"2026-04-28T03:08:26","slug":"espacios-de-saber-espacios-de-poder-iglesia-universidades-y-colegios-en-hispanoamerica-siglos-xvi-xix","status":"publish","type":"product","link":"https:\/\/libreriabonilla.com.mx\/index.php\/producto\/espacios-de-saber-espacios-de-poder-iglesia-universidades-y-colegios-en-hispanoamerica-siglos-xvi-xix\/","title":{"rendered":"Espacios de saber, espacios de poder: Iglesia, universidades y colegios en Hispanoam\u00e9rica siglos XVI-XIX"},"content":{"rendered":"<p>Es de sobra conocida la presencia de la Iglesia y sus instituciones en las sociedades coloniales de Hispanoam\u00e9rica. A ella le fue delegada, desde elsiglo XVI, autoridad espiritual, gubernativa e incluso pol\u00edtica, dado que la monarqu\u00eda la consider\u00f3 uno de los principales apoyos para su dominio imperial. De ah\u00ed la influencia que alcanz\u00f3 en m\u00faltiples aspectos, dos de ellos, sin duda, la educaci\u00f3n y la formaci\u00f3n intelectual de varios sectores sociales. En este sentido, la meta de la presente obra es hacer una revisi\u00f3n de las instituciones y los recursos de que dispusieron la Iglesia y sus miembros para incidir en la educaci\u00f3n de las \u00e9lites coloniales, en compraci\u00f3n con otros sectores menos favorecidos, como los pueblos de indios. Igualmente, ha interesado analizar el v\u00ednculo que se dio entre la adquisici\u00f3n de saberes y la b\u00fasqueda de poder. As\u00ed, la obtenci\u00f3n de los grados acad\u00e9micos, de una identidad intelectual-corporativa, la consolidaci\u00f3n de un colegio o la direcci\u00f3n de una universidad se tradujo tambi\u00e9n en la capacidad del clero secular o regular para formar letrados, quienes a su vez influir\u00edan en los destinos de la sociedad a la que pertenec\u00edan.<\/p>\n","protected":false},"excerpt":{"rendered":"<p>Aguirre Salvador, Rodolfo<\/p>\n","protected":false},"featured_media":1022,"comment_status":"closed","ping_status":"closed","template":"","meta":[],"product_brand":[],"product_cat":[52,31,70,623],"product_tag":[128],"class_list":{"0":"post-771","1":"product","2":"type-product","3":"status-publish","4":"has-post-thumbnail","6":"product_cat-ciencias-sociales","7":"product_cat-ensayo","8":"product_cat-historia","9":"product_cat-historia-de-la-educacion","10":"product_tag-ensayo","12":"first","13":"instock","14":"shipping-taxable","15":"purchasable","16":"product-type-simple"},"jetpack_sharing_enabled":true,"_links":{"self":[{"href":"https:\/\/libreriabonilla.com.mx\/index.php\/wp-json\/wp\/v2\/product\/771","targetHints":{"allow":["GET"]}}],"collection":[{"href":"https:\/\/libreriabonilla.com.mx\/index.php\/wp-json\/wp\/v2\/product"}],"about":[{"href":"https:\/\/libreriabonilla.com.mx\/index.php\/wp-json\/wp\/v2\/types\/product"}],"replies":[{"embeddable":true,"href":"https:\/\/libreriabonilla.com.mx\/index.php\/wp-json\/wp\/v2\/comments?post=771"}],"wp:featuredmedia":[{"embeddable":true,"href":"https:\/\/libreriabonilla.com.mx\/index.php\/wp-json\/wp\/v2\/media\/1022"}],"wp:attachment":[{"href":"https:\/\/libreriabonilla.com.mx\/index.php\/wp-json\/wp\/v2\/media?parent=771"}],"wp:term":[{"taxonomy":"product_brand","embeddable":true,"href":"https:\/\/libreriabonilla.com.mx\/index.php\/wp-json\/wp\/v2\/product_brand?post=771"},{"taxonomy":"product_cat","embeddable":true,"href":"https:\/\/libreriabonilla.com.mx\/index.php\/wp-json\/wp\/v2\/product_cat?post=771"},{"taxonomy":"product_tag","embeddable":true,"href":"https:\/\/libreriabonilla.com.mx\/index.php\/wp-json\/wp\/v2\/product_tag?post=771"}],"curies":[{"name":"wp","href":"https:\/\/api.w.org\/{rel}","templated":true}]}}