{"id":769,"date":"2026-04-21T22:23:13","date_gmt":"2026-04-22T01:53:13","guid":{"rendered":"https:\/\/libreriabonilla.com.mx\/?post_type=product&#038;p=769"},"modified":"2026-04-27T23:40:22","modified_gmt":"2026-04-28T03:10:22","slug":"la-creciente-y-otras-narraciones","status":"publish","type":"product","link":"https:\/\/libreriabonilla.com.mx\/index.php\/producto\/la-creciente-y-otras-narraciones\/","title":{"rendered":"La creciente y otras narraciones"},"content":{"rendered":"<p>Hay escritores que nos producen un desasosiego al constatar el desinter\u00e9s p\u00fablico por toda una obra dedicada a las letras, toda una vida en que la fuerza de una vocaci\u00f3n se impone a las continuas desviaciones de una existencia constre\u00f1ida por las costumbres -sobre todo en el caso de las mujeres que quieren cumplir con todos los papeles que la tradici\u00f3n les impone-, su legado no llega casi nunca al reconocimiento que en muchas ocasiones esa obra merece; tal es el caso de Armida de la Vara.<br \/>\nDe alguna manera se trata de justificar este desinter\u00e9s porque en la visi\u00f3n centralizadora de la cultura mexicana pareciera que los escritores que no hacen su carrera literaria en la ciudad de M\u00e9xico carecen de importancia. Y esto se hace m\u00e1s evidente cuando \u00e9stos pertenecen a la zona llamada prejuiciadamente de \u00ablos b\u00e1rbaros del norte\u00bb. Han tenido tales escritores, sobre todo los que se quedan en el terru\u00f1o, que luchar continuamente hasta que en el presente se ha reconocido una importancia tal como la de aqu\u00e9llos que hacen su carrera en el centro del pa\u00eds.<br \/>\nArmida de la Vara es una escritora sonorense, que nace en un pueblo remoto llamado Opodepe, cuyos primeros trabajos son le\u00eddos y publicados en los peque\u00f1os c\u00edrculos literarios de su tierra. Desde muy joven, y acuciada por un definitivo amor por las letras, sale del terru\u00f1o, hace estudios normal\u00edsticos en Hermosillo; ella, junto con otras mujeres, la mayor\u00eda poetisas, lucha en un medio hostil por divulgar sus obras. Finalmente llega a la ciudad de M\u00e9xico e ingresa a la Universidad Nacional, en el Colegio de Altos Estudios, donde sus compa\u00f1eros Arturo Souto, Horacio L\u00f3pez Su\u00e1rez, y alg\u00fan otro, la recuerdan como una joven estudiosa, muy seria, si bien su amplia sonrisa le otorgaba cierto encanto. Durante esos a\u00f1os, ella se apasiona por la literatura francesa y lee y escribe silenciosamente en una casa de asistencia donde residen j\u00f3venes llegadas de la provincia decididas a triunfar.<\/p>\n","protected":false},"excerpt":{"rendered":"<p>Armida de la Vara<\/p>\n","protected":false},"featured_media":886,"comment_status":"closed","ping_status":"closed","template":"","meta":[],"product_brand":[],"product_cat":[72],"product_tag":[605],"class_list":{"0":"post-769","1":"product","2":"type-product","3":"status-publish","4":"has-post-thumbnail","6":"product_cat-literatura","7":"product_tag-literatura","9":"first","10":"instock","11":"shipping-taxable","12":"purchasable","13":"product-type-simple"},"jetpack_sharing_enabled":true,"_links":{"self":[{"href":"https:\/\/libreriabonilla.com.mx\/index.php\/wp-json\/wp\/v2\/product\/769","targetHints":{"allow":["GET"]}}],"collection":[{"href":"https:\/\/libreriabonilla.com.mx\/index.php\/wp-json\/wp\/v2\/product"}],"about":[{"href":"https:\/\/libreriabonilla.com.mx\/index.php\/wp-json\/wp\/v2\/types\/product"}],"replies":[{"embeddable":true,"href":"https:\/\/libreriabonilla.com.mx\/index.php\/wp-json\/wp\/v2\/comments?post=769"}],"wp:featuredmedia":[{"embeddable":true,"href":"https:\/\/libreriabonilla.com.mx\/index.php\/wp-json\/wp\/v2\/media\/886"}],"wp:attachment":[{"href":"https:\/\/libreriabonilla.com.mx\/index.php\/wp-json\/wp\/v2\/media?parent=769"}],"wp:term":[{"taxonomy":"product_brand","embeddable":true,"href":"https:\/\/libreriabonilla.com.mx\/index.php\/wp-json\/wp\/v2\/product_brand?post=769"},{"taxonomy":"product_cat","embeddable":true,"href":"https:\/\/libreriabonilla.com.mx\/index.php\/wp-json\/wp\/v2\/product_cat?post=769"},{"taxonomy":"product_tag","embeddable":true,"href":"https:\/\/libreriabonilla.com.mx\/index.php\/wp-json\/wp\/v2\/product_tag?post=769"}],"curies":[{"name":"wp","href":"https:\/\/api.w.org\/{rel}","templated":true}]}}