{"id":768,"date":"2026-04-21T22:23:13","date_gmt":"2026-04-22T01:53:13","guid":{"rendered":"https:\/\/libreriabonilla.com.mx\/?post_type=product&#038;p=768"},"modified":"2026-04-27T23:41:35","modified_gmt":"2026-04-28T03:11:35","slug":"la-historia-y-el-laberinto-hacia-una-estetica-del-devenir-en-octavio-paz","status":"publish","type":"product","link":"https:\/\/libreriabonilla.com.mx\/index.php\/producto\/la-historia-y-el-laberinto-hacia-una-estetica-del-devenir-en-octavio-paz\/","title":{"rendered":"La historia y el laberinto. Hacia una est\u00e9tica del devenir en Octavio Paz"},"content":{"rendered":"<p>Un recorrido a trav\u00e9s de la relaci\u00f3n entre la escritura de la historia, la vida de Octavio Paz y la visi\u00f3n de M\u00e9xico &#8211; l\u00facida y po\u00e9tica &#8211; que nos leg\u00f3 en su ensayo capital de la segunda mitad del siglo XX: El laberinto de la soledad. Al cabo de la intuici\u00f3n y del saber historiogr\u00e1fico de Javier Rico Moreno, la lectura develar\u00e1 los elementos de la trayectoria filos\u00f3fica, hist\u00f3rica y literaria de Octavio Paz, reunidos para trazar la arquitect\u00f3nica de este logrado laberinto de ideas acerca de lo mexicano y de su historia (de la historia). El an\u00e1lisis que se despliega sobre la escisi\u00f3n y el reencuentro entre la creaci\u00f3n po\u00e9tica y la escritura de lahistoria reivindica el v\u00ednculo originario entre estos saberes y, en este punto, el autor alcanza su mayor aportaci\u00f3n a la cr\u00edtica historiogr\u00e1fica al proponer y dilucidar una est\u00e9tica del devenir en la obra del poeta. Para tener una idea de la historia no hace falta tener un conocimiento puntual de la misma; no hacen falta las referencias exactas, los detalles, la incursi\u00f3n monogr\u00e1fica, la comprobaci\u00f3n al pie de pagina. En cambio, es necesaria la percepci\u00f3n del sentido, de las caractter\u00edsticas de los grandes conjuntos que integran el devenir; del car\u00e1cter del emento humano que la protagoniza.<\/p>\n","protected":false},"excerpt":{"rendered":"<p>Rico Moreno, Javier<\/p>\n","protected":false},"featured_media":997,"comment_status":"closed","ping_status":"closed","template":"","meta":[],"product_brand":[],"product_cat":[72],"product_tag":[605,584,740],"class_list":{"0":"post-768","1":"product","2":"type-product","3":"status-publish","4":"has-post-thumbnail","6":"product_cat-literatura","7":"product_tag-literatura","8":"product_tag-literatura-mexicana","9":"product_tag-octavio-paz","11":"first","12":"instock","13":"shipping-taxable","14":"purchasable","15":"product-type-simple"},"jetpack_sharing_enabled":true,"_links":{"self":[{"href":"https:\/\/libreriabonilla.com.mx\/index.php\/wp-json\/wp\/v2\/product\/768","targetHints":{"allow":["GET"]}}],"collection":[{"href":"https:\/\/libreriabonilla.com.mx\/index.php\/wp-json\/wp\/v2\/product"}],"about":[{"href":"https:\/\/libreriabonilla.com.mx\/index.php\/wp-json\/wp\/v2\/types\/product"}],"replies":[{"embeddable":true,"href":"https:\/\/libreriabonilla.com.mx\/index.php\/wp-json\/wp\/v2\/comments?post=768"}],"wp:featuredmedia":[{"embeddable":true,"href":"https:\/\/libreriabonilla.com.mx\/index.php\/wp-json\/wp\/v2\/media\/997"}],"wp:attachment":[{"href":"https:\/\/libreriabonilla.com.mx\/index.php\/wp-json\/wp\/v2\/media?parent=768"}],"wp:term":[{"taxonomy":"product_brand","embeddable":true,"href":"https:\/\/libreriabonilla.com.mx\/index.php\/wp-json\/wp\/v2\/product_brand?post=768"},{"taxonomy":"product_cat","embeddable":true,"href":"https:\/\/libreriabonilla.com.mx\/index.php\/wp-json\/wp\/v2\/product_cat?post=768"},{"taxonomy":"product_tag","embeddable":true,"href":"https:\/\/libreriabonilla.com.mx\/index.php\/wp-json\/wp\/v2\/product_tag?post=768"}],"curies":[{"name":"wp","href":"https:\/\/api.w.org\/{rel}","templated":true}]}}