{"id":767,"date":"2026-04-21T22:23:13","date_gmt":"2026-04-22T01:53:13","guid":{"rendered":"https:\/\/libreriabonilla.com.mx\/?post_type=product&#038;p=767"},"modified":"2026-04-27T23:42:25","modified_gmt":"2026-04-28T03:12:25","slug":"la-tradicion-teorico-critica-en-america-latina-mapas-y-perspectivas","status":"publish","type":"product","link":"https:\/\/libreriabonilla.com.mx\/index.php\/producto\/la-tradicion-teorico-critica-en-america-latina-mapas-y-perspectivas\/","title":{"rendered":"La tradici\u00f3n te\u00f3rico-cr\u00edtica en Am\u00e9rica Latina: mapas y perspectivas"},"content":{"rendered":"<p>A trav\u00e9s de diferentes perspectivas, esta obra re\u00fane una serie de ensayos que reflexionan sobre varios aspectos del pensamiento critico en Latinoam\u00e9rica durante los \u00faltimos 30 a\u00f1os. Enfoc\u00e1ndose en temas como la literatura, la violencia y sus representaciones, as\u00ed como la cr\u00edtica a trav\u00e9s de la historia. Al mismo tiempo, funciona como herramienta para comprender diversos eventos te\u00f3ricos desde lospuntos de vista hist\u00f3rico, cultura y social. Partiendo de los elementos m\u00e1s representativos de la cultura latinoamericana, tales como el poscolonialismo, las guerras de independencia, autores y pensadores e incluso el idioma, La tradici\u00f3n te\u00f3rico-cr\u00edtica en Am\u00e9rica Latina: mpas y perspectivas brinda diferentes relfexiones y aproximaciones no s\u00f3lo para aquellos lectores inmersos en la cultura latinoamericana, sino tambi\u00e9n para quienes se encuentran por primera vez ante esta cuesti\u00f3n.<\/p>\n","protected":false},"excerpt":{"rendered":"<p>Garc\u00eda de la Sierna, Rodrigo<\/p>\n","protected":false},"featured_media":1038,"comment_status":"closed","ping_status":"closed","template":"","meta":[],"product_brand":[],"product_cat":[31,72],"product_tag":[128,605],"class_list":{"0":"post-767","1":"product","2":"type-product","3":"status-publish","4":"has-post-thumbnail","6":"product_cat-ensayo","7":"product_cat-literatura","8":"product_tag-ensayo","9":"product_tag-literatura","11":"first","12":"instock","13":"shipping-taxable","14":"purchasable","15":"product-type-simple"},"jetpack_sharing_enabled":true,"_links":{"self":[{"href":"https:\/\/libreriabonilla.com.mx\/index.php\/wp-json\/wp\/v2\/product\/767","targetHints":{"allow":["GET"]}}],"collection":[{"href":"https:\/\/libreriabonilla.com.mx\/index.php\/wp-json\/wp\/v2\/product"}],"about":[{"href":"https:\/\/libreriabonilla.com.mx\/index.php\/wp-json\/wp\/v2\/types\/product"}],"replies":[{"embeddable":true,"href":"https:\/\/libreriabonilla.com.mx\/index.php\/wp-json\/wp\/v2\/comments?post=767"}],"wp:featuredmedia":[{"embeddable":true,"href":"https:\/\/libreriabonilla.com.mx\/index.php\/wp-json\/wp\/v2\/media\/1038"}],"wp:attachment":[{"href":"https:\/\/libreriabonilla.com.mx\/index.php\/wp-json\/wp\/v2\/media?parent=767"}],"wp:term":[{"taxonomy":"product_brand","embeddable":true,"href":"https:\/\/libreriabonilla.com.mx\/index.php\/wp-json\/wp\/v2\/product_brand?post=767"},{"taxonomy":"product_cat","embeddable":true,"href":"https:\/\/libreriabonilla.com.mx\/index.php\/wp-json\/wp\/v2\/product_cat?post=767"},{"taxonomy":"product_tag","embeddable":true,"href":"https:\/\/libreriabonilla.com.mx\/index.php\/wp-json\/wp\/v2\/product_tag?post=767"}],"curies":[{"name":"wp","href":"https:\/\/api.w.org\/{rel}","templated":true}]}}