{"id":766,"date":"2026-04-21T22:23:13","date_gmt":"2026-04-22T01:53:13","guid":{"rendered":"https:\/\/libreriabonilla.com.mx\/?post_type=product&#038;p=766"},"modified":"2026-04-27T23:43:37","modified_gmt":"2026-04-28T03:13:37","slug":"mexico-heterodoxo-diversidad-religiosa-en-las-letras-del-siglo-xix-y-comienzos","status":"publish","type":"product","link":"https:\/\/libreriabonilla.com.mx\/index.php\/producto\/mexico-heterodoxo-diversidad-religiosa-en-las-letras-del-siglo-xix-y-comienzos\/","title":{"rendered":"M\u00e9xico heterodoxo: Diversidad religiosa en las Letras del Siglo XIX y comienzos"},"content":{"rendered":"<p>Se re\u00fanen en M\u00e9xico heterodoxo varios ensayos relativos a la literatura<br \/>\nmexicana del siglo xix, sobre todo de su segunda mitad,<br \/>\nas\u00ed como de las dos primeras d\u00e9cadas del xx, las que, aunque no<br \/>\ncomparten cronolog\u00eda, s\u00ed comulgan todav\u00eda en buena parte con<br \/>\nla ideolog\u00eda de la vieja centuria, todo ello en un contexto panhisp\u00e1nico.<br \/>\nLos autores estudiados aparecen marcados por un gesto<br \/>\nheterodoxo, ya sea por el g\u00e9nero abordado -lo fant\u00e1stico, sobre<br \/>\ntodo-, ya sea por la ideolog\u00eda religiosa y filos\u00f3fica que sostiene<br \/>\nel texto: secularizante aunque al mismo tiempo cercana a las<br \/>\nnuevas formas ocultistas de entonces, en especial la teosof\u00eda y<br \/>\nel espiritismo. Se trata de aproximaciones parciales a autores y<br \/>\ntextos narrativos de M\u00e9xico e Hispanoam\u00e9rica, en los que se<br \/>\nencuentran esas marcas desviantes de la dominante tradici\u00f3n<br \/>\nrealista, naturalista y costumbrista, y que salieron a la superficie<br \/>\nde forma m\u00e1s sistem\u00e1tica con el modernismo finisecular,<br \/>\npero cuyas semillas se incubaban desde antes en escritores<br \/>\nno modernistas previos como, en M\u00e9xico, Manuel Payno,<br \/>\nPascual Almaz\u00e1n o Pedro Castera, entre los aqu\u00ed abordados,<br \/>\naunque hay otros. As\u00ed, el t\u00edtulo alude a M\u00e9xico como campo<br \/>\nde estudios literarios, pero no aislado sino inmerso en un contexto<br \/>\ninternacional. El enfoque de cr\u00edtica literaria seguido aqu\u00ed<br \/>\nes de tipo hist\u00f3rico y cultural, atento a las corrientes est\u00e9ticas,<br \/>\nreligiosas, ocultistas y filos\u00f3ficas que conformaron los textos y la<br \/>\n\u00e9poca, con una buscada impronta comparatista.<\/p>\n","protected":false},"excerpt":{"rendered":"<p>Chaves, Jos\u00e9 Ricardo<\/p>\n","protected":false},"featured_media":865,"comment_status":"closed","ping_status":"closed","template":"","meta":[],"product_brand":[],"product_cat":[31,72],"product_tag":[584],"class_list":{"0":"post-766","1":"product","2":"type-product","3":"status-publish","4":"has-post-thumbnail","6":"product_cat-ensayo","7":"product_cat-literatura","8":"product_tag-literatura-mexicana","10":"first","11":"instock","12":"shipping-taxable","13":"purchasable","14":"product-type-simple"},"jetpack_sharing_enabled":true,"_links":{"self":[{"href":"https:\/\/libreriabonilla.com.mx\/index.php\/wp-json\/wp\/v2\/product\/766","targetHints":{"allow":["GET"]}}],"collection":[{"href":"https:\/\/libreriabonilla.com.mx\/index.php\/wp-json\/wp\/v2\/product"}],"about":[{"href":"https:\/\/libreriabonilla.com.mx\/index.php\/wp-json\/wp\/v2\/types\/product"}],"replies":[{"embeddable":true,"href":"https:\/\/libreriabonilla.com.mx\/index.php\/wp-json\/wp\/v2\/comments?post=766"}],"wp:featuredmedia":[{"embeddable":true,"href":"https:\/\/libreriabonilla.com.mx\/index.php\/wp-json\/wp\/v2\/media\/865"}],"wp:attachment":[{"href":"https:\/\/libreriabonilla.com.mx\/index.php\/wp-json\/wp\/v2\/media?parent=766"}],"wp:term":[{"taxonomy":"product_brand","embeddable":true,"href":"https:\/\/libreriabonilla.com.mx\/index.php\/wp-json\/wp\/v2\/product_brand?post=766"},{"taxonomy":"product_cat","embeddable":true,"href":"https:\/\/libreriabonilla.com.mx\/index.php\/wp-json\/wp\/v2\/product_cat?post=766"},{"taxonomy":"product_tag","embeddable":true,"href":"https:\/\/libreriabonilla.com.mx\/index.php\/wp-json\/wp\/v2\/product_tag?post=766"}],"curies":[{"name":"wp","href":"https:\/\/api.w.org\/{rel}","templated":true}]}}