{"id":765,"date":"2026-04-21T22:23:13","date_gmt":"2026-04-22T01:53:13","guid":{"rendered":"https:\/\/libreriabonilla.com.mx\/?post_type=product&#038;p=765"},"modified":"2026-04-27T23:44:56","modified_gmt":"2026-04-28T03:14:56","slug":"musicas-migrantes-la-movilidad-artistica-en-la-era-global","status":"publish","type":"product","link":"https:\/\/libreriabonilla.com.mx\/index.php\/producto\/musicas-migrantes-la-movilidad-artistica-en-la-era-global\/","title":{"rendered":"M\u00fasicas migrantes: La movilidad art\u00edstica en la era global"},"content":{"rendered":"<p>En esta \u00e9poca de intensa movilidad, mujeres y hombres, objetos sonoros y melod\u00edas, se agitan incesantemente en un mundo contempor\u00e1neo productor de aquella entrop\u00eda denunciada por L\u00e9vi-Strauss. Las diferentes pr\u00e1cticas cotidianas son trastocadas por la impronta de una modernidad sin l\u00edmites, en cuyos espacios de tr\u00e1nsito se violan yreconfiguras los m\u00e1s elementales principios espirituales de la continuidad cultural, aquellos que procuran el sosiego de los h\u00e1bitos y costrumbres de nuestra sociedad. Sin embargo, en medio de este c\u00famulo entropizador de objetos y sujetos vol\u00e1tiles y migrantes, encontramos la m\u00fasica como uno de los artefactos culturales que, adem\u00e1s, por su naturaleza est\u00e9tica, exite un tratamiento hermen\u00e9utico de conocimiento especializado, muy distinto al fr\u00edo an\u00e1lisis de las encuentes y mediciones que, sin ninguna consideraci\u00f3n someten a la maquinaria estad\u00edstica fen\u00f3menos humanos \u00edntimamente ligados con las emociones y la memoria compartida<\/p>\n","protected":false},"excerpt":{"rendered":"<p>Olmos Aguilera, Miguel<\/p>\n","protected":false},"featured_media":973,"comment_status":"closed","ping_status":"closed","template":"","meta":[],"product_brand":[],"product_cat":[66,499],"product_tag":[704,741,619],"class_list":{"0":"post-765","1":"product","2":"type-product","3":"status-publish","4":"has-post-thumbnail","6":"product_cat-arte","7":"product_cat-musica","8":"product_tag-arte","9":"product_tag-musica","10":"product_tag-musica-popular","12":"first","13":"instock","14":"shipping-taxable","15":"purchasable","16":"product-type-simple"},"jetpack_sharing_enabled":true,"_links":{"self":[{"href":"https:\/\/libreriabonilla.com.mx\/index.php\/wp-json\/wp\/v2\/product\/765","targetHints":{"allow":["GET"]}}],"collection":[{"href":"https:\/\/libreriabonilla.com.mx\/index.php\/wp-json\/wp\/v2\/product"}],"about":[{"href":"https:\/\/libreriabonilla.com.mx\/index.php\/wp-json\/wp\/v2\/types\/product"}],"replies":[{"embeddable":true,"href":"https:\/\/libreriabonilla.com.mx\/index.php\/wp-json\/wp\/v2\/comments?post=765"}],"wp:featuredmedia":[{"embeddable":true,"href":"https:\/\/libreriabonilla.com.mx\/index.php\/wp-json\/wp\/v2\/media\/973"}],"wp:attachment":[{"href":"https:\/\/libreriabonilla.com.mx\/index.php\/wp-json\/wp\/v2\/media?parent=765"}],"wp:term":[{"taxonomy":"product_brand","embeddable":true,"href":"https:\/\/libreriabonilla.com.mx\/index.php\/wp-json\/wp\/v2\/product_brand?post=765"},{"taxonomy":"product_cat","embeddable":true,"href":"https:\/\/libreriabonilla.com.mx\/index.php\/wp-json\/wp\/v2\/product_cat?post=765"},{"taxonomy":"product_tag","embeddable":true,"href":"https:\/\/libreriabonilla.com.mx\/index.php\/wp-json\/wp\/v2\/product_tag?post=765"}],"curies":[{"name":"wp","href":"https:\/\/api.w.org\/{rel}","templated":true}]}}