{"id":763,"date":"2026-04-21T22:23:13","date_gmt":"2026-04-22T01:53:13","guid":{"rendered":"https:\/\/libreriabonilla.com.mx\/?post_type=product&#038;p=763"},"modified":"2026-05-11T21:36:04","modified_gmt":"2026-05-12T01:06:04","slug":"un-clero-en-transicion","status":"publish","type":"product","link":"https:\/\/libreriabonilla.com.mx\/index.php\/producto\/un-clero-en-transicion\/","title":{"rendered":"Un clero en transici\u00f3n"},"content":{"rendered":"<p>Un sector importante de la sociedad novohispana, citado a menudo en la historiograf\u00ecadebido a sus v\u00ecnculos, a su indudable influencia en la vida religiosa, social, pol\u00ectica y cultural de la \u00e8poca es, por supuesto, el clero secular. A partir de la idea de que sobre ese sector hay lagunas notables en cuanto a su conocimiento -b\u00e1sicamente debidas a la tendencia a establecer generalizaciones que abarcan amplios espacios temporales y tambi\u00e8n al escaso trabajo de archivo-, el autor del presente libro se dio a la tarea de analizar un periodo hist\u00f3rico poco conocido de la Iglesia en Nueva Espa\u00f1a como lo fue la primera d\u00e9cada del siglo xviii en lo relativo al clero secular del arzobispado de M\u00e9xico y a su relaci\u00f3n con la sociedad, las instituciones, las parroquias y la pol\u00edtica eclesi\u00e1stica de Felipe V. As\u00ed Rodollfo Aguirre Salvador bos entrega Un clero en transici\u00f2n. Poblaci\u00f2n clerical, cambio parroquial y pol\u00edtica eclesi\u00e1stica en el arzobispado de M\u00e9xico, 1700-1749, un estudio serio, riguroso y ameno sobre los intentos del monarcaBorb\u00f3n por reconfigurar la Iglesia; sobre c\u00f3mo fue impactado el clero por esa transici\u00f3n pol\u00edtica y social, y sobre c\u00f3mo \u00e9l mismo fue protagonista de ese cambio.<\/p>\n","protected":false},"excerpt":{"rendered":"<p>Aguirre Salvador, Rodolfo,2013<\/p>\n","protected":false},"featured_media":870,"comment_status":"closed","ping_status":"closed","template":"","meta":[],"product_brand":[],"product_cat":[148],"product_tag":[606],"class_list":{"0":"post-763","1":"product","2":"type-product","3":"status-publish","4":"has-post-thumbnail","6":"product_cat-religion","7":"product_tag-religion","9":"first","10":"instock","11":"shipping-taxable","12":"purchasable","13":"product-type-simple"},"jetpack_sharing_enabled":true,"_links":{"self":[{"href":"https:\/\/libreriabonilla.com.mx\/index.php\/wp-json\/wp\/v2\/product\/763","targetHints":{"allow":["GET"]}}],"collection":[{"href":"https:\/\/libreriabonilla.com.mx\/index.php\/wp-json\/wp\/v2\/product"}],"about":[{"href":"https:\/\/libreriabonilla.com.mx\/index.php\/wp-json\/wp\/v2\/types\/product"}],"replies":[{"embeddable":true,"href":"https:\/\/libreriabonilla.com.mx\/index.php\/wp-json\/wp\/v2\/comments?post=763"}],"wp:featuredmedia":[{"embeddable":true,"href":"https:\/\/libreriabonilla.com.mx\/index.php\/wp-json\/wp\/v2\/media\/870"}],"wp:attachment":[{"href":"https:\/\/libreriabonilla.com.mx\/index.php\/wp-json\/wp\/v2\/media?parent=763"}],"wp:term":[{"taxonomy":"product_brand","embeddable":true,"href":"https:\/\/libreriabonilla.com.mx\/index.php\/wp-json\/wp\/v2\/product_brand?post=763"},{"taxonomy":"product_cat","embeddable":true,"href":"https:\/\/libreriabonilla.com.mx\/index.php\/wp-json\/wp\/v2\/product_cat?post=763"},{"taxonomy":"product_tag","embeddable":true,"href":"https:\/\/libreriabonilla.com.mx\/index.php\/wp-json\/wp\/v2\/product_tag?post=763"}],"curies":[{"name":"wp","href":"https:\/\/api.w.org\/{rel}","templated":true}]}}