{"id":761,"date":"2026-04-21T22:23:04","date_gmt":"2026-04-22T01:53:04","guid":{"rendered":"https:\/\/libreriabonilla.com.mx\/?post_type=product&#038;p=761"},"modified":"2026-05-11T21:40:53","modified_gmt":"2026-05-12T01:10:53","slug":"quien-gobierna-quintana-roo-estudio-de-una-elite-politica-local","status":"publish","type":"product","link":"https:\/\/libreriabonilla.com.mx\/index.php\/producto\/quien-gobierna-quintana-roo-estudio-de-una-elite-politica-local\/","title":{"rendered":"\u00bfQui\u00e9n Gobierna Quintana Roo? Estudio de una \u00e9lite Pol\u00edtica local"},"content":{"rendered":"<p>Los estudios sobre las \u00e9lites pol\u00edticas siempre han causado gran inter\u00e9s entre acad\u00e9micos y estudiosos de la pol\u00edtica mexicana, la historia nacional misma se ha articulado en torno a las acciones y omisiones de sus protagonistas: los gobernantes. No obstante lo anterior, las camarillas locales hab\u00edan permanecido ocultas tanto a las miradas del lector ocasional como del estudioso,tal vez eclipsadas por la figura de los Ejecutivos Federales fuerte. Con el cambio pol\u00edtico en M\u00e9xico, y con la alternancia en la Presidencia de la Rep\u00fablica, las \u00e9lites locales se revelan como redes del sistema pol\u00edtico que producen y transforman las pr\u00e1cticas que a nivel federal se hab\u00edan configurado por d\u00e9cadas, pero con una especificidad que amerita el abordaje de cada grupo pol\u00edtico en las entidades federativas. Aunado a lo anterior, la ruptura de la l\u00ednea de disciplina de los gobernadores hacia el presidente de la Rep\u00fablica coloca a los integrantes de las \u00e9lites locales como actores de primer nivel en el escenario pol\u00edtico nacional. En este libro, Tania Libertad Camal-Cheluja busca abrir paso en la explicaci\u00f3n sobre la formaci\u00f3n y transformaci\u00f3n de la \u00e9lite pol\u00edtica quintanarroense. Desde la Sociolog\u00eda Pol\u00edtica y con el apoyo de entrevistas de Historia Oral, da cuenta de las caracter\u00edsticas de los actores pol\u00edticos locales, aplica las din\u00e1micas de transmisi\u00f3n del poder entre los integrantes del grupo pol\u00edtico, as\u00ed como de las estrategias desplegadas para conservar su posici\u00f3n en Quintana Roo. El prop\u00f3sito de la autora es analizar la formaci\u00f3n de la \u00e9lite nativista quintanarroense, sus estrategias pol\u00edticas formales e informales para mantener su influencia en las instituciones estatales en un contexto local caracterizado por el surgimiento de nuevas fuerzas pol\u00edticas, y en un ambiente nacional de democratizaci\u00f3n y cambio pol\u00edtico.<\/p>\n","protected":false},"excerpt":{"rendered":"<p>Camal-Cheluja, Tania Libertad,2013<\/p>\n","protected":false},"featured_media":1085,"comment_status":"closed","ping_status":"closed","template":"","meta":[],"product_brand":[],"product_cat":[186,369],"product_tag":[746],"class_list":{"0":"post-761","1":"product","2":"type-product","3":"status-publish","4":"has-post-thumbnail","6":"product_cat-politica","7":"product_cat-politica-y-gobierno","8":"product_tag-politica","10":"first","11":"instock","12":"shipping-taxable","13":"purchasable","14":"product-type-simple"},"jetpack_sharing_enabled":true,"_links":{"self":[{"href":"https:\/\/libreriabonilla.com.mx\/index.php\/wp-json\/wp\/v2\/product\/761","targetHints":{"allow":["GET"]}}],"collection":[{"href":"https:\/\/libreriabonilla.com.mx\/index.php\/wp-json\/wp\/v2\/product"}],"about":[{"href":"https:\/\/libreriabonilla.com.mx\/index.php\/wp-json\/wp\/v2\/types\/product"}],"replies":[{"embeddable":true,"href":"https:\/\/libreriabonilla.com.mx\/index.php\/wp-json\/wp\/v2\/comments?post=761"}],"wp:featuredmedia":[{"embeddable":true,"href":"https:\/\/libreriabonilla.com.mx\/index.php\/wp-json\/wp\/v2\/media\/1085"}],"wp:attachment":[{"href":"https:\/\/libreriabonilla.com.mx\/index.php\/wp-json\/wp\/v2\/media?parent=761"}],"wp:term":[{"taxonomy":"product_brand","embeddable":true,"href":"https:\/\/libreriabonilla.com.mx\/index.php\/wp-json\/wp\/v2\/product_brand?post=761"},{"taxonomy":"product_cat","embeddable":true,"href":"https:\/\/libreriabonilla.com.mx\/index.php\/wp-json\/wp\/v2\/product_cat?post=761"},{"taxonomy":"product_tag","embeddable":true,"href":"https:\/\/libreriabonilla.com.mx\/index.php\/wp-json\/wp\/v2\/product_tag?post=761"}],"curies":[{"name":"wp","href":"https:\/\/api.w.org\/{rel}","templated":true}]}}