{"id":760,"date":"2026-04-21T22:23:04","date_gmt":"2026-04-22T01:53:04","guid":{"rendered":"https:\/\/libreriabonilla.com.mx\/?post_type=product&#038;p=760"},"modified":"2026-05-11T21:43:18","modified_gmt":"2026-05-12T01:13:18","slug":"arte-y-vocabulario-del-idioma-huasteco-1711","status":"publish","type":"product","link":"https:\/\/libreriabonilla.com.mx\/index.php\/producto\/arte-y-vocabulario-del-idioma-huasteco-1711\/","title":{"rendered":"Arte y vocabulario del idioma huasteco (1711)"},"content":{"rendered":"<p>Este ensayo de Seberino Bernardo de Quir\u00f3s constituye la obra gramatical y lexicogr\u00e1fica m\u00e1s antigua sobre el huasteco, la \u00fanica lengua maya hablada en la zona central de M\u00e9xico, lejos de cualquier otro idioma de su familia. Precisamente por este desarrollo independiente, el estudio del huasteco reviste especial inter\u00e9s en el \u00e1mbito de los estudios mayas. La Huasteca fue conquistada por Hern\u00e1n Cort\u00e9s para la Corona espa\u00f1ola, y este grupo \u00e9tnico compart\u00eda ya entonces el territorio con los nahuas. El manuscrito de Quir\u00f3s, in\u00e9dito hasta ahora, se daba por perdido desde la segunda mitad del siglo xix. S\u00f3lo se sab\u00eda de su existencia por la menci\u00f3n que de \u00e9l se hac\u00eda en la bibliograf\u00eda de Vi\u00f1aza. El original fue descubierto por casualidad entre los materiales que integran el legado de Walter Lehmann en la Biblioteca del Instituto Ibero-Americano. El contenido de la obra permaneci\u00f3 en total oscuridad, y en toda menci\u00f3n ulterior se lamentaba la p\u00e9rdida d este trabajo que ahora, por fin ha podido dar a la imprenta. Su descubrimiento es un ejemplo feliz de la coincidencia del trabajo bibliotecario y archiv\u00edstico en el que, de manera inesperada, se sostiene en las manos una carpeta cuyo contenido resulta ser un verdadero hallazgo.<\/p>\n","protected":false},"excerpt":{"rendered":"<p>Bernardo de Quiros Seberino,2013<\/p>\n","protected":false},"featured_media":906,"comment_status":"closed","ping_status":"closed","template":"","meta":[],"product_brand":[],"product_cat":[31,320],"product_tag":[128,615,321],"class_list":{"0":"post-760","1":"product","2":"type-product","3":"status-publish","4":"has-post-thumbnail","6":"product_cat-ensayo","7":"product_cat-linguistica","8":"product_tag-ensayo","9":"product_tag-idioma","10":"product_tag-linguisticay-comunicacion","12":"first","13":"instock","14":"shipping-taxable","15":"purchasable","16":"product-type-simple"},"jetpack_sharing_enabled":true,"_links":{"self":[{"href":"https:\/\/libreriabonilla.com.mx\/index.php\/wp-json\/wp\/v2\/product\/760","targetHints":{"allow":["GET"]}}],"collection":[{"href":"https:\/\/libreriabonilla.com.mx\/index.php\/wp-json\/wp\/v2\/product"}],"about":[{"href":"https:\/\/libreriabonilla.com.mx\/index.php\/wp-json\/wp\/v2\/types\/product"}],"replies":[{"embeddable":true,"href":"https:\/\/libreriabonilla.com.mx\/index.php\/wp-json\/wp\/v2\/comments?post=760"}],"wp:featuredmedia":[{"embeddable":true,"href":"https:\/\/libreriabonilla.com.mx\/index.php\/wp-json\/wp\/v2\/media\/906"}],"wp:attachment":[{"href":"https:\/\/libreriabonilla.com.mx\/index.php\/wp-json\/wp\/v2\/media?parent=760"}],"wp:term":[{"taxonomy":"product_brand","embeddable":true,"href":"https:\/\/libreriabonilla.com.mx\/index.php\/wp-json\/wp\/v2\/product_brand?post=760"},{"taxonomy":"product_cat","embeddable":true,"href":"https:\/\/libreriabonilla.com.mx\/index.php\/wp-json\/wp\/v2\/product_cat?post=760"},{"taxonomy":"product_tag","embeddable":true,"href":"https:\/\/libreriabonilla.com.mx\/index.php\/wp-json\/wp\/v2\/product_tag?post=760"}],"curies":[{"name":"wp","href":"https:\/\/api.w.org\/{rel}","templated":true}]}}