{"id":759,"date":"2026-04-21T22:23:04","date_gmt":"2026-04-22T01:53:04","guid":{"rendered":"https:\/\/libreriabonilla.com.mx\/?post_type=product&#038;p=759"},"modified":"2026-05-11T21:44:13","modified_gmt":"2026-05-12T01:14:13","slug":"espacio-y-tiempo-de-fiestas-en-nueva-espana-1665-1760","status":"publish","type":"product","link":"https:\/\/libreriabonilla.com.mx\/index.php\/producto\/espacio-y-tiempo-de-fiestas-en-nueva-espana-1665-1760\/","title":{"rendered":"Espacio y tiempo de fiestas en Nueva Espa\u00f1a (1665-1760)"},"content":{"rendered":"<p>El libro presenta un an\u00e1lisis de la fiesta en Nueva Espa\u00f1a, en los a\u00f1os finales del Barroco, como una forma de teatralizaci\u00f3n del espacio urbano, extraordinaria y ef\u00edmera por definici\u00f3n. El marco temporal abarca desde el reinado de Carlos II hasta 1760, a\u00f1o en el que Agust\u00edn de Ahumada y Villal\u00f3n, marqu\u00e9s de las Amarillas y \u00faltimo de los virreyes nombrados por Felipe V, deja su cargo. Es un tiempo marcado por sor Juana In\u00e9s de la Cruz y otras figuras estelares como Carlos de Sig\u00fcenza y G\u00f3ngora. Son tambi\u00e9n a\u00f1os cruciales en la configuraci\u00f3n y desarrollo de una cultura literaria marcada ya plenamente por el auge de la conciencia criolla. Un periodo, adem\u00e1s, en el que el fasto responde a la espectacularidad propia del Barroco, que lo impregna todo de una teatralidad desbordada. Desde esta convenci\u00f3n de lo festivo, el libro se orienta hacia las relaciones entre teatro y poder en Nueva Espa\u00f1a e incorpora la edici\u00f3n cr\u00edtica de varios textos alusivos.<\/p>\n","protected":false},"excerpt":{"rendered":"<p>Farr\u00e9 Vidal, Judith,2013<\/p>\n","protected":false},"featured_media":905,"comment_status":"closed","ping_status":"closed","template":"","meta":[],"product_brand":[],"product_cat":[570],"product_tag":[613],"class_list":{"0":"post-759","1":"product","2":"type-product","3":"status-publish","4":"has-post-thumbnail","6":"product_cat-teatro","7":"product_tag-barroco","9":"first","10":"instock","11":"shipping-taxable","12":"purchasable","13":"product-type-simple"},"jetpack_sharing_enabled":true,"_links":{"self":[{"href":"https:\/\/libreriabonilla.com.mx\/index.php\/wp-json\/wp\/v2\/product\/759","targetHints":{"allow":["GET"]}}],"collection":[{"href":"https:\/\/libreriabonilla.com.mx\/index.php\/wp-json\/wp\/v2\/product"}],"about":[{"href":"https:\/\/libreriabonilla.com.mx\/index.php\/wp-json\/wp\/v2\/types\/product"}],"replies":[{"embeddable":true,"href":"https:\/\/libreriabonilla.com.mx\/index.php\/wp-json\/wp\/v2\/comments?post=759"}],"wp:featuredmedia":[{"embeddable":true,"href":"https:\/\/libreriabonilla.com.mx\/index.php\/wp-json\/wp\/v2\/media\/905"}],"wp:attachment":[{"href":"https:\/\/libreriabonilla.com.mx\/index.php\/wp-json\/wp\/v2\/media?parent=759"}],"wp:term":[{"taxonomy":"product_brand","embeddable":true,"href":"https:\/\/libreriabonilla.com.mx\/index.php\/wp-json\/wp\/v2\/product_brand?post=759"},{"taxonomy":"product_cat","embeddable":true,"href":"https:\/\/libreriabonilla.com.mx\/index.php\/wp-json\/wp\/v2\/product_cat?post=759"},{"taxonomy":"product_tag","embeddable":true,"href":"https:\/\/libreriabonilla.com.mx\/index.php\/wp-json\/wp\/v2\/product_tag?post=759"}],"curies":[{"name":"wp","href":"https:\/\/api.w.org\/{rel}","templated":true}]}}