{"id":758,"date":"2026-04-21T22:23:04","date_gmt":"2026-04-22T01:53:04","guid":{"rendered":"https:\/\/libreriabonilla.com.mx\/?post_type=product&#038;p=758"},"modified":"2026-05-12T16:30:07","modified_gmt":"2026-05-12T20:00:07","slug":"homo-ludens-en-la-revolucion-una-lectura-de-nellie-campobello","status":"publish","type":"product","link":"https:\/\/libreriabonilla.com.mx\/index.php\/producto\/homo-ludens-en-la-revolucion-una-lectura-de-nellie-campobello\/","title":{"rendered":"Homo ludens en la Revoluci\u00f3n. Una lectura de Nellie Campobello"},"content":{"rendered":"<p>An\u00e1lisis de la obra de Nellie Campobello (1900-1986) partiendo de las ideas propuestas por Johan Huizinga en \u00abHomo ludens\u00bb (1938).<br \/>\nEn este libro se revisa la obra de esta escritora y bailarina mexicana, partiendo de las ideas propuestas por Huizinga. El an\u00e1lisis se centra en los textos que escribi\u00f3 en primera persona: Cartucho (1931), Las manos de mam\u00e1 (1937) y el \u00abPr\u00f3logo\u00bb autobiogr\u00e1fico con el que introdujo su obra reunida en 1960, as\u00ed como los poemas que escribi\u00f3 al principio y final de su carrera, el libro que dedic\u00f3 a Pancho Villa y el texto que public\u00f3 con su hermana Gloria sobre los Ritmos indigenas de M\u00e9xico.<\/p>\n","protected":false},"excerpt":{"rendered":"<p>Vanden Berghe, Kristine,2013<\/p>\n","protected":false},"featured_media":966,"comment_status":"closed","ping_status":"closed","template":"","meta":[],"product_brand":[],"product_cat":[72],"product_tag":[747,611],"class_list":{"0":"post-758","1":"product","2":"type-product","3":"status-publish","4":"has-post-thumbnail","6":"product_cat-literatura","7":"product_tag-nellie-campobello","8":"product_tag-revolucion","10":"first","11":"instock","12":"shipping-taxable","13":"purchasable","14":"product-type-simple"},"jetpack_sharing_enabled":true,"_links":{"self":[{"href":"https:\/\/libreriabonilla.com.mx\/index.php\/wp-json\/wp\/v2\/product\/758","targetHints":{"allow":["GET"]}}],"collection":[{"href":"https:\/\/libreriabonilla.com.mx\/index.php\/wp-json\/wp\/v2\/product"}],"about":[{"href":"https:\/\/libreriabonilla.com.mx\/index.php\/wp-json\/wp\/v2\/types\/product"}],"replies":[{"embeddable":true,"href":"https:\/\/libreriabonilla.com.mx\/index.php\/wp-json\/wp\/v2\/comments?post=758"}],"wp:featuredmedia":[{"embeddable":true,"href":"https:\/\/libreriabonilla.com.mx\/index.php\/wp-json\/wp\/v2\/media\/966"}],"wp:attachment":[{"href":"https:\/\/libreriabonilla.com.mx\/index.php\/wp-json\/wp\/v2\/media?parent=758"}],"wp:term":[{"taxonomy":"product_brand","embeddable":true,"href":"https:\/\/libreriabonilla.com.mx\/index.php\/wp-json\/wp\/v2\/product_brand?post=758"},{"taxonomy":"product_cat","embeddable":true,"href":"https:\/\/libreriabonilla.com.mx\/index.php\/wp-json\/wp\/v2\/product_cat?post=758"},{"taxonomy":"product_tag","embeddable":true,"href":"https:\/\/libreriabonilla.com.mx\/index.php\/wp-json\/wp\/v2\/product_tag?post=758"}],"curies":[{"name":"wp","href":"https:\/\/api.w.org\/{rel}","templated":true}]}}