{"id":757,"date":"2026-04-21T22:23:04","date_gmt":"2026-04-22T01:53:04","guid":{"rendered":"https:\/\/libreriabonilla.com.mx\/?post_type=product&#038;p=757"},"modified":"2026-05-12T17:23:59","modified_gmt":"2026-05-12T20:53:59","slug":"los-sirgueros-de-la-virgen-sin-original-pecado","status":"publish","type":"product","link":"https:\/\/libreriabonilla.com.mx\/index.php\/producto\/los-sirgueros-de-la-virgen-sin-original-pecado\/","title":{"rendered":"Los sirgueros de la Virgen sin original pecado"},"content":{"rendered":"<p>Edici\u00f3n, por primera vez \u00edntegra, de esta novela pastoril, una de las primeras en su g\u00e9nero de la Nueva Espa\u00f1a, original de 1620, y que tiene por tem\u00e1tica la defensa del dogma inmaculista. La edici\u00f3n se completa con un amplio estudio introductorio.<\/p>\n<p>Cuando Francisco Bram\u00f3n publica la novela pastoril Los Sirgueros de la Virgen sin original pecado (M\u00e9xico, 1620) ya la Nueva Espa\u00f1a contaba con otro precedente ilustre en el g\u00e9nero: Siglo de Oro en las selvas de Er\u00edfile (1608) de Bernardo de Balbuena.<br \/>\nAhora bien, la intencionalidad de una y otra obra es muy diferente, ya que no ser\u00eda desacertado si dij\u00e9ramos que la novela de Bram\u00f3n es la \u00fanica novela pastoril divinizada de las letras novohispanas; al menos no se conoce ninguna otra hasta la fecha. En el caso de Bram\u00f3n los pastores que recorren los \u00abjardines mexicanos\u00bb son devotos defensores de la \u00abinmaculada concepci\u00f3n\u00bb de Mar\u00eda y sobre esa tem\u00e1tica, de total actualidad en aquellos a\u00f1os, gira toda la novela, que transcurre en los d\u00edas previos a la celebraci\u00f3n de la festividad inmaculista. Esta es la primera vez que se publica la novela \u00edntegra.<\/p>\n","protected":false},"excerpt":{"rendered":"<p>Bram\u00f3n, Francisco ,2013<\/p>\n","protected":false},"featured_media":882,"comment_status":"closed","ping_status":"closed","template":"","meta":[],"product_brand":[],"product_cat":[320,126],"product_tag":[605],"class_list":{"0":"post-757","1":"product","2":"type-product","3":"status-publish","4":"has-post-thumbnail","6":"product_cat-linguistica","7":"product_cat-literatura-latinoamericana","8":"product_tag-literatura","10":"first","11":"instock","12":"shipping-taxable","13":"purchasable","14":"product-type-simple"},"jetpack_sharing_enabled":true,"_links":{"self":[{"href":"https:\/\/libreriabonilla.com.mx\/index.php\/wp-json\/wp\/v2\/product\/757","targetHints":{"allow":["GET"]}}],"collection":[{"href":"https:\/\/libreriabonilla.com.mx\/index.php\/wp-json\/wp\/v2\/product"}],"about":[{"href":"https:\/\/libreriabonilla.com.mx\/index.php\/wp-json\/wp\/v2\/types\/product"}],"replies":[{"embeddable":true,"href":"https:\/\/libreriabonilla.com.mx\/index.php\/wp-json\/wp\/v2\/comments?post=757"}],"wp:featuredmedia":[{"embeddable":true,"href":"https:\/\/libreriabonilla.com.mx\/index.php\/wp-json\/wp\/v2\/media\/882"}],"wp:attachment":[{"href":"https:\/\/libreriabonilla.com.mx\/index.php\/wp-json\/wp\/v2\/media?parent=757"}],"wp:term":[{"taxonomy":"product_brand","embeddable":true,"href":"https:\/\/libreriabonilla.com.mx\/index.php\/wp-json\/wp\/v2\/product_brand?post=757"},{"taxonomy":"product_cat","embeddable":true,"href":"https:\/\/libreriabonilla.com.mx\/index.php\/wp-json\/wp\/v2\/product_cat?post=757"},{"taxonomy":"product_tag","embeddable":true,"href":"https:\/\/libreriabonilla.com.mx\/index.php\/wp-json\/wp\/v2\/product_tag?post=757"}],"curies":[{"name":"wp","href":"https:\/\/api.w.org\/{rel}","templated":true}]}}