{"id":756,"date":"2026-04-21T22:23:04","date_gmt":"2026-04-22T01:53:04","guid":{"rendered":"https:\/\/libreriabonilla.com.mx\/?post_type=product&#038;p=756"},"modified":"2026-05-12T17:25:25","modified_gmt":"2026-05-12T20:55:25","slug":"profecia-y-triunfo","status":"publish","type":"product","link":"https:\/\/libreriabonilla.com.mx\/index.php\/producto\/profecia-y-triunfo\/","title":{"rendered":"Profecia y triunfo"},"content":{"rendered":"<p>La Casa del De\u00e1n, en Puebla de los \u00c1ngeles, es un monumento excepcional de la cultura novohispana y americana de fines del siglo XVI, cuyos murales reproducen tanto una cabalgata de la Sinagoga con Sibilas como escenas de los Trionfi de Petrarca. El singular programa pict\u00f3rico que presentan se caracteriza por el sincretismo de elementos ind\u00edgenas con temas europeos.<\/p>\n<p>El presente volumen re\u00fane una serie de art\u00edculos que estudian tanto los murales, su historia y su valor art\u00edstico como la vida y redes intelectuales del tercer de\u00e1n de Tlaxcala don Tom\u00e1s de la Plaza Goes (1519-1587), presentando para ello documentos in\u00e9ditos. Desde una perspectiva interdisciplinaria, nutrida del \u201cpluralismo hist\u00f3rico\u201d que propugnara Kristeller, se ha buscado hacer un aporte y ofrecer un compendio del conocimiento actual sobre la Casa del De\u00e1n, emblema del alto nivel que el arte hab\u00eda alcanzado en la Nueva Espa\u00f1a de fines del siglo XVI. La edici\u00f3n incluye, adem\u00e1s, desplegables de los murales restaurados, una serie de fotos de los murales en su anterior estado, ilustraciones comparativas con ejemplos occidentales e ind\u00edgenas junto con dibujos de plantas y un alzado.<\/p>\n","protected":false},"excerpt":{"rendered":"<p>Helga von K\u00fcgelgen,2013<\/p>\n","protected":false},"featured_media":1276,"comment_status":"closed","ping_status":"closed","template":"","meta":[],"product_brand":[],"product_cat":[326,66],"product_tag":[704,749,748],"class_list":{"0":"post-756","1":"product","2":"type-product","3":"status-publish","4":"has-post-thumbnail","6":"product_cat-arquitectura","7":"product_cat-arte","8":"product_tag-arte","9":"product_tag-arte-novohispano","10":"product_tag-pintura","12":"first","13":"instock","14":"shipping-taxable","15":"purchasable","16":"product-type-simple"},"jetpack_sharing_enabled":true,"_links":{"self":[{"href":"https:\/\/libreriabonilla.com.mx\/index.php\/wp-json\/wp\/v2\/product\/756","targetHints":{"allow":["GET"]}}],"collection":[{"href":"https:\/\/libreriabonilla.com.mx\/index.php\/wp-json\/wp\/v2\/product"}],"about":[{"href":"https:\/\/libreriabonilla.com.mx\/index.php\/wp-json\/wp\/v2\/types\/product"}],"replies":[{"embeddable":true,"href":"https:\/\/libreriabonilla.com.mx\/index.php\/wp-json\/wp\/v2\/comments?post=756"}],"wp:featuredmedia":[{"embeddable":true,"href":"https:\/\/libreriabonilla.com.mx\/index.php\/wp-json\/wp\/v2\/media\/1276"}],"wp:attachment":[{"href":"https:\/\/libreriabonilla.com.mx\/index.php\/wp-json\/wp\/v2\/media?parent=756"}],"wp:term":[{"taxonomy":"product_brand","embeddable":true,"href":"https:\/\/libreriabonilla.com.mx\/index.php\/wp-json\/wp\/v2\/product_brand?post=756"},{"taxonomy":"product_cat","embeddable":true,"href":"https:\/\/libreriabonilla.com.mx\/index.php\/wp-json\/wp\/v2\/product_cat?post=756"},{"taxonomy":"product_tag","embeddable":true,"href":"https:\/\/libreriabonilla.com.mx\/index.php\/wp-json\/wp\/v2\/product_tag?post=756"}],"curies":[{"name":"wp","href":"https:\/\/api.w.org\/{rel}","templated":true}]}}