{"id":755,"date":"2026-04-21T22:23:04","date_gmt":"2026-04-22T01:53:04","guid":{"rendered":"https:\/\/libreriabonilla.com.mx\/?post_type=product&#038;p=755"},"modified":"2026-05-12T17:26:43","modified_gmt":"2026-05-12T20:56:43","slug":"vida-de-la-venerable-madre-isabel-de-la-encarnacion","status":"publish","type":"product","link":"https:\/\/libreriabonilla.com.mx\/index.php\/producto\/vida-de-la-venerable-madre-isabel-de-la-encarnacion\/","title":{"rendered":"Vida de la venerable madre Isabel de la Encarnaci\u00f3n"},"content":{"rendered":"<p>La vida de la venerable madre Isabel de la Encarnaci\u00f3n escrita por el licenciado y presb\u00edtero Pedro Salmer\u00f3n, combina los \u00faltimos paroxismos de lo imaginario medieval y el misticismo espa\u00f1ol en una de las primeras hagiograf\u00edas femeninas del Nuevo Mundo.<br \/>\nNacida en la Puebla de los \u00c1ngeles en 1594, cuando muri\u00f3, en 1633, las exequias reunieron \u00abuno de los mayores y m\u00e1s l\u00facidos auditorios que se han visto en esta tierra\u00bb.<br \/>\nCuando Isabel de la Encarnaci\u00f3n muri\u00f3 el \u00ablunes postrero de febrero, a\u00f1o de mil y seiscientos y treinta y tres\u00bb, la Catedral de Puebla se alborot\u00f3 tanto que no hab\u00eda espacio cuando el Cabildo Eclesi\u00e1stico lleg\u00f3 para hacer las exequias, pues -como dictamina el licenciado Salmer\u00f3n- \u00abFue uno de los mayores y m\u00e1s lucidos auditorios que se han visto en esta tierra y dec\u00edan personas graves que parec\u00eda concurso de Madrid\u00bb (p.296). No obstante, Isabel de la Encarnaci\u00f3n era de Puebla y, justamente por ese motivo, el autor la celebr\u00f3 como un ejemplo a emular. Incluso alude a la posibilidad de que pudiera inspirar a los otros fieles poblanos porque era \u00abuno de nuestra misma patria\u00bb, y, por esto, podr\u00eda servir para \u00abdesperar nuestra tibieza y flojedad\u00bb (p.298). Adem\u00e1s, tan excelso ejemplo de la espectacularidad de la vida de la carmelita descalza es s\u00f3lo uno m\u00e1s de un largo, expl\u00edcito, relato \u00e9pico de las haza\u00f1as espirituales de esta monja.<\/p>\n","protected":false},"excerpt":{"rendered":"<p>Salmer\u00f3n, Pedro,2013<\/p>\n","protected":false},"featured_media":980,"comment_status":"closed","ping_status":"closed","template":"","meta":[],"product_brand":[],"product_cat":[113,70],"product_tag":[446,608,606],"class_list":{"0":"post-755","1":"product","2":"type-product","3":"status-publish","4":"has-post-thumbnail","6":"product_cat-biografia","7":"product_cat-historia","8":"product_tag-historia","9":"product_tag-iglesia","10":"product_tag-religion","12":"first","13":"instock","14":"shipping-taxable","15":"purchasable","16":"product-type-simple"},"jetpack_sharing_enabled":true,"_links":{"self":[{"href":"https:\/\/libreriabonilla.com.mx\/index.php\/wp-json\/wp\/v2\/product\/755","targetHints":{"allow":["GET"]}}],"collection":[{"href":"https:\/\/libreriabonilla.com.mx\/index.php\/wp-json\/wp\/v2\/product"}],"about":[{"href":"https:\/\/libreriabonilla.com.mx\/index.php\/wp-json\/wp\/v2\/types\/product"}],"replies":[{"embeddable":true,"href":"https:\/\/libreriabonilla.com.mx\/index.php\/wp-json\/wp\/v2\/comments?post=755"}],"wp:featuredmedia":[{"embeddable":true,"href":"https:\/\/libreriabonilla.com.mx\/index.php\/wp-json\/wp\/v2\/media\/980"}],"wp:attachment":[{"href":"https:\/\/libreriabonilla.com.mx\/index.php\/wp-json\/wp\/v2\/media?parent=755"}],"wp:term":[{"taxonomy":"product_brand","embeddable":true,"href":"https:\/\/libreriabonilla.com.mx\/index.php\/wp-json\/wp\/v2\/product_brand?post=755"},{"taxonomy":"product_cat","embeddable":true,"href":"https:\/\/libreriabonilla.com.mx\/index.php\/wp-json\/wp\/v2\/product_cat?post=755"},{"taxonomy":"product_tag","embeddable":true,"href":"https:\/\/libreriabonilla.com.mx\/index.php\/wp-json\/wp\/v2\/product_tag?post=755"}],"curies":[{"name":"wp","href":"https:\/\/api.w.org\/{rel}","templated":true}]}}