{"id":754,"date":"2026-04-21T22:23:04","date_gmt":"2026-04-22T01:53:04","guid":{"rendered":"https:\/\/libreriabonilla.com.mx\/?post_type=product&#038;p=754"},"modified":"2026-05-12T17:28:07","modified_gmt":"2026-05-12T20:58:07","slug":"de-persefone-a-pussycat-voz-e-identidad-en-la-poesia-de-margaret-atwood","status":"publish","type":"product","link":"https:\/\/libreriabonilla.com.mx\/index.php\/producto\/de-persefone-a-pussycat-voz-e-identidad-en-la-poesia-de-margaret-atwood\/","title":{"rendered":"De pers\u00e9fone a Pussycat. Voz e identidad en la poes\u00eda de Margaret Atwood"},"content":{"rendered":"<p>La obra de la escritora Margaret Atwood ha sido estudiada desde una serie de perspectivas muy espec\u00edficas, sobre todo la feminista y la de estudios canadienses. El prop\u00f3sito de este libro es analizar su trabajo desde una perspectiva m\u00e1s amplia, que intenta explorar las caracter\u00edsticas de la voz, o voces, que emergen de sus poemas, as\u00ed como del yo po\u00e9tico que se va configurando en sus obras, todo ello ligado al tema de la identidad. Como tambi\u00e9n se busca estudiar como visualiza Atwood el papel de la poeta y la naturaleza de la poes\u00eda en su propia producci\u00f3n literaria. Esta perspectiva resulta enriquecedora, ya que permite una apreciaci\u00f3n m\u00e1s completa de Atwood, implicar\u00e1 reflexionar acerca de la poes\u00eda y los poetas en nuestro tiempo, y obligar\u00e1 tambi\u00e9n a considerar la validez y la posibilidad de leer y apreciar a una poeta de habla inglesa desde una perspectiva no canadiense.<\/p>\n<p>Para poder trabajar a profundidad estos elementos la autora considera central estudiar la obra de Atwood desde cuatro aspectos que la marcan de manera inconfundible: la tradici\u00f3n po\u00e9tica de lengua inglesa, la identidad canadiense, los estudios poscoloniales y de genero y la poes\u00eda contempor\u00e1nea.<\/p>\n","protected":false},"excerpt":{"rendered":"<p>Lucotti, Claudia,2013<\/p>\n","protected":false},"featured_media":1035,"comment_status":"closed","ping_status":"closed","template":"","meta":[],"product_brand":[],"product_cat":[72,85],"product_tag":[584,750],"class_list":{"0":"post-754","1":"product","2":"type-product","3":"status-publish","4":"has-post-thumbnail","6":"product_cat-literatura","7":"product_cat-poesia","8":"product_tag-literatura-mexicana","9":"product_tag-poesia","11":"first","12":"instock","13":"shipping-taxable","14":"purchasable","15":"product-type-simple"},"jetpack_sharing_enabled":true,"_links":{"self":[{"href":"https:\/\/libreriabonilla.com.mx\/index.php\/wp-json\/wp\/v2\/product\/754","targetHints":{"allow":["GET"]}}],"collection":[{"href":"https:\/\/libreriabonilla.com.mx\/index.php\/wp-json\/wp\/v2\/product"}],"about":[{"href":"https:\/\/libreriabonilla.com.mx\/index.php\/wp-json\/wp\/v2\/types\/product"}],"replies":[{"embeddable":true,"href":"https:\/\/libreriabonilla.com.mx\/index.php\/wp-json\/wp\/v2\/comments?post=754"}],"wp:featuredmedia":[{"embeddable":true,"href":"https:\/\/libreriabonilla.com.mx\/index.php\/wp-json\/wp\/v2\/media\/1035"}],"wp:attachment":[{"href":"https:\/\/libreriabonilla.com.mx\/index.php\/wp-json\/wp\/v2\/media?parent=754"}],"wp:term":[{"taxonomy":"product_brand","embeddable":true,"href":"https:\/\/libreriabonilla.com.mx\/index.php\/wp-json\/wp\/v2\/product_brand?post=754"},{"taxonomy":"product_cat","embeddable":true,"href":"https:\/\/libreriabonilla.com.mx\/index.php\/wp-json\/wp\/v2\/product_cat?post=754"},{"taxonomy":"product_tag","embeddable":true,"href":"https:\/\/libreriabonilla.com.mx\/index.php\/wp-json\/wp\/v2\/product_tag?post=754"}],"curies":[{"name":"wp","href":"https:\/\/api.w.org\/{rel}","templated":true}]}}