{"id":753,"date":"2026-04-21T22:23:04","date_gmt":"2026-04-22T01:53:04","guid":{"rendered":"https:\/\/libreriabonilla.com.mx\/?post_type=product&#038;p=753"},"modified":"2026-05-12T17:29:36","modified_gmt":"2026-05-12T20:59:36","slug":"amigos-de-sor-juana-sexteto-biografico","status":"publish","type":"product","link":"https:\/\/libreriabonilla.com.mx\/index.php\/producto\/amigos-de-sor-juana-sexteto-biografico\/","title":{"rendered":"Amigos de Sor Juana. Sexteto biogr\u00e1fico"},"content":{"rendered":"<p>El autor nos presenta seis rigurosos estudios sobre igual n\u00famero de personajes que influyeron notablemente en la vida de sor Juana, aunque de diversa manera; mientras unos la alentaron a seguir sus inquietudes intelectuales y creadoras, otros intentaron fortalecer su vocaci\u00f3n religiosa.<br \/>\nEsta obra incorpora textos poco conocidos relacionados con Juan de Guevara, Antonio N\u00fa\u00f1ez de Miranda, Diego Calleja, Manuel Fern\u00e1ndez de Santa Cruz , Juan Ignacio de Castorena y Dorothy Schons, la primera sorjuanista. Tres de estos textos han sido rescatados por el Dr. Schmidhuber de la Mora, quien es tambi\u00e9n el editor moderno de dos m\u00e1s de ellos.<br \/>\nUna apasionante visi\u00f3n del mundo de la cultura novohispana y espa\u00f1ola del siglo XVIII, donde cr\u00edticas y descalificaciones entre escritores conviven con el respeto y la admiraci\u00f3n por el trabajo de sor Juana In\u00e9s de la Cruz.<\/p>\n","protected":false},"excerpt":{"rendered":"<p>Schmidhuber de la Mora, Guillermo,2014<\/p>\n","protected":false},"featured_media":898,"comment_status":"closed","ping_status":"closed","template":"","meta":[],"product_brand":[],"product_cat":[113,70,331],"product_tag":[446,709,751],"class_list":{"0":"post-753","1":"product","2":"type-product","3":"status-publish","4":"has-post-thumbnail","6":"product_cat-biografia","7":"product_cat-historia","8":"product_cat-historia-de-mexico","9":"product_tag-historia","10":"product_tag-historia-de-mexico","11":"product_tag-sor-juana","13":"first","14":"instock","15":"shipping-taxable","16":"purchasable","17":"product-type-simple"},"jetpack_sharing_enabled":true,"_links":{"self":[{"href":"https:\/\/libreriabonilla.com.mx\/index.php\/wp-json\/wp\/v2\/product\/753","targetHints":{"allow":["GET"]}}],"collection":[{"href":"https:\/\/libreriabonilla.com.mx\/index.php\/wp-json\/wp\/v2\/product"}],"about":[{"href":"https:\/\/libreriabonilla.com.mx\/index.php\/wp-json\/wp\/v2\/types\/product"}],"replies":[{"embeddable":true,"href":"https:\/\/libreriabonilla.com.mx\/index.php\/wp-json\/wp\/v2\/comments?post=753"}],"wp:featuredmedia":[{"embeddable":true,"href":"https:\/\/libreriabonilla.com.mx\/index.php\/wp-json\/wp\/v2\/media\/898"}],"wp:attachment":[{"href":"https:\/\/libreriabonilla.com.mx\/index.php\/wp-json\/wp\/v2\/media?parent=753"}],"wp:term":[{"taxonomy":"product_brand","embeddable":true,"href":"https:\/\/libreriabonilla.com.mx\/index.php\/wp-json\/wp\/v2\/product_brand?post=753"},{"taxonomy":"product_cat","embeddable":true,"href":"https:\/\/libreriabonilla.com.mx\/index.php\/wp-json\/wp\/v2\/product_cat?post=753"},{"taxonomy":"product_tag","embeddable":true,"href":"https:\/\/libreriabonilla.com.mx\/index.php\/wp-json\/wp\/v2\/product_tag?post=753"}],"curies":[{"name":"wp","href":"https:\/\/api.w.org\/{rel}","templated":true}]}}