{"id":751,"date":"2026-04-21T22:23:04","date_gmt":"2026-04-22T01:53:04","guid":{"rendered":"https:\/\/libreriabonilla.com.mx\/?post_type=product&#038;p=751"},"modified":"2026-05-12T17:33:01","modified_gmt":"2026-05-12T21:03:01","slug":"cine-y-frontera-territorios-ilimitados-de-la-mirada","status":"publish","type":"product","link":"https:\/\/libreriabonilla.com.mx\/index.php\/producto\/cine-y-frontera-territorios-ilimitados-de-la-mirada\/","title":{"rendered":"Cine y frontera. Territorios Ilimitados de la mirada"},"content":{"rendered":"<p>Los estudios sobre la frontera, en sus acepciones geogr\u00e1fica y simb\u00f3lica, se han renovado a partir de los a\u00f1os noventa, en parte debido a los cambios sociales generados por la circulaci\u00f3n transnacional de productos culturales y la globalizaci\u00f3n. Desde el \u00e1mbito de los estudios culturales, por ejemplo, se exploran con nuevos ojos temas como el espacio, la migraci\u00f3n, el exilio, la di\u00e1spora, la hibridaci\u00f3n cultural o las nuevas geograf\u00edas, y nos llevan a cuestionar los conceptos tradicionales de Estado y naci\u00f3n.<br \/>\nEn el campo de la investigaci\u00f3n cinematogr\u00e1fica, el concepto de frontera cobra en nuestros d\u00edas una importancia considerable. Desde las perspectivas m\u00e1s amplias hasta los estudios de caso, en este libro se ofrecen diversas visiones, f\u00e9rtiles y heterog\u00e9neas, de su objeto, y abren senderos para posteriores incursiones en el tema.<\/p>\n","protected":false},"excerpt":{"rendered":"<p>Vargas, Juan Carlos ,2014<\/p>\n","protected":false},"featured_media":926,"comment_status":"closed","ping_status":"closed","template":"","meta":[],"product_brand":[],"product_cat":[22],"product_tag":[],"class_list":{"0":"post-751","1":"product","2":"type-product","3":"status-publish","4":"has-post-thumbnail","6":"product_cat-sin-categorizar","8":"first","9":"instock","10":"shipping-taxable","11":"purchasable","12":"product-type-simple"},"jetpack_sharing_enabled":true,"_links":{"self":[{"href":"https:\/\/libreriabonilla.com.mx\/index.php\/wp-json\/wp\/v2\/product\/751","targetHints":{"allow":["GET"]}}],"collection":[{"href":"https:\/\/libreriabonilla.com.mx\/index.php\/wp-json\/wp\/v2\/product"}],"about":[{"href":"https:\/\/libreriabonilla.com.mx\/index.php\/wp-json\/wp\/v2\/types\/product"}],"replies":[{"embeddable":true,"href":"https:\/\/libreriabonilla.com.mx\/index.php\/wp-json\/wp\/v2\/comments?post=751"}],"wp:featuredmedia":[{"embeddable":true,"href":"https:\/\/libreriabonilla.com.mx\/index.php\/wp-json\/wp\/v2\/media\/926"}],"wp:attachment":[{"href":"https:\/\/libreriabonilla.com.mx\/index.php\/wp-json\/wp\/v2\/media?parent=751"}],"wp:term":[{"taxonomy":"product_brand","embeddable":true,"href":"https:\/\/libreriabonilla.com.mx\/index.php\/wp-json\/wp\/v2\/product_brand?post=751"},{"taxonomy":"product_cat","embeddable":true,"href":"https:\/\/libreriabonilla.com.mx\/index.php\/wp-json\/wp\/v2\/product_cat?post=751"},{"taxonomy":"product_tag","embeddable":true,"href":"https:\/\/libreriabonilla.com.mx\/index.php\/wp-json\/wp\/v2\/product_tag?post=751"}],"curies":[{"name":"wp","href":"https:\/\/api.w.org\/{rel}","templated":true}]}}