{"id":750,"date":"2026-04-21T22:23:04","date_gmt":"2026-04-22T01:53:04","guid":{"rendered":"https:\/\/libreriabonilla.com.mx\/?post_type=product&#038;p=750"},"modified":"2026-05-12T17:35:10","modified_gmt":"2026-05-12T21:05:10","slug":"del-arte-pictorico-al-arte-verbal","status":"publish","type":"product","link":"https:\/\/libreriabonilla.com.mx\/index.php\/producto\/del-arte-pictorico-al-arte-verbal\/","title":{"rendered":"Del arte pictorico al arte verbal"},"content":{"rendered":"<p>Adolfo Casta\u00f1\u00f3n nos dice: Las p\u00e1ginas incluidas en este libro prueban la temperatura cr\u00edtica y sensitiva que templaba la escritura del poeta, cr\u00edtico, hombre de letras y tintas que fue el argentino Sa\u00fal Yurki\u00e9vich. Del arte pict\u00f3rico al arte verbal es y no es libro accidental, cada uno de sus textos lo ocasion\u00f3 la urgencia e inmediatez de lo inevitable; el conjunto se ha organizado aqu\u00ed p\u00f3stumamente para dar realidad a un antiguo designio suyo. Es como la pieza que faltaba para dar forma al rompecabezas de su proyecto escritural, el pen\u00faltimo remache que afina los arm\u00f3nicos y les da sentido. Se trata de una gu\u00eda para conocer desde adentro y desde cierta perspectiva adelantada el arte latinoamericano contempor\u00e1neo. Gu\u00eda compuesta por un lazarillo imprescindible que es a la vez rey tuerto y pueblo ciego, monta\u00f1a de letra y marinero de tinta, espectador desde la letra y pintor desviado de la senda evidente de las artes pl\u00e1sticas pero que ha sabido mantener una ley o fiel de la balanza entre la vocaci\u00f3n pict\u00f3rica y la pl\u00e1stica que lo hab\u00eda llamado en un principio pero que en apariencia dej\u00f3 o rode\u00f3 para consagrarse a la po\u00e9tica, cr\u00edtica y literaria.<\/p>\n<p>Las semanas del jard\u00edn -expresi\u00f3n de claro resonar cervantino-reunir\u00e1 en su alacena libros y obras de autores predominantemente americanos, aspira a acotar con su censo editorial un espacio de conversaci\u00f3n, un \u00e1mbito de debate, un territorio de curiosidad y observaci\u00f3n, vigilia cr\u00edtica y amena pausa.<\/p>\n<p>En su reloj y calendario, Las semanas del jard\u00edn ir\u00e1n deslindando una suerte de arsenal de la imaginaci\u00f3n en movimiento y de la palabra que se desdobla en juego y aventura como en estos textos luminosos de Sa\u00fal Yurkievich. Cada volumen buscar\u00e1 responder a una afinidad elegida y electiva, a un acento cordial e inteligente entre el autor, el lector y el editor anfitri\u00f3n que busca lecci\u00f3n en el azar organizado en la letra como quien descubre\u00a0 que la met\u00e1fora es una obra de arte en miniatura.<\/p>\n","protected":false},"excerpt":{"rendered":"<p>Yurkievich, Saul,2014<\/p>\n","protected":false},"featured_media":1101,"comment_status":"closed","ping_status":"closed","template":"","meta":[],"product_brand":[],"product_cat":[72],"product_tag":[605],"class_list":{"0":"post-750","1":"product","2":"type-product","3":"status-publish","4":"has-post-thumbnail","6":"product_cat-literatura","7":"product_tag-literatura","9":"first","10":"instock","11":"shipping-taxable","12":"purchasable","13":"product-type-simple"},"jetpack_sharing_enabled":true,"_links":{"self":[{"href":"https:\/\/libreriabonilla.com.mx\/index.php\/wp-json\/wp\/v2\/product\/750","targetHints":{"allow":["GET"]}}],"collection":[{"href":"https:\/\/libreriabonilla.com.mx\/index.php\/wp-json\/wp\/v2\/product"}],"about":[{"href":"https:\/\/libreriabonilla.com.mx\/index.php\/wp-json\/wp\/v2\/types\/product"}],"replies":[{"embeddable":true,"href":"https:\/\/libreriabonilla.com.mx\/index.php\/wp-json\/wp\/v2\/comments?post=750"}],"wp:featuredmedia":[{"embeddable":true,"href":"https:\/\/libreriabonilla.com.mx\/index.php\/wp-json\/wp\/v2\/media\/1101"}],"wp:attachment":[{"href":"https:\/\/libreriabonilla.com.mx\/index.php\/wp-json\/wp\/v2\/media?parent=750"}],"wp:term":[{"taxonomy":"product_brand","embeddable":true,"href":"https:\/\/libreriabonilla.com.mx\/index.php\/wp-json\/wp\/v2\/product_brand?post=750"},{"taxonomy":"product_cat","embeddable":true,"href":"https:\/\/libreriabonilla.com.mx\/index.php\/wp-json\/wp\/v2\/product_cat?post=750"},{"taxonomy":"product_tag","embeddable":true,"href":"https:\/\/libreriabonilla.com.mx\/index.php\/wp-json\/wp\/v2\/product_tag?post=750"}],"curies":[{"name":"wp","href":"https:\/\/api.w.org\/{rel}","templated":true}]}}