{"id":748,"date":"2026-04-21T22:23:03","date_gmt":"2026-04-22T01:53:03","guid":{"rendered":"https:\/\/libreriabonilla.com.mx\/?post_type=product&#038;p=748"},"modified":"2026-05-12T17:39:13","modified_gmt":"2026-05-12T21:09:13","slug":"la-escritura-y-el-camino-discurso-de-viajeros-en-el-nuevo-mundo","status":"publish","type":"product","link":"https:\/\/libreriabonilla.com.mx\/index.php\/producto\/la-escritura-y-el-camino-discurso-de-viajeros-en-el-nuevo-mundo\/","title":{"rendered":"La escritura y el camino. Discurso de viajeros en el Nuevo Mundo"},"content":{"rendered":"<p>Un ejemplo particular de los estudios en literatura novohispana es esta segunda entrega de la colecci\u00f3n Memoria, literatura y discurso. Este estudio contribuye a revelar, mediante la interpretaci\u00f3n de distintas voces de viajeros, la importancia que cobr\u00f3 el registro de lo visto y descubierto en su trayecto, y en un segundo momento, la transmisi\u00f3n de estos escritos a trav\u00e9s de distintas ediciones que saciaban la curiosidad de los lectores acerca del Nuevo Mundo. Reitera igualmente el lugar privilegiado del relato de viaje en el periodo de las conquistas en territorio americano, las estrategias discursivas de sus autores y sus destinatarios expl\u00edcitos e impl\u00edcitos, lo que da cuenta del trasfondo pol\u00edtico de este tipo de discurso, pero tambi\u00e9n su valor literario.<\/p>\n","protected":false},"excerpt":{"rendered":"<p>L\u00f3pez de Mariscal Blanca,2014<\/p>\n","protected":false},"featured_media":1380,"comment_status":"closed","ping_status":"closed","template":"","meta":[],"product_brand":[],"product_cat":[72],"product_tag":[605],"class_list":{"0":"post-748","1":"product","2":"type-product","3":"status-publish","4":"has-post-thumbnail","6":"product_cat-literatura","7":"product_tag-literatura","9":"first","10":"instock","11":"shipping-taxable","12":"purchasable","13":"product-type-simple"},"jetpack_sharing_enabled":true,"_links":{"self":[{"href":"https:\/\/libreriabonilla.com.mx\/index.php\/wp-json\/wp\/v2\/product\/748","targetHints":{"allow":["GET"]}}],"collection":[{"href":"https:\/\/libreriabonilla.com.mx\/index.php\/wp-json\/wp\/v2\/product"}],"about":[{"href":"https:\/\/libreriabonilla.com.mx\/index.php\/wp-json\/wp\/v2\/types\/product"}],"replies":[{"embeddable":true,"href":"https:\/\/libreriabonilla.com.mx\/index.php\/wp-json\/wp\/v2\/comments?post=748"}],"wp:featuredmedia":[{"embeddable":true,"href":"https:\/\/libreriabonilla.com.mx\/index.php\/wp-json\/wp\/v2\/media\/1380"}],"wp:attachment":[{"href":"https:\/\/libreriabonilla.com.mx\/index.php\/wp-json\/wp\/v2\/media?parent=748"}],"wp:term":[{"taxonomy":"product_brand","embeddable":true,"href":"https:\/\/libreriabonilla.com.mx\/index.php\/wp-json\/wp\/v2\/product_brand?post=748"},{"taxonomy":"product_cat","embeddable":true,"href":"https:\/\/libreriabonilla.com.mx\/index.php\/wp-json\/wp\/v2\/product_cat?post=748"},{"taxonomy":"product_tag","embeddable":true,"href":"https:\/\/libreriabonilla.com.mx\/index.php\/wp-json\/wp\/v2\/product_tag?post=748"}],"curies":[{"name":"wp","href":"https:\/\/api.w.org\/{rel}","templated":true}]}}