{"id":747,"date":"2026-04-21T22:23:03","date_gmt":"2026-04-22T01:53:03","guid":{"rendered":"https:\/\/libreriabonilla.com.mx\/?post_type=product&#038;p=747"},"modified":"2026-05-12T17:40:58","modified_gmt":"2026-05-12T21:10:58","slug":"la-esfera-de-las-rutas","status":"publish","type":"product","link":"https:\/\/libreriabonilla.com.mx\/index.php\/producto\/la-esfera-de-las-rutas\/","title":{"rendered":"La esfera de las rutas"},"content":{"rendered":"<p>La esfera de las rutas es una invitaci\u00f3n a leer no solamente el verso luminoso, alado y m\u00edstico de Carlos Pellicer (1897-1977), sino tambi\u00e9n la prosa que escribi\u00f3 en largos epistolarios, conferencias que dict\u00f3 en M\u00e9xico y otros pa\u00edses, y una prosa al margen clarmente po\u00e9tica. Es un trabajo que resume la vida y obra de Pellicer y la examina desde una perspectiva anal\u00edtica, explorando la intertextualidad en que se apoya. Desde sus cartas de amor, hasta las de corte nacionalista y pol\u00edtico, Pellicer parece el mismo defensor de una escritura al servicio de los miserables de la tierra.<\/p>\n","protected":false},"excerpt":{"rendered":"<p>Ruiz Abreu, \u00c1lvaro,2014<\/p>\n","protected":false},"featured_media":1036,"comment_status":"closed","ping_status":"closed","template":"","meta":[],"product_brand":[],"product_cat":[31,72,43,85],"product_tag":[756,755,128,750],"class_list":{"0":"post-747","1":"product","2":"type-product","3":"status-publish","4":"has-post-thumbnail","6":"product_cat-ensayo","7":"product_cat-literatura","8":"product_cat-literatura-mexicana","9":"product_cat-poesia","10":"product_tag-alvaro-ruiz-abreu","11":"product_tag-carlos-pellicer","12":"product_tag-ensayo","13":"product_tag-poesia","15":"first","16":"instock","17":"shipping-taxable","18":"purchasable","19":"product-type-simple"},"jetpack_sharing_enabled":true,"_links":{"self":[{"href":"https:\/\/libreriabonilla.com.mx\/index.php\/wp-json\/wp\/v2\/product\/747","targetHints":{"allow":["GET"]}}],"collection":[{"href":"https:\/\/libreriabonilla.com.mx\/index.php\/wp-json\/wp\/v2\/product"}],"about":[{"href":"https:\/\/libreriabonilla.com.mx\/index.php\/wp-json\/wp\/v2\/types\/product"}],"replies":[{"embeddable":true,"href":"https:\/\/libreriabonilla.com.mx\/index.php\/wp-json\/wp\/v2\/comments?post=747"}],"wp:featuredmedia":[{"embeddable":true,"href":"https:\/\/libreriabonilla.com.mx\/index.php\/wp-json\/wp\/v2\/media\/1036"}],"wp:attachment":[{"href":"https:\/\/libreriabonilla.com.mx\/index.php\/wp-json\/wp\/v2\/media?parent=747"}],"wp:term":[{"taxonomy":"product_brand","embeddable":true,"href":"https:\/\/libreriabonilla.com.mx\/index.php\/wp-json\/wp\/v2\/product_brand?post=747"},{"taxonomy":"product_cat","embeddable":true,"href":"https:\/\/libreriabonilla.com.mx\/index.php\/wp-json\/wp\/v2\/product_cat?post=747"},{"taxonomy":"product_tag","embeddable":true,"href":"https:\/\/libreriabonilla.com.mx\/index.php\/wp-json\/wp\/v2\/product_tag?post=747"}],"curies":[{"name":"wp","href":"https:\/\/api.w.org\/{rel}","templated":true}]}}