{"id":746,"date":"2026-04-21T22:23:03","date_gmt":"2026-04-22T01:53:03","guid":{"rendered":"https:\/\/libreriabonilla.com.mx\/?post_type=product&#038;p=746"},"modified":"2026-05-12T17:42:09","modified_gmt":"2026-05-12T21:12:09","slug":"la-investigacion-en-la-ensenanza-de-la-historia-en-america-latina","status":"publish","type":"product","link":"https:\/\/libreriabonilla.com.mx\/index.php\/producto\/la-investigacion-en-la-ensenanza-de-la-historia-en-america-latina\/","title":{"rendered":"La investigaci\u00f3n en la ense\u00f1anza de la historia en Am\u00e9rica Latina"},"content":{"rendered":"<p>En las \u00faltimas dos d\u00e9cadas Am\u00e9rica Latina ha visto nacer un nuevo campo de investigaci\u00f3n: la ense\u00f1anza de lahistoria. El crecimiento exponencial sobre libros de texto de historia, la cultura escolar, losprocesos de ense\u00f1anza y aprendizaje de la historia, las dimensiones pol\u00edticas de la ense\u00f1anza de la historia y la memoria en la escuela, la inclusi\u00f3n de diferentes identidades en los programas de estudio y la formaci\u00f3n docente para diferentes niveles educativos entre otros, han exigido que el campo delimite su categor\u00edas de an\u00e1lisis, sus metodolog\u00edas, las relaciones te\u00f3ricas entre diversas disciplinas y sus objetos de estudio. Con la bibliograf\u00eda m\u00e1s completa que se ha publicado hasta el momento sobre este campo en el subcontinente, el presente libro aborda cada una de las aristas de la ense\u00f1anza de la historia -identificando aspectos comunes a todos los pa\u00edses y reconociendo las particularidades nacionales- para ofrecer al lector en un solo volumen un rcuento de lo que se ha producido desde 1990 a la fecha en diez paises iberoamericanos. Sin lugar a dudas, este libro es una fuente indispensable para adentrarse en el compleo e innovador campo de la ense\u00f1anza de la historia.<\/p>\n","protected":false},"excerpt":{"rendered":"<p>Pl\u00e1, Sebastian; P\u00e1ges, Joan,2014<\/p>\n","protected":false},"featured_media":929,"comment_status":"closed","ping_status":"closed","template":"","meta":[],"product_brand":[],"product_cat":[27,31,70],"product_tag":[684,128,446],"class_list":{"0":"post-746","1":"product","2":"type-product","3":"status-publish","4":"has-post-thumbnail","6":"product_cat-educacion","7":"product_cat-ensayo","8":"product_cat-historia","9":"product_tag-educacion","10":"product_tag-ensayo","11":"product_tag-historia","13":"first","14":"instock","15":"shipping-taxable","16":"purchasable","17":"product-type-simple"},"jetpack_sharing_enabled":true,"_links":{"self":[{"href":"https:\/\/libreriabonilla.com.mx\/index.php\/wp-json\/wp\/v2\/product\/746","targetHints":{"allow":["GET"]}}],"collection":[{"href":"https:\/\/libreriabonilla.com.mx\/index.php\/wp-json\/wp\/v2\/product"}],"about":[{"href":"https:\/\/libreriabonilla.com.mx\/index.php\/wp-json\/wp\/v2\/types\/product"}],"replies":[{"embeddable":true,"href":"https:\/\/libreriabonilla.com.mx\/index.php\/wp-json\/wp\/v2\/comments?post=746"}],"wp:featuredmedia":[{"embeddable":true,"href":"https:\/\/libreriabonilla.com.mx\/index.php\/wp-json\/wp\/v2\/media\/929"}],"wp:attachment":[{"href":"https:\/\/libreriabonilla.com.mx\/index.php\/wp-json\/wp\/v2\/media?parent=746"}],"wp:term":[{"taxonomy":"product_brand","embeddable":true,"href":"https:\/\/libreriabonilla.com.mx\/index.php\/wp-json\/wp\/v2\/product_brand?post=746"},{"taxonomy":"product_cat","embeddable":true,"href":"https:\/\/libreriabonilla.com.mx\/index.php\/wp-json\/wp\/v2\/product_cat?post=746"},{"taxonomy":"product_tag","embeddable":true,"href":"https:\/\/libreriabonilla.com.mx\/index.php\/wp-json\/wp\/v2\/product_tag?post=746"}],"curies":[{"name":"wp","href":"https:\/\/api.w.org\/{rel}","templated":true}]}}