{"id":744,"date":"2026-04-21T22:23:03","date_gmt":"2026-04-22T01:53:03","guid":{"rendered":"https:\/\/libreriabonilla.com.mx\/?post_type=product&#038;p=744"},"modified":"2026-05-12T17:44:16","modified_gmt":"2026-05-12T21:14:16","slug":"libros-y-lectores-en-la-gazeta-de-literatura-de-mexico-1788-1795-de-jose-antonio-alzate","status":"publish","type":"product","link":"https:\/\/libreriabonilla.com.mx\/index.php\/producto\/libros-y-lectores-en-la-gazeta-de-literatura-de-mexico-1788-1795-de-jose-antonio-alzate\/","title":{"rendered":"Libros y lectores en la Gazeta de literatura de M\u00e9xico (1788-1795) de Jos\u00e9 Antonio Alzate"},"content":{"rendered":"<p>En relaci\u00f3n a este estudio, Dalia Valdez Garza nos se\u00f1ala que \u00absi bien el t\u00edtulo del libro es Libros y lectores en la Gazeta de literatura de M\u00e9xico (1788-1795) de Jos\u00e9 Antonio Alzate, ser\u00eda posible entender [su prop\u00f3sito] haciendo un juego de palabras, es decir: Libros y lectores de Jos\u00e9 Antonio Alzate en la Gazeta de literatura de M\u00e9xico\u00bb. As\u00ed, y partiendo del concepto de pr\u00e1cticas de lectura, la autora nos lleva por un recorrido sobre los distintos procesos en la producci\u00f3n intelectual y material de una gaceta literaria, resultado de un tipo de prensa cultural y erudita -desde las lecturas que nutrieron de ideas al autor\/editor de los textos que la conformar\u00e1n, hasta la relaci\u00f3n del impreso con la \u00abcensura\u00bb civil y religiosa, las decisiones editoriales que se reflejan en su propuesta tipogr\u00e1fica o sus canales de distribuci\u00f3n- en un contexto amplio de su momento hist\u00f3rico (la Ilustraci\u00f3n y las emergentes ideas nacionalistas de las futuras rep\u00fablicas americanas). Se ofrece aqu\u00ed la biograf\u00eda de un libro (en su materialidad) que contiene a su vez las ideas de numerosos libros, del reflejo de las sociabilidades en las que su autor\/editor estaba inmerso y que lo relacionaron con otros lectores, y finalmente de los c\u00e1nones de lectura y de interpretaci\u00f3n en constante reformulaci\u00f3n dentro del contexto novohispano de autores, editores e impresores y lectores.<\/p>\n","protected":false},"excerpt":{"rendered":"<p>Valdez Garza, Dalia ,2014<\/p>\n","protected":false},"featured_media":962,"comment_status":"closed","ping_status":"closed","template":"","meta":[],"product_brand":[],"product_cat":[72],"product_tag":[605],"class_list":{"0":"post-744","1":"product","2":"type-product","3":"status-publish","4":"has-post-thumbnail","6":"product_cat-literatura","7":"product_tag-literatura","9":"first","10":"instock","11":"shipping-taxable","12":"purchasable","13":"product-type-simple"},"jetpack_sharing_enabled":true,"_links":{"self":[{"href":"https:\/\/libreriabonilla.com.mx\/index.php\/wp-json\/wp\/v2\/product\/744","targetHints":{"allow":["GET"]}}],"collection":[{"href":"https:\/\/libreriabonilla.com.mx\/index.php\/wp-json\/wp\/v2\/product"}],"about":[{"href":"https:\/\/libreriabonilla.com.mx\/index.php\/wp-json\/wp\/v2\/types\/product"}],"replies":[{"embeddable":true,"href":"https:\/\/libreriabonilla.com.mx\/index.php\/wp-json\/wp\/v2\/comments?post=744"}],"wp:featuredmedia":[{"embeddable":true,"href":"https:\/\/libreriabonilla.com.mx\/index.php\/wp-json\/wp\/v2\/media\/962"}],"wp:attachment":[{"href":"https:\/\/libreriabonilla.com.mx\/index.php\/wp-json\/wp\/v2\/media?parent=744"}],"wp:term":[{"taxonomy":"product_brand","embeddable":true,"href":"https:\/\/libreriabonilla.com.mx\/index.php\/wp-json\/wp\/v2\/product_brand?post=744"},{"taxonomy":"product_cat","embeddable":true,"href":"https:\/\/libreriabonilla.com.mx\/index.php\/wp-json\/wp\/v2\/product_cat?post=744"},{"taxonomy":"product_tag","embeddable":true,"href":"https:\/\/libreriabonilla.com.mx\/index.php\/wp-json\/wp\/v2\/product_tag?post=744"}],"curies":[{"name":"wp","href":"https:\/\/api.w.org\/{rel}","templated":true}]}}