{"id":743,"date":"2026-04-21T22:23:03","date_gmt":"2026-04-22T01:53:03","guid":{"rendered":"https:\/\/libreriabonilla.com.mx\/?post_type=product&#038;p=743"},"modified":"2026-05-12T17:46:58","modified_gmt":"2026-05-12T21:16:58","slug":"memoria-y-escritura-del-cuerpo-un-estudio-sobre-sexualidad-maternidad-y-dolor","status":"publish","type":"product","link":"https:\/\/libreriabonilla.com.mx\/index.php\/producto\/memoria-y-escritura-del-cuerpo-un-estudio-sobre-sexualidad-maternidad-y-dolor\/","title":{"rendered":"Memoria y escritura del cuerpo: un estudio sobre sexualidad, maternidad y dolor"},"content":{"rendered":"<p>En Memoria y escritura del cuerpo: un estudio sobre sexualidad, maternidad y dolor, Mar\u00eda de Alva explora el papel del cuerpo femenino en la construcci\u00f3n de la memoria de personajes, tomando como ejemplo cuatro novelas del siglo XXI: Historia del rey transparente de Rosa Montero, Un milagro en equilibrio de Luc\u00eda Extebarria, En breve c\u00e1rcel de Sylvia Molloy y Diario del dolor de Mar\u00eda Luisa Puga. A la vez, la autora construye su reflexi\u00f3n sobre elementos heredados por autoras que han cimentado la historia y la teor\u00eda literaria femenina como Virginia Woolf, Susan Sontag, Charlotte Br\u00f6nte, Helene Cixous, Simone de Beauvoir y Margaret Atwood.<br \/>\nEste libro ahonda en la funci\u00f3n de la sexualidad, la maternidad y el dolor como procesos que definen al cuerpo y a la vez, delinean la construcci\u00f3n del sujeto y la memoria en los ejemplos que aborda.<\/p>\n","protected":false},"excerpt":{"rendered":"<p>De Alva, Maria,2014<\/p>\n","protected":false},"featured_media":1005,"comment_status":"closed","ping_status":"closed","template":"","meta":[],"product_brand":[],"product_cat":[31,715,72],"product_tag":[128,322,605],"class_list":{"0":"post-743","1":"product","2":"type-product","3":"status-publish","4":"has-post-thumbnail","6":"product_cat-ensayo","7":"product_cat-feminismo","8":"product_cat-literatura","9":"product_tag-ensayo","10":"product_tag-feminismo","11":"product_tag-literatura","13":"first","14":"instock","15":"shipping-taxable","16":"purchasable","17":"product-type-simple"},"jetpack_sharing_enabled":true,"_links":{"self":[{"href":"https:\/\/libreriabonilla.com.mx\/index.php\/wp-json\/wp\/v2\/product\/743","targetHints":{"allow":["GET"]}}],"collection":[{"href":"https:\/\/libreriabonilla.com.mx\/index.php\/wp-json\/wp\/v2\/product"}],"about":[{"href":"https:\/\/libreriabonilla.com.mx\/index.php\/wp-json\/wp\/v2\/types\/product"}],"replies":[{"embeddable":true,"href":"https:\/\/libreriabonilla.com.mx\/index.php\/wp-json\/wp\/v2\/comments?post=743"}],"wp:featuredmedia":[{"embeddable":true,"href":"https:\/\/libreriabonilla.com.mx\/index.php\/wp-json\/wp\/v2\/media\/1005"}],"wp:attachment":[{"href":"https:\/\/libreriabonilla.com.mx\/index.php\/wp-json\/wp\/v2\/media?parent=743"}],"wp:term":[{"taxonomy":"product_brand","embeddable":true,"href":"https:\/\/libreriabonilla.com.mx\/index.php\/wp-json\/wp\/v2\/product_brand?post=743"},{"taxonomy":"product_cat","embeddable":true,"href":"https:\/\/libreriabonilla.com.mx\/index.php\/wp-json\/wp\/v2\/product_cat?post=743"},{"taxonomy":"product_tag","embeddable":true,"href":"https:\/\/libreriabonilla.com.mx\/index.php\/wp-json\/wp\/v2\/product_tag?post=743"}],"curies":[{"name":"wp","href":"https:\/\/api.w.org\/{rel}","templated":true}]}}