{"id":741,"date":"2026-04-21T22:23:03","date_gmt":"2026-04-22T01:53:03","guid":{"rendered":"https:\/\/libreriabonilla.com.mx\/?post_type=product&#038;p=741"},"modified":"2026-05-12T17:50:03","modified_gmt":"2026-05-12T21:20:03","slug":"nueva-narrativa-mexicana","status":"publish","type":"product","link":"https:\/\/libreriabonilla.com.mx\/index.php\/producto\/nueva-narrativa-mexicana\/","title":{"rendered":"Nueva narrativa Mexicana"},"content":{"rendered":"<p>De acuerdo con los autores de este libro, el an\u00e1lisis literario se replantea en Am\u00e9rica Latina a partir de la problem\u00e1tica de la diversidad cultural. Estamos ante una nueva generaci\u00f3n de escritores que pugna por expresarse y que merece ser analizada e investigada \u00bfser\u00e1 que en la narrativa mexicana m\u00e1s reciente predonima tambi\u00e9n el desencanto y el hihilismo posmoderno? \u00bfNo habr\u00e1 en los escritores m\u00e1s jovenes un \u00abprincipio radical de lo nuevo\u00bb como escritura abierta? \u00bfPor qu\u00e9 no podr\u00eda haber una identificaci\u00f3n con los nuevos sujetos sociales que en vez de sentirse victimados se esfuerzan por negociar sus propios m\u00e1rgenes? En este libro se intenta comprender c\u00f3mo la reciente producci\u00f3n narrativa de autores como Juan Villoro, Carmen Boullosa, Cristina Rivera Garza, Jorge Volpi, Mario Bellatin, Enrique Serna, \u00c1lvaro Enrigue, Carlos Montemayor, Ana Garc\u00eda Bergua y otros replantean los modos de ser modernos \u00bfc\u00f3mo entienden el sentido comunitario o de identidad cultural? Ya no estamos como en la literatura pasada ante textos que privilegian s\u00f3lo la identidad nacional. Hoy vemos que hay diversas maneras de entender esa identidad (como identidades fragmentadas, h\u00edbridas o barrocas). Esto significa que debemos desarrollar una perspectiva m\u00e1s amplia donde se incluya la discusi\u00f3n sobre comunidad, nacionalidad, ciudadan\u00eda y el papel de la mezcla y la diversidad intercultural. Por ejemplo \u00bfd\u00f3nde ubicar las narrativas sobre la diversidad sexual, pol\u00edtica, \u00e9tnica, de g\u00e9nero? Tambien hay que considerar a nuevos lectores que se identifican con autores que reflejan sus vivencias y experiencias. As\u00ed, este estudiod e Elizabeth Hern\u00e1ndez Alv\u00eddrez y Samuel Arriar\u00e1n se inserta en una perspectiva que inaugura nuevos encuentros entre la lectura, los textos, los g\u00e9neros y los contextos.<\/p>\n","protected":false},"excerpt":{"rendered":"<p>Hern\u00e1ndez Alvidrez,2014<\/p>\n","protected":false},"featured_media":1046,"comment_status":"closed","ping_status":"closed","template":"","meta":[],"product_brand":[],"product_cat":[31,72],"product_tag":[128,605],"class_list":{"0":"post-741","1":"product","2":"type-product","3":"status-publish","4":"has-post-thumbnail","6":"product_cat-ensayo","7":"product_cat-literatura","8":"product_tag-ensayo","9":"product_tag-literatura","11":"first","12":"instock","13":"shipping-taxable","14":"purchasable","15":"product-type-simple"},"jetpack_sharing_enabled":true,"_links":{"self":[{"href":"https:\/\/libreriabonilla.com.mx\/index.php\/wp-json\/wp\/v2\/product\/741","targetHints":{"allow":["GET"]}}],"collection":[{"href":"https:\/\/libreriabonilla.com.mx\/index.php\/wp-json\/wp\/v2\/product"}],"about":[{"href":"https:\/\/libreriabonilla.com.mx\/index.php\/wp-json\/wp\/v2\/types\/product"}],"replies":[{"embeddable":true,"href":"https:\/\/libreriabonilla.com.mx\/index.php\/wp-json\/wp\/v2\/comments?post=741"}],"wp:featuredmedia":[{"embeddable":true,"href":"https:\/\/libreriabonilla.com.mx\/index.php\/wp-json\/wp\/v2\/media\/1046"}],"wp:attachment":[{"href":"https:\/\/libreriabonilla.com.mx\/index.php\/wp-json\/wp\/v2\/media?parent=741"}],"wp:term":[{"taxonomy":"product_brand","embeddable":true,"href":"https:\/\/libreriabonilla.com.mx\/index.php\/wp-json\/wp\/v2\/product_brand?post=741"},{"taxonomy":"product_cat","embeddable":true,"href":"https:\/\/libreriabonilla.com.mx\/index.php\/wp-json\/wp\/v2\/product_cat?post=741"},{"taxonomy":"product_tag","embeddable":true,"href":"https:\/\/libreriabonilla.com.mx\/index.php\/wp-json\/wp\/v2\/product_tag?post=741"}],"curies":[{"name":"wp","href":"https:\/\/api.w.org\/{rel}","templated":true}]}}