{"id":739,"date":"2026-04-21T22:23:03","date_gmt":"2026-04-22T01:53:03","guid":{"rendered":"https:\/\/libreriabonilla.com.mx\/?post_type=product&#038;p=739"},"modified":"2026-05-12T17:52:39","modified_gmt":"2026-05-12T21:22:39","slug":"patrimonio-ambiental-y-conocimiento-local","status":"publish","type":"product","link":"https:\/\/libreriabonilla.com.mx\/index.php\/producto\/patrimonio-ambiental-y-conocimiento-local\/","title":{"rendered":"Patrimonio ambiental y conocimiento local"},"content":{"rendered":"<p>La noci\u00f3n patrimonial de los bienes naturales deviene de su permanencia generacional y pertenencia a un grupo social. El aprovechamiento de estos bienes se ha tejido a partir de la construcci\u00f3n de conocimientos particulares y procesos de adaptaci\u00f3n para austarse a las reglas que imperan en un medio social din\u00e1mico y cambiante. Este libro conjuga las ideas de las experiencias de los actores sociales en diez textos de cu\u00f1o multidisciplinar que abordan desde las perspectivas te\u00f3rico reflexiva, metodol\u00f3gica y emp\u00edtica al patrimonio ambiental y el conocimiento local. Participan investigadores de la Universidad Nacional Aut\u00f3noma de M\u00e9xico, La Universidad de East Anglia, Reino unido, entre otras. El enfoque interdisciplinario de las ciencias ambientales reclama la convergencia de las ciencias sociales y naturales para el estudio de las complejas problem\u00e1ticas ambientales. La obra se ubica en el marco de las nacientes ciencias sociales del siglo XIX y en este contexto se desarrollaron influyentes cientif\u00edcos que guiaron la b\u00fasqueda de marcos explicativos para abordar el estudio de la sociedad en su relaci\u00f3n con el ambiente, la historia y la cultura.<\/p>\n","protected":false},"excerpt":{"rendered":"<p>Orozco Hern\u00e0ndez, Mar\u00eda Estela ,2014<\/p>\n","protected":false},"featured_media":884,"comment_status":"closed","ping_status":"closed","template":"","meta":[],"product_brand":[],"product_cat":[477],"product_tag":[759],"class_list":{"0":"post-739","1":"product","2":"type-product","3":"status-publish","4":"has-post-thumbnail","6":"product_cat-medio-ambiente","7":"product_tag-medio-ambiente","9":"first","10":"instock","11":"shipping-taxable","12":"purchasable","13":"product-type-simple"},"jetpack_sharing_enabled":true,"_links":{"self":[{"href":"https:\/\/libreriabonilla.com.mx\/index.php\/wp-json\/wp\/v2\/product\/739","targetHints":{"allow":["GET"]}}],"collection":[{"href":"https:\/\/libreriabonilla.com.mx\/index.php\/wp-json\/wp\/v2\/product"}],"about":[{"href":"https:\/\/libreriabonilla.com.mx\/index.php\/wp-json\/wp\/v2\/types\/product"}],"replies":[{"embeddable":true,"href":"https:\/\/libreriabonilla.com.mx\/index.php\/wp-json\/wp\/v2\/comments?post=739"}],"wp:featuredmedia":[{"embeddable":true,"href":"https:\/\/libreriabonilla.com.mx\/index.php\/wp-json\/wp\/v2\/media\/884"}],"wp:attachment":[{"href":"https:\/\/libreriabonilla.com.mx\/index.php\/wp-json\/wp\/v2\/media?parent=739"}],"wp:term":[{"taxonomy":"product_brand","embeddable":true,"href":"https:\/\/libreriabonilla.com.mx\/index.php\/wp-json\/wp\/v2\/product_brand?post=739"},{"taxonomy":"product_cat","embeddable":true,"href":"https:\/\/libreriabonilla.com.mx\/index.php\/wp-json\/wp\/v2\/product_cat?post=739"},{"taxonomy":"product_tag","embeddable":true,"href":"https:\/\/libreriabonilla.com.mx\/index.php\/wp-json\/wp\/v2\/product_tag?post=739"}],"curies":[{"name":"wp","href":"https:\/\/api.w.org\/{rel}","templated":true}]}}