{"id":737,"date":"2026-04-21T22:23:03","date_gmt":"2026-04-22T01:53:03","guid":{"rendered":"https:\/\/libreriabonilla.com.mx\/?post_type=product&#038;p=737"},"modified":"2026-05-12T18:04:03","modified_gmt":"2026-05-12T21:34:03","slug":"un-dios-y-un-reino-para-los-indios","status":"publish","type":"product","link":"https:\/\/libreriabonilla.com.mx\/index.php\/producto\/un-dios-y-un-reino-para-los-indios\/","title":{"rendered":"Un dios y un reino para los indios"},"content":{"rendered":"<p>Este libro es un estudio minucioso sobre la rebeli\u00f3n que tuvo lugar el a\u00f1o de 1769 en la Sierra de Tutotepec, en el actual estado de Hidalgo. Liderados por un viejo indio otom\u00ed, cientos de ind\u00edgenas se negaron a pagar tributo al rey y obvenciones a la iglesia, al tiempo que difund\u00edan en la sierra los mensajes prof\u00e9ticos de su l\u00edder: un futuro cercano, una gran inundaci\u00f3n destruir\u00eda el mundo conocido para dar paso al surgimiento de un nuevo mundo y un nuevo orden, en el que los indios ser\u00edan los amos y los espa\u00f1oles sus sirvientes.<\/p>\n<p>A partir del estudio de la rebeli\u00f3n de 1769, este libro se analiza la manera en que la religi\u00f3n cristiana, reinterpretada y resignificada por los ind\u00edgenas, se convirti\u00f3 en el veh\u00edculo a trav\u00e9s del cual hombres y mujeres expresaron su inconformidad con el estado imperante de las cosas, y particularmente, con el papel subordinado que el orden colonial impon\u00eda a los indios. Asimismo, se aborda la etnohistoria colonial de una regi\u00f3n que hasta hora hab\u00eda atra\u00eddo poco la atenci\u00f3n de los historiadores, haciendo \u00e9nfasis en la escasa colonizaci\u00f3n y en la evangelizaci\u00f3n superficial, que le hicieron de estas serran\u00edas una regi\u00f3n marginal. La tesis que dio origen a \u00e9ste libro ha recibido numerosas distinciones, entre las que destacan el Premio \u00abNohem\u00ed Quezada\u00bb a la mejor tesis sobre los pueblos otopames 2008; el Premio \u00abMarcos y Celia Maus\u00bb otorgado por la Facultad de Filosof\u00eda y Letras de la UNAM EN 2007, y el Premio \u00abFrancisco Javier Clavijero\u00bb otorgado por el INAH a la mejor tesis de licenciatura en el \u00e1rea de historia y etnohistoria en su edici\u00f3n 2008.<\/p>\n","protected":false},"excerpt":{"rendered":"<p>G\u00fcereca Dur\u00e1n, Raquel E. ,2014<\/p>\n","protected":false},"featured_media":890,"comment_status":"closed","ping_status":"closed","template":"","meta":[],"product_brand":[],"product_cat":[70,331],"product_tag":[446,709],"class_list":{"0":"post-737","1":"product","2":"type-product","3":"status-publish","4":"has-post-thumbnail","6":"product_cat-historia","7":"product_cat-historia-de-mexico","8":"product_tag-historia","9":"product_tag-historia-de-mexico","11":"first","12":"instock","13":"shipping-taxable","14":"purchasable","15":"product-type-simple"},"jetpack_sharing_enabled":true,"_links":{"self":[{"href":"https:\/\/libreriabonilla.com.mx\/index.php\/wp-json\/wp\/v2\/product\/737","targetHints":{"allow":["GET"]}}],"collection":[{"href":"https:\/\/libreriabonilla.com.mx\/index.php\/wp-json\/wp\/v2\/product"}],"about":[{"href":"https:\/\/libreriabonilla.com.mx\/index.php\/wp-json\/wp\/v2\/types\/product"}],"replies":[{"embeddable":true,"href":"https:\/\/libreriabonilla.com.mx\/index.php\/wp-json\/wp\/v2\/comments?post=737"}],"wp:featuredmedia":[{"embeddable":true,"href":"https:\/\/libreriabonilla.com.mx\/index.php\/wp-json\/wp\/v2\/media\/890"}],"wp:attachment":[{"href":"https:\/\/libreriabonilla.com.mx\/index.php\/wp-json\/wp\/v2\/media?parent=737"}],"wp:term":[{"taxonomy":"product_brand","embeddable":true,"href":"https:\/\/libreriabonilla.com.mx\/index.php\/wp-json\/wp\/v2\/product_brand?post=737"},{"taxonomy":"product_cat","embeddable":true,"href":"https:\/\/libreriabonilla.com.mx\/index.php\/wp-json\/wp\/v2\/product_cat?post=737"},{"taxonomy":"product_tag","embeddable":true,"href":"https:\/\/libreriabonilla.com.mx\/index.php\/wp-json\/wp\/v2\/product_tag?post=737"}],"curies":[{"name":"wp","href":"https:\/\/api.w.org\/{rel}","templated":true}]}}