{"id":736,"date":"2026-04-21T22:23:03","date_gmt":"2026-04-22T01:53:03","guid":{"rendered":"https:\/\/libreriabonilla.com.mx\/?post_type=product&#038;p=736"},"modified":"2026-05-12T18:05:31","modified_gmt":"2026-05-12T21:35:31","slug":"vision-social-del-desarrollo-sustentable","status":"publish","type":"product","link":"https:\/\/libreriabonilla.com.mx\/index.php\/producto\/vision-social-del-desarrollo-sustentable\/","title":{"rendered":"Visi\u00f3n social del desarrollo sustentable"},"content":{"rendered":"<p>El desarrollo sustentable tiene que ver con la articulaci\u00f3n de lo complejo, supone realizar an\u00e1lisis interdisciplinarios para respuestas estrat\u00e9gicas e integrales a los desaf\u00edos sociales, pol\u00edticos, culturales, econ\u00f3micos, ambientales e institucionales.<\/p>\n<p>Tal enfoque representa un aporte te\u00f3rico, en la medida que pregunta para qu\u00e9 es el desarrollo, c\u00f3mo podemos producir el desarrollo, e integra los principios \u00e9ticos en su formulaci\u00f3n y aplicaci\u00f3n.<br \/>\nEl esfuerzo de la comunidad cient\u00edfica para la generaci\u00f3n de nuevos conocimientos, los an\u00e1lisis hol\u00edsticos y totalizadores que contribuyan a un nuevo enfoque de las ciencias sociales son deseables, pero no f\u00e1ciles de articular.<\/p>\n<p>Esta publicaci\u00f3n es un esfuerzo para generar reflexiones que superen sesgos interpretativos generalistas y declarativos sobre cambios en los paradigmas de desarrollo vigentes, que requieren de la voluntad pol\u00edtica y participaci\u00f3n activa de todos para redefinir el funcionamiento del Estado en la orientaci\u00f3n del desarrollo.<\/p>\n","protected":false},"excerpt":{"rendered":"<p>Eduardo Guerrero,2014<\/p>\n","protected":false},"featured_media":979,"comment_status":"closed","ping_status":"closed","template":"","meta":[],"product_brand":[],"product_cat":[479,52,477],"product_tag":[381,544,759],"class_list":{"0":"post-736","1":"product","2":"type-product","3":"status-publish","4":"has-post-thumbnail","6":"product_cat-cambio-climatico","7":"product_cat-ciencias-sociales","8":"product_cat-medio-ambiente","9":"product_tag-cambio-climatico","10":"product_tag-desarrollo-sustentable","11":"product_tag-medio-ambiente","13":"first","14":"instock","15":"shipping-taxable","16":"purchasable","17":"product-type-simple"},"jetpack_sharing_enabled":true,"_links":{"self":[{"href":"https:\/\/libreriabonilla.com.mx\/index.php\/wp-json\/wp\/v2\/product\/736","targetHints":{"allow":["GET"]}}],"collection":[{"href":"https:\/\/libreriabonilla.com.mx\/index.php\/wp-json\/wp\/v2\/product"}],"about":[{"href":"https:\/\/libreriabonilla.com.mx\/index.php\/wp-json\/wp\/v2\/types\/product"}],"replies":[{"embeddable":true,"href":"https:\/\/libreriabonilla.com.mx\/index.php\/wp-json\/wp\/v2\/comments?post=736"}],"wp:featuredmedia":[{"embeddable":true,"href":"https:\/\/libreriabonilla.com.mx\/index.php\/wp-json\/wp\/v2\/media\/979"}],"wp:attachment":[{"href":"https:\/\/libreriabonilla.com.mx\/index.php\/wp-json\/wp\/v2\/media?parent=736"}],"wp:term":[{"taxonomy":"product_brand","embeddable":true,"href":"https:\/\/libreriabonilla.com.mx\/index.php\/wp-json\/wp\/v2\/product_brand?post=736"},{"taxonomy":"product_cat","embeddable":true,"href":"https:\/\/libreriabonilla.com.mx\/index.php\/wp-json\/wp\/v2\/product_cat?post=736"},{"taxonomy":"product_tag","embeddable":true,"href":"https:\/\/libreriabonilla.com.mx\/index.php\/wp-json\/wp\/v2\/product_tag?post=736"}],"curies":[{"name":"wp","href":"https:\/\/api.w.org\/{rel}","templated":true}]}}