{"id":735,"date":"2026-04-21T22:23:03","date_gmt":"2026-04-22T01:53:03","guid":{"rendered":"https:\/\/libreriabonilla.com.mx\/?post_type=product&#038;p=735"},"modified":"2026-05-12T18:06:36","modified_gmt":"2026-05-12T21:36:36","slug":"el-senador-megicano-o-carta-de-lermin-a-tlaucolde","status":"publish","type":"product","link":"https:\/\/libreriabonilla.com.mx\/index.php\/producto\/el-senador-megicano-o-carta-de-lermin-a-tlaucolde\/","title":{"rendered":"El senador megicano O Carta de Lermin \u00e1 Tlaucolde"},"content":{"rendered":"<p>EL senador megicano \u00f3 Carta de Lermin \u00e1 Tlaucolde une dos mundos en su historia, Espa\u00f1a y la colina reci\u00e9n independizada en M\u00e9xico. Publicada en Madrid den 1836 por el Colegio de Sordo-Mudos, la novela cuenta con lo que parece ser una historia autobiogr\u00e1fica. El lector colige que la autora, do\u00f1a Mar\u00eda de las Nieves Robledo, sali\u00f3 expulsada de M\u00e9xico con otros peninsulares debido a rencores poscoloniales. Ya en Madrid, traza la tragedia de amantes condeandos por circunstancias pol\u00edticas y expectativas sentimentales anticuadas a causa de demandas sociales nuevas. De acuerdo con su perspectiva femenina, la novela presenta un plan y personajes originales, cuyas voces ponen en tela de juicio las f\u00f3rmulas rom\u00e1nticas y realistas que, seg\u00fan se cree, caracterizan la novel\u00edstica del siglo XIX. La tem\u00e1tica transatl\u00e1ntica del libro demuestra la continuacion de lazos culturales y contactos econ\u00f3micos en el antiguo imperio; y as\u00ed cuestiona los nacionalismos que tradicionalmente se piensa que definen la literatura decimon\u00f3nica.<\/p>\n","protected":false},"excerpt":{"rendered":"<p>Do\u00f1a Maria de las Nieves Robledo,2014<\/p>\n","protected":false},"featured_media":1002,"comment_status":"closed","ping_status":"closed","template":"","meta":[],"product_brand":[],"product_cat":[70,72],"product_tag":[709,605],"class_list":{"0":"post-735","1":"product","2":"type-product","3":"status-publish","4":"has-post-thumbnail","6":"product_cat-historia","7":"product_cat-literatura","8":"product_tag-historia-de-mexico","9":"product_tag-literatura","11":"first","12":"instock","13":"shipping-taxable","14":"purchasable","15":"product-type-simple"},"jetpack_sharing_enabled":true,"_links":{"self":[{"href":"https:\/\/libreriabonilla.com.mx\/index.php\/wp-json\/wp\/v2\/product\/735","targetHints":{"allow":["GET"]}}],"collection":[{"href":"https:\/\/libreriabonilla.com.mx\/index.php\/wp-json\/wp\/v2\/product"}],"about":[{"href":"https:\/\/libreriabonilla.com.mx\/index.php\/wp-json\/wp\/v2\/types\/product"}],"replies":[{"embeddable":true,"href":"https:\/\/libreriabonilla.com.mx\/index.php\/wp-json\/wp\/v2\/comments?post=735"}],"wp:featuredmedia":[{"embeddable":true,"href":"https:\/\/libreriabonilla.com.mx\/index.php\/wp-json\/wp\/v2\/media\/1002"}],"wp:attachment":[{"href":"https:\/\/libreriabonilla.com.mx\/index.php\/wp-json\/wp\/v2\/media?parent=735"}],"wp:term":[{"taxonomy":"product_brand","embeddable":true,"href":"https:\/\/libreriabonilla.com.mx\/index.php\/wp-json\/wp\/v2\/product_brand?post=735"},{"taxonomy":"product_cat","embeddable":true,"href":"https:\/\/libreriabonilla.com.mx\/index.php\/wp-json\/wp\/v2\/product_cat?post=735"},{"taxonomy":"product_tag","embeddable":true,"href":"https:\/\/libreriabonilla.com.mx\/index.php\/wp-json\/wp\/v2\/product_tag?post=735"}],"curies":[{"name":"wp","href":"https:\/\/api.w.org\/{rel}","templated":true}]}}