{"id":734,"date":"2026-04-21T22:23:03","date_gmt":"2026-04-22T01:53:03","guid":{"rendered":"https:\/\/libreriabonilla.com.mx\/?post_type=product&#038;p=734"},"modified":"2026-05-12T18:08:31","modified_gmt":"2026-05-12T21:38:31","slug":"las-ciudades-en-las-fases-transitorias-del-mundo-hispanico-a-los-estados-nacion-america-y-europa-siglos-xvi-xx","status":"publish","type":"product","link":"https:\/\/libreriabonilla.com.mx\/index.php\/producto\/las-ciudades-en-las-fases-transitorias-del-mundo-hispanico-a-los-estados-nacion-america-y-europa-siglos-xvi-xx\/","title":{"rendered":"Las ciudades en las fases transitorias del mundo hisp\u00e1nico a los Estados naci\u00f3n. Am\u00e9rica y Europa (Siglos XVI-XX)"},"content":{"rendered":"<p>El libro que el lector tiene en sus manos es fruto de la labor coordinada de la Universidad Iberoamericana de la Ciudad de M\u00e9xico, la Johannes Gutenberg-Universit\u00e4t Mainz (Alemania), la Universit\u00e4t Karl Franzens Graz (Australia), la Universidad de Ja\u00e9n (Espa\u00f1a) la Universit\u00e9 Jules Verne de Amiens (Francia). Su objetivo es analizar dos periodos hist\u00f3ricos considerados como transitorios: el paso entre los siglos XV y XVI, y desde finales del siglo XVIII al \u00ablargo\u00bb siglo XIX, fases claves en la formaci\u00f3n de los Estados nacionales. Se centra en la complejidad y riqueza hist\u00f3rica del fen\u00f3meno fundacional de ciudades, aldeas, lugares y villas en tales lapsos temporales mediante una triple aproximaci\u00f3n: la larga duraci\u00f3n hist\u00f3rica, la historia comparada y las visiones interdisciplinarias. El panorama de ejemplos, estudiados en detalles, es as\u00ed tan amplio y profundo como la misma realidad de las ciudades, pero todos ellos comparten unos principios b\u00e1sicos de an\u00e1lisis relacionados con tres factores: la doble direccionalidad en los flujos de ideas y comportamientos entre Europa y Am\u00e9rica; las cuestiones relacionadas con los conceptos de fronteras y confines; y por \u00faltimo, la b\u00fasqueda de signos de identidad urbana, singulares o compartidos.<\/p>\n","protected":false},"excerpt":{"rendered":"<p>Delgado Barrado, Jos\u00e9 Miguel ,2014<\/p>\n","protected":false},"featured_media":897,"comment_status":"closed","ping_status":"closed","template":"","meta":[],"product_brand":[],"product_cat":[70,331],"product_tag":[446,709],"class_list":{"0":"post-734","1":"product","2":"type-product","3":"status-publish","4":"has-post-thumbnail","6":"product_cat-historia","7":"product_cat-historia-de-mexico","8":"product_tag-historia","9":"product_tag-historia-de-mexico","11":"first","12":"instock","13":"shipping-taxable","14":"purchasable","15":"product-type-simple"},"jetpack_sharing_enabled":true,"_links":{"self":[{"href":"https:\/\/libreriabonilla.com.mx\/index.php\/wp-json\/wp\/v2\/product\/734","targetHints":{"allow":["GET"]}}],"collection":[{"href":"https:\/\/libreriabonilla.com.mx\/index.php\/wp-json\/wp\/v2\/product"}],"about":[{"href":"https:\/\/libreriabonilla.com.mx\/index.php\/wp-json\/wp\/v2\/types\/product"}],"replies":[{"embeddable":true,"href":"https:\/\/libreriabonilla.com.mx\/index.php\/wp-json\/wp\/v2\/comments?post=734"}],"wp:featuredmedia":[{"embeddable":true,"href":"https:\/\/libreriabonilla.com.mx\/index.php\/wp-json\/wp\/v2\/media\/897"}],"wp:attachment":[{"href":"https:\/\/libreriabonilla.com.mx\/index.php\/wp-json\/wp\/v2\/media?parent=734"}],"wp:term":[{"taxonomy":"product_brand","embeddable":true,"href":"https:\/\/libreriabonilla.com.mx\/index.php\/wp-json\/wp\/v2\/product_brand?post=734"},{"taxonomy":"product_cat","embeddable":true,"href":"https:\/\/libreriabonilla.com.mx\/index.php\/wp-json\/wp\/v2\/product_cat?post=734"},{"taxonomy":"product_tag","embeddable":true,"href":"https:\/\/libreriabonilla.com.mx\/index.php\/wp-json\/wp\/v2\/product_tag?post=734"}],"curies":[{"name":"wp","href":"https:\/\/api.w.org\/{rel}","templated":true}]}}