{"id":733,"date":"2026-04-21T22:23:02","date_gmt":"2026-04-22T01:53:02","guid":{"rendered":"https:\/\/libreriabonilla.com.mx\/?post_type=product&#038;p=733"},"modified":"2026-05-12T18:10:31","modified_gmt":"2026-05-12T21:40:31","slug":"no-solo-con-las-armas-non-solum-armis","status":"publish","type":"product","link":"https:\/\/libreriabonilla.com.mx\/index.php\/producto\/no-solo-con-las-armas-non-solum-armis\/","title":{"rendered":"No solo con las armas \/ Non solum armis"},"content":{"rendered":"<p>Diego Saavedra Fajardo, en su Idea de un pr\u00edncipe pol\u00edtico cristiano (1640), resum\u00eda las preocupaciones de una \u00e9poca signada por el sostenimiento de un proyecto de expansi\u00f3n pol\u00edtica, econ\u00f3mica y militar sin precedentes. Es por ello que hemos tomado, del mote de uno de sus emblemas, la expresi\u00f3n: Non solum armis (Empresa 4) -que a su vez proviene de las Institutiones de Justiniano: \u00abImperatoriam maiestatem non solum armis decoratam\u00bb- para proponer una mirada sobre los diversos rostros que pod\u00eda tomar el ejercicio del poder en el mundo novohispano.<\/p>\n<p>En el Grupo de Investigaci\u00f3n \u00abCultura en la Nueva Espa\u00f1a: Cr\u00f3nica, Ret\u00f3rica y Sem\u00e1ntica\u00bb, coordinado por Claudia Parodi, Jimena Rodr\u00edguez y Manuel P\u00e9rez, nos hemos propuesto discutir sistem\u00e1ticamente diversos temas novohispanos en sendos foros propuestos al efecto. En este sentido, este libro contin\u00faa la reflexi\u00f3n iniciada en Centro y periferia: cultura, lengua y literatura virreinales en Am\u00e9rica (Iberoamericana\/Vervuert, 2011) y La resignificaci\u00f3n del Nuevo Mundo. Cr\u00f3nica, ret\u00f3rica y sem\u00e1ntica en la Am\u00e9rica virreinal (Iberoamericana\/Vervuert, 2013).<\/p>\n","protected":false},"excerpt":{"rendered":"<p>Perez Manuel; Parodi Claudia; Rodr\u00edguez Jimena,2014<\/p>\n","protected":false},"featured_media":993,"comment_status":"closed","ping_status":"closed","template":"","meta":[],"product_brand":[],"product_cat":[70,72],"product_tag":[446],"class_list":{"0":"post-733","1":"product","2":"type-product","3":"status-publish","4":"has-post-thumbnail","6":"product_cat-historia","7":"product_cat-literatura","8":"product_tag-historia","10":"first","11":"instock","12":"shipping-taxable","13":"purchasable","14":"product-type-simple"},"jetpack_sharing_enabled":true,"_links":{"self":[{"href":"https:\/\/libreriabonilla.com.mx\/index.php\/wp-json\/wp\/v2\/product\/733","targetHints":{"allow":["GET"]}}],"collection":[{"href":"https:\/\/libreriabonilla.com.mx\/index.php\/wp-json\/wp\/v2\/product"}],"about":[{"href":"https:\/\/libreriabonilla.com.mx\/index.php\/wp-json\/wp\/v2\/types\/product"}],"replies":[{"embeddable":true,"href":"https:\/\/libreriabonilla.com.mx\/index.php\/wp-json\/wp\/v2\/comments?post=733"}],"wp:featuredmedia":[{"embeddable":true,"href":"https:\/\/libreriabonilla.com.mx\/index.php\/wp-json\/wp\/v2\/media\/993"}],"wp:attachment":[{"href":"https:\/\/libreriabonilla.com.mx\/index.php\/wp-json\/wp\/v2\/media?parent=733"}],"wp:term":[{"taxonomy":"product_brand","embeddable":true,"href":"https:\/\/libreriabonilla.com.mx\/index.php\/wp-json\/wp\/v2\/product_brand?post=733"},{"taxonomy":"product_cat","embeddable":true,"href":"https:\/\/libreriabonilla.com.mx\/index.php\/wp-json\/wp\/v2\/product_cat?post=733"},{"taxonomy":"product_tag","embeddable":true,"href":"https:\/\/libreriabonilla.com.mx\/index.php\/wp-json\/wp\/v2\/product_tag?post=733"}],"curies":[{"name":"wp","href":"https:\/\/api.w.org\/{rel}","templated":true}]}}