{"id":732,"date":"2026-04-21T22:23:02","date_gmt":"2026-04-22T01:53:02","guid":{"rendered":"https:\/\/libreriabonilla.com.mx\/?post_type=product&#038;p=732"},"modified":"2026-05-12T18:11:35","modified_gmt":"2026-05-12T21:41:35","slug":"una-huella-destartalada","status":"publish","type":"product","link":"https:\/\/libreriabonilla.com.mx\/index.php\/producto\/una-huella-destartalada\/","title":{"rendered":"Una huella destartalada"},"content":{"rendered":"<p>La huella destartalada puede despertar algunas perplejidades en el lector derivadas del intencionado uso del idioma que practica la escritura en prosa -m\u00e1s no siempre prosaica- este poeta cosmopolita, la cual se debe a los gui\u00f1os que \u00e9l mismo se hace en el espejo, como cuando deletrea invisibles lusitanismos o como cuando alude a la harta cultura o a la cultura popular.<\/p>\n<p>Las semanas del jard\u00edn -expresi\u00f3n de claro resonar cervantino- reunir\u00e1 en su alacena libros y obras de autores predominantemente americanos, aspira a acotar con su censo editorial un espacio de conversaci\u00f3n, un \u00e1mbito de debate, un territorio de curiosidad y observaci\u00f3n, vigilia cr\u00edtica y amena pausa. En su reloj y calendario, Las semanas del jard\u00edn ir\u00e1n deslindando una suerte de arsenal de la imaginaci\u00f3n en movimiento y de la palabra que se desdobla en juego y aventura como la intencionada prosa poco prosaica de Jos\u00e9 Kozer. Cada volumen buscar\u00e1 responder a una afinidad elegida y electiva, a un acento cordial e inteligente entre el autor, el lector y el editor anfitri\u00f3n que busca lecci\u00f3n en el azar organizado en la letra como quien descubre que la met\u00e1fora es una obra de arte en miniatura.<\/p>\n","protected":false},"excerpt":{"rendered":"<p>Kozer, Jose,2014<\/p>\n","protected":false},"featured_media":1033,"comment_status":"closed","ping_status":"closed","template":"","meta":[],"product_brand":[],"product_cat":[72],"product_tag":[605],"class_list":{"0":"post-732","1":"product","2":"type-product","3":"status-publish","4":"has-post-thumbnail","6":"product_cat-literatura","7":"product_tag-literatura","9":"first","10":"instock","11":"shipping-taxable","12":"purchasable","13":"product-type-simple"},"jetpack_sharing_enabled":true,"_links":{"self":[{"href":"https:\/\/libreriabonilla.com.mx\/index.php\/wp-json\/wp\/v2\/product\/732","targetHints":{"allow":["GET"]}}],"collection":[{"href":"https:\/\/libreriabonilla.com.mx\/index.php\/wp-json\/wp\/v2\/product"}],"about":[{"href":"https:\/\/libreriabonilla.com.mx\/index.php\/wp-json\/wp\/v2\/types\/product"}],"replies":[{"embeddable":true,"href":"https:\/\/libreriabonilla.com.mx\/index.php\/wp-json\/wp\/v2\/comments?post=732"}],"wp:featuredmedia":[{"embeddable":true,"href":"https:\/\/libreriabonilla.com.mx\/index.php\/wp-json\/wp\/v2\/media\/1033"}],"wp:attachment":[{"href":"https:\/\/libreriabonilla.com.mx\/index.php\/wp-json\/wp\/v2\/media?parent=732"}],"wp:term":[{"taxonomy":"product_brand","embeddable":true,"href":"https:\/\/libreriabonilla.com.mx\/index.php\/wp-json\/wp\/v2\/product_brand?post=732"},{"taxonomy":"product_cat","embeddable":true,"href":"https:\/\/libreriabonilla.com.mx\/index.php\/wp-json\/wp\/v2\/product_cat?post=732"},{"taxonomy":"product_tag","embeddable":true,"href":"https:\/\/libreriabonilla.com.mx\/index.php\/wp-json\/wp\/v2\/product_tag?post=732"}],"curies":[{"name":"wp","href":"https:\/\/api.w.org\/{rel}","templated":true}]}}