{"id":731,"date":"2026-04-21T22:22:52","date_gmt":"2026-04-22T01:52:52","guid":{"rendered":"https:\/\/libreriabonilla.com.mx\/?post_type=product&#038;p=731"},"modified":"2026-05-12T18:12:53","modified_gmt":"2026-05-12T21:42:53","slug":"espacios-historicos-espacios-de-rememoracion-la-historia-mexicana","status":"publish","type":"product","link":"https:\/\/libreriabonilla.com.mx\/index.php\/producto\/espacios-historicos-espacios-de-rememoracion-la-historia-mexicana\/","title":{"rendered":"Espacios hist\u00f3ricos-espacios de rememoraci\u00f3n: La historia Mexicana"},"content":{"rendered":"<p>Desde los estudios literarios y culturales, as\u00ed como a partir de los aportes te\u00f3ricos de la ciencia de la comunicaci\u00f3n, los autores de este volumen analizan distintas representaciones simb\u00f3licas de los siglos XX y XXI que abordan acontecimientos significativos de la historia mexicana decimon\u00f3nica: la Independencia, la crisis fundacional, la Guerra contra Estados Unidos, el Segundo Imperio, la Rep\u00fablica restaurada, el Porfiriato y los conflictos \u00e9tnicos, entre otros. De este modo, se pone de relieve la existencia, en el espacio del Estado-naci\u00f3n mexicano, de una cultura de rememoraci\u00f3n heterog\u00e9nea. En el espacio de rememoraci\u00f3n compiten diversas formas alternativas de elaborar el pasado con la manera en que \u00e9ste se ha construido en el discurso oficial. Entre otros, se estudia el funcionamiento de la memoria comunicativa y cultural, as\u00ed como de los procesos de remembranza que se articulan en los diversos acercamientos ficcionales. En algunos de los trabajos se incluyen tambi\u00e9n reflexiones sobre la funci\u00f3n de los textos literarios, largometrajes y diversos formatos televisivos como medios de la memoria cultural y sobre el papel que las letras y la cultura visual desempe\u00f1an en cuanto a las transformaciones y el dinamismo de la misma. Los diferentes trabajos abordan asimismo la remediatizaci\u00f3n de algunos elementos del imaginario colectivo en las diversas representaciones y comentan de forma cr\u00edtica las pol\u00edticas de la memoria que pueden derivar en olvidos institucionalizados, as\u00ed como en latencias y conflictos de la memoria.<\/p>\n","protected":false},"excerpt":{"rendered":"<p>Vittoria Bors\u00f3 y Ute Seydel,2014<\/p>\n","protected":false},"featured_media":938,"comment_status":"closed","ping_status":"closed","template":"","meta":[],"product_brand":[],"product_cat":[384,398],"product_tag":[760,128,761],"class_list":{"0":"post-731","1":"product","2":"type-product","3":"status-publish","4":"has-post-thumbnail","6":"product_cat-comunicacion","7":"product_cat-ensayo-literario","8":"product_tag-comunicacion","9":"product_tag-ensayo","10":"product_tag-ensayo-literario","12":"first","13":"instock","14":"shipping-taxable","15":"purchasable","16":"product-type-simple"},"jetpack_sharing_enabled":true,"_links":{"self":[{"href":"https:\/\/libreriabonilla.com.mx\/index.php\/wp-json\/wp\/v2\/product\/731","targetHints":{"allow":["GET"]}}],"collection":[{"href":"https:\/\/libreriabonilla.com.mx\/index.php\/wp-json\/wp\/v2\/product"}],"about":[{"href":"https:\/\/libreriabonilla.com.mx\/index.php\/wp-json\/wp\/v2\/types\/product"}],"replies":[{"embeddable":true,"href":"https:\/\/libreriabonilla.com.mx\/index.php\/wp-json\/wp\/v2\/comments?post=731"}],"wp:featuredmedia":[{"embeddable":true,"href":"https:\/\/libreriabonilla.com.mx\/index.php\/wp-json\/wp\/v2\/media\/938"}],"wp:attachment":[{"href":"https:\/\/libreriabonilla.com.mx\/index.php\/wp-json\/wp\/v2\/media?parent=731"}],"wp:term":[{"taxonomy":"product_brand","embeddable":true,"href":"https:\/\/libreriabonilla.com.mx\/index.php\/wp-json\/wp\/v2\/product_brand?post=731"},{"taxonomy":"product_cat","embeddable":true,"href":"https:\/\/libreriabonilla.com.mx\/index.php\/wp-json\/wp\/v2\/product_cat?post=731"},{"taxonomy":"product_tag","embeddable":true,"href":"https:\/\/libreriabonilla.com.mx\/index.php\/wp-json\/wp\/v2\/product_tag?post=731"}],"curies":[{"name":"wp","href":"https:\/\/api.w.org\/{rel}","templated":true}]}}