{"id":730,"date":"2026-04-21T22:22:52","date_gmt":"2026-04-22T01:52:52","guid":{"rendered":"https:\/\/libreriabonilla.com.mx\/?post_type=product&#038;p=730"},"modified":"2026-05-12T18:14:25","modified_gmt":"2026-05-12T21:44:25","slug":"los-sobrevivientes-del-desierto","status":"publish","type":"product","link":"https:\/\/libreriabonilla.com.mx\/index.php\/producto\/los-sobrevivientes-del-desierto\/","title":{"rendered":"Los sobrevivientes del desierto"},"content":{"rendered":"<p>Las tierras del litoral de Sonora, en el noroeste de M\u00e9xico, son llanuras y valles que se han distinguido a nivel nacional por ser el asiento de varios distritos de riego en los cuales, hace m\u00e1s de medio siglo, se impuls\u00f3 un ambicioso proyecto de expansi\u00f3n y modernizaci\u00f3n agr\u00edcola a favor de la gran propiedad. Sin embargo, poco se conoce que en el caso de las llanuras semides\u00e9rticas de la Costa de Hermosillo -capital del estado- y como resultado de la migraci\u00f3n de jornaleros agr\u00edcolas, tambi\u00e9n se arraigaron numerosas familias de origen campesino en tierras de propiedad social y hoy conforman un grupo de ejidatarios de gran relevancia hist\u00f3rica y social.<br \/>\nEn Los sobrevivientes del desierto. Producci\u00f3n y estrategias de vida entre los ejidatarios de la Costa de Hermosillo, Sonora, (1932-2010) Emma Paulina P\u00e9rez L\u00f3pez narra, partiendo de la antropolog\u00eda y de la sociolog\u00eda, y utilizando tambi\u00e9n herramientas de la historia y la econom\u00eda, la g\u00e9nesis, el desarrollo y las estrategias que han seguido los ejidatarios y sus familias para lograr su subsistencia. Es digno resaltar del presente trabajo que dicha historia se cuenta a trav\u00e9s de las voces de sus protagonistas, y es la prosa de la doctora P\u00e9rez L\u00f3pez un medio para ponerlas al alcance de los lectores interesados en el campo mexicano.<\/p>\n<p>Este libro fue merecedor del premio nacional C\u00e1tedra Interinstitucional Arturo Warman 2012 en la categor\u00eda investigaci\u00f3n-doctorado. La C\u00e1tedra est\u00e1 constitu\u00edda por la Universidad Nacional Aut\u00f3noma de M\u00e9xico, El Colegio de M\u00e9xico, el Centro de Investigaciones y Estudios Superiores en Antropolog\u00eda Social, la Universidad Iberoamericana, la Universidad Aut\u00f3noma Metropolitana, el Colegio de Etn\u00f3logos y Antrop\u00f3logos y el Instituto Nacional de Antropolog\u00eda e Historia.<\/p>\n","protected":false},"excerpt":{"rendered":"<p>Perez Lopez, Emma Paulina,2014<\/p>\n","protected":false},"featured_media":937,"comment_status":"closed","ping_status":"closed","template":"","meta":[],"product_brand":[],"product_cat":[183,422],"product_tag":[762,696,763],"class_list":{"0":"post-730","1":"product","2":"type-product","3":"status-publish","4":"has-post-thumbnail","6":"product_cat-antropologia","7":"product_cat-sociologia","8":"product_tag-antropologia","9":"product_tag-sociologia","10":"product_tag-sonora","12":"first","13":"instock","14":"shipping-taxable","15":"purchasable","16":"product-type-simple"},"jetpack_sharing_enabled":true,"_links":{"self":[{"href":"https:\/\/libreriabonilla.com.mx\/index.php\/wp-json\/wp\/v2\/product\/730","targetHints":{"allow":["GET"]}}],"collection":[{"href":"https:\/\/libreriabonilla.com.mx\/index.php\/wp-json\/wp\/v2\/product"}],"about":[{"href":"https:\/\/libreriabonilla.com.mx\/index.php\/wp-json\/wp\/v2\/types\/product"}],"replies":[{"embeddable":true,"href":"https:\/\/libreriabonilla.com.mx\/index.php\/wp-json\/wp\/v2\/comments?post=730"}],"wp:featuredmedia":[{"embeddable":true,"href":"https:\/\/libreriabonilla.com.mx\/index.php\/wp-json\/wp\/v2\/media\/937"}],"wp:attachment":[{"href":"https:\/\/libreriabonilla.com.mx\/index.php\/wp-json\/wp\/v2\/media?parent=730"}],"wp:term":[{"taxonomy":"product_brand","embeddable":true,"href":"https:\/\/libreriabonilla.com.mx\/index.php\/wp-json\/wp\/v2\/product_brand?post=730"},{"taxonomy":"product_cat","embeddable":true,"href":"https:\/\/libreriabonilla.com.mx\/index.php\/wp-json\/wp\/v2\/product_cat?post=730"},{"taxonomy":"product_tag","embeddable":true,"href":"https:\/\/libreriabonilla.com.mx\/index.php\/wp-json\/wp\/v2\/product_tag?post=730"}],"curies":[{"name":"wp","href":"https:\/\/api.w.org\/{rel}","templated":true}]}}