{"id":728,"date":"2026-04-21T22:22:52","date_gmt":"2026-04-22T01:52:52","guid":{"rendered":"https:\/\/libreriabonilla.com.mx\/?post_type=product&#038;p=728"},"modified":"2026-05-12T18:21:54","modified_gmt":"2026-05-12T21:51:54","slug":"turismo-en-el-caribe-mexicano-genesis-evolucion-y-crisis","status":"publish","type":"product","link":"https:\/\/libreriabonilla.com.mx\/index.php\/producto\/turismo-en-el-caribe-mexicano-genesis-evolucion-y-crisis\/","title":{"rendered":"Turismo en el Caribe mexicano. G\u00e9nesis, evoluci\u00f3n y crisis"},"content":{"rendered":"<p>El desarrollo del turismo en M\u00e9xico, desde la primera mitad del siglo XX, se constituy\u00f3 en un importante pilar de la econom\u00eda nacional, a partir de su contibuci\u00f3n a la balanza de pagos, como generador de empleos, como catalizador de diversas actividades econ\u00f3micas y como impulsor del desarrollo regional, aunado al surgimiento de nuevos centros poblacionales y urbanos. Tal es el caso de ciudades como Canc\u00fan y Playa del Carmen o de corredores tur\u00edsticos como la Riviera maya, en el estado caribe\u00f1o de Quintana Roo<\/p>\n","protected":false},"excerpt":{"rendered":"<p>Romero Mayo Rafael I.,2014<\/p>\n","protected":false},"featured_media":923,"comment_status":"closed","ping_status":"closed","template":"","meta":[],"product_brand":[],"product_cat":[163,600],"product_tag":[682,688],"class_list":{"0":"post-728","1":"product","2":"type-product","3":"status-publish","4":"has-post-thumbnail","6":"product_cat-economia","7":"product_cat-turismo","8":"product_tag-economia","9":"product_tag-turismo","11":"first","12":"instock","13":"shipping-taxable","14":"purchasable","15":"product-type-simple"},"jetpack_sharing_enabled":true,"_links":{"self":[{"href":"https:\/\/libreriabonilla.com.mx\/index.php\/wp-json\/wp\/v2\/product\/728","targetHints":{"allow":["GET"]}}],"collection":[{"href":"https:\/\/libreriabonilla.com.mx\/index.php\/wp-json\/wp\/v2\/product"}],"about":[{"href":"https:\/\/libreriabonilla.com.mx\/index.php\/wp-json\/wp\/v2\/types\/product"}],"replies":[{"embeddable":true,"href":"https:\/\/libreriabonilla.com.mx\/index.php\/wp-json\/wp\/v2\/comments?post=728"}],"wp:featuredmedia":[{"embeddable":true,"href":"https:\/\/libreriabonilla.com.mx\/index.php\/wp-json\/wp\/v2\/media\/923"}],"wp:attachment":[{"href":"https:\/\/libreriabonilla.com.mx\/index.php\/wp-json\/wp\/v2\/media?parent=728"}],"wp:term":[{"taxonomy":"product_brand","embeddable":true,"href":"https:\/\/libreriabonilla.com.mx\/index.php\/wp-json\/wp\/v2\/product_brand?post=728"},{"taxonomy":"product_cat","embeddable":true,"href":"https:\/\/libreriabonilla.com.mx\/index.php\/wp-json\/wp\/v2\/product_cat?post=728"},{"taxonomy":"product_tag","embeddable":true,"href":"https:\/\/libreriabonilla.com.mx\/index.php\/wp-json\/wp\/v2\/product_tag?post=728"}],"curies":[{"name":"wp","href":"https:\/\/api.w.org\/{rel}","templated":true}]}}