{"id":727,"date":"2026-04-21T22:22:52","date_gmt":"2026-04-22T01:52:52","guid":{"rendered":"https:\/\/libreriabonilla.com.mx\/?post_type=product&#038;p=727"},"modified":"2026-05-12T18:23:18","modified_gmt":"2026-05-12T21:53:18","slug":"cultura-educacion-y-hermeneutica-entramados-conceptuales-y-teoricos","status":"publish","type":"product","link":"https:\/\/libreriabonilla.com.mx\/index.php\/producto\/cultura-educacion-y-hermeneutica-entramados-conceptuales-y-teoricos\/","title":{"rendered":"Cultura, educaci\u00f3n y hermen\u00e9utica. Entramados conceptuales y te\u00f3ricos"},"content":{"rendered":"<p>El presente libro colectivo vincula educaci\u00f3n y hermen\u00e9utica -la disciplina de la interpretaci\u00f3n de la escritura, la oralidad (la conversaci\u00f3n) y la acci\u00f3n significativa. En el aula concurren todos los aspectos del hombre, racionales y emocionales, conscientes e inconscientes, y para contemplar todo ese universo es menester la interpretaci\u00f3n. Asimismo, la educaci\u00f3n tiene que ver con la cultura, pues educar es introducir al individuo a la cultura o introducir \u00e9sta al individuo. As\u00ed, las m\u00faltiples relaciones que se producen en el aula, entre el maestro y los alumnos, son un texto por descifrar. Por eso es fundamental poseer de manera clara el ideal de cultura y la imagen de hombre que se busca plasmar en la acci\u00f3n educativa. La hermen\u00e9utica enfocada a la educaci\u00f3n permite comprender el paradigma educativo y entender las virtudes humanas que hacen posible su realizaci\u00f3n.<\/p>\n","protected":false},"excerpt":{"rendered":"<p>Belchot Puente, Mauricio ,2014<\/p>\n","protected":false},"featured_media":1127,"comment_status":"closed","ping_status":"closed","template":"","meta":[],"product_brand":[],"product_cat":[384],"product_tag":[717,760,764],"class_list":{"0":"post-727","1":"product","2":"type-product","3":"status-publish","4":"has-post-thumbnail","6":"product_cat-comunicacion","7":"product_tag-ciencias-sociales","8":"product_tag-comunicacion","9":"product_tag-hermeneutica","11":"first","12":"instock","13":"shipping-taxable","14":"purchasable","15":"product-type-simple"},"jetpack_sharing_enabled":true,"_links":{"self":[{"href":"https:\/\/libreriabonilla.com.mx\/index.php\/wp-json\/wp\/v2\/product\/727","targetHints":{"allow":["GET"]}}],"collection":[{"href":"https:\/\/libreriabonilla.com.mx\/index.php\/wp-json\/wp\/v2\/product"}],"about":[{"href":"https:\/\/libreriabonilla.com.mx\/index.php\/wp-json\/wp\/v2\/types\/product"}],"replies":[{"embeddable":true,"href":"https:\/\/libreriabonilla.com.mx\/index.php\/wp-json\/wp\/v2\/comments?post=727"}],"wp:featuredmedia":[{"embeddable":true,"href":"https:\/\/libreriabonilla.com.mx\/index.php\/wp-json\/wp\/v2\/media\/1127"}],"wp:attachment":[{"href":"https:\/\/libreriabonilla.com.mx\/index.php\/wp-json\/wp\/v2\/media?parent=727"}],"wp:term":[{"taxonomy":"product_brand","embeddable":true,"href":"https:\/\/libreriabonilla.com.mx\/index.php\/wp-json\/wp\/v2\/product_brand?post=727"},{"taxonomy":"product_cat","embeddable":true,"href":"https:\/\/libreriabonilla.com.mx\/index.php\/wp-json\/wp\/v2\/product_cat?post=727"},{"taxonomy":"product_tag","embeddable":true,"href":"https:\/\/libreriabonilla.com.mx\/index.php\/wp-json\/wp\/v2\/product_tag?post=727"}],"curies":[{"name":"wp","href":"https:\/\/api.w.org\/{rel}","templated":true}]}}