{"id":724,"date":"2026-04-21T22:22:52","date_gmt":"2026-04-22T01:52:52","guid":{"rendered":"https:\/\/libreriabonilla.com.mx\/?post_type=product&#038;p=724"},"modified":"2026-05-12T18:37:09","modified_gmt":"2026-05-12T22:07:09","slug":"avatares-editoriales-de-un-genero-tres-decadas-de-la-novela-de-la-revolucion-mexicana","status":"publish","type":"product","link":"https:\/\/libreriabonilla.com.mx\/index.php\/producto\/avatares-editoriales-de-un-genero-tres-decadas-de-la-novela-de-la-revolucion-mexicana\/","title":{"rendered":"Avatares editoriales de un \u00abG\u00e9nero\u00bb: Tres d\u00e9cadas de la novela de la Revoluci\u00f3n Mexicana"},"content":{"rendered":"<p>La novela de la Revoluci\u00f3n mexicana es uno de los referentes, no s\u00f3lo de la literatura mexicana del siglo XX, sino tambi\u00e9n de la cultura nacional. No hay recopilaci\u00f3n que no incluya un texto de Mariano Azuela, u obra historiogr\u00e1fica o historia de la literatura que no mencione la importancia de Mart\u00edn Luis Guzm\u00e1n en la narrativa de este periodo. Contamos, incluso, con una antolog\u00eda que hasta la fecha es considerada como el canon literario de este g\u00e9nero: La novela de la Revoluci\u00f3n mexicana de Antonio Castro Leal. Pocos trabajos, sin embargo, se detienen a reflexionar en torno a algo trascendental para su comprensi\u00f3n: el significado del marbete \u00abnovela de la Revoluci\u00f3n mexicana\u00bb.<br \/>\nUna de las primeras cuestiones que se notan al leer la antolog\u00eda de Castro Leal es la multiplicidad de formas narrativas que se engloban en un mismo nombre. Bajo este marbete se encuentran cuentos, cr\u00f3nicas, estampas, vi\u00f1etas, biograf\u00edas, novelas, y dentro de las novelas se hallan las de tema proletario, las rurales, las urbanas, etc\u00e9tera. Parecer\u00eda que la etiqueta novela de la Revoluci\u00f3n no se define desde una configuraci\u00f3n gen\u00e9rica formal sino tem\u00e1tica, es decir, desde la Revoluci\u00f3n mexicana como tema. Sin embargo, cuestionarse la importancia de la Revoluci\u00f3n mexicana como tema literario ya no resulta tan productivo como hace algunas d\u00e9cadas; detenerse a reflexionar cu\u00e1ndo y por qu\u00e9 surge este movimiento literario es imprescindible.<br \/>\nComo ver\u00e1 el lector, la novela de la Revoluci\u00f3n mexicana es m\u00e1s que un grupo de obras que retratan la realidad de la m\u00e1s reciente guerra civil, un s\u00edmbolo cultural en el apogeo del nacionalismo, el antes y el despu\u00e9s de la literatura mexicana del siglo XX, o una p\u00e1gina m\u00e1s en los anales de las historias literarias. La novela de la Revoluci\u00f3n es el resultado de una simbiosis cultural, art\u00edstica y editorial que encontr\u00f3 cabida en un momento hist\u00f3rico espec\u00edfico<\/p>\n","protected":false},"excerpt":{"rendered":"<p>Torres de la Rosa, Dana\u00e9,2015<\/p>\n","protected":false},"featured_media":1006,"comment_status":"closed","ping_status":"closed","template":"","meta":[],"product_brand":[],"product_cat":[70,72,111],"product_tag":[605,739,713],"class_list":{"0":"post-724","1":"product","2":"type-product","3":"status-publish","4":"has-post-thumbnail","6":"product_cat-historia","7":"product_cat-literatura","8":"product_cat-novela","9":"product_tag-literatura","10":"product_tag-novela","11":"product_tag-revolucion-mexicana","13":"first","14":"instock","15":"shipping-taxable","16":"purchasable","17":"product-type-simple"},"jetpack_sharing_enabled":true,"_links":{"self":[{"href":"https:\/\/libreriabonilla.com.mx\/index.php\/wp-json\/wp\/v2\/product\/724","targetHints":{"allow":["GET"]}}],"collection":[{"href":"https:\/\/libreriabonilla.com.mx\/index.php\/wp-json\/wp\/v2\/product"}],"about":[{"href":"https:\/\/libreriabonilla.com.mx\/index.php\/wp-json\/wp\/v2\/types\/product"}],"replies":[{"embeddable":true,"href":"https:\/\/libreriabonilla.com.mx\/index.php\/wp-json\/wp\/v2\/comments?post=724"}],"wp:featuredmedia":[{"embeddable":true,"href":"https:\/\/libreriabonilla.com.mx\/index.php\/wp-json\/wp\/v2\/media\/1006"}],"wp:attachment":[{"href":"https:\/\/libreriabonilla.com.mx\/index.php\/wp-json\/wp\/v2\/media?parent=724"}],"wp:term":[{"taxonomy":"product_brand","embeddable":true,"href":"https:\/\/libreriabonilla.com.mx\/index.php\/wp-json\/wp\/v2\/product_brand?post=724"},{"taxonomy":"product_cat","embeddable":true,"href":"https:\/\/libreriabonilla.com.mx\/index.php\/wp-json\/wp\/v2\/product_cat?post=724"},{"taxonomy":"product_tag","embeddable":true,"href":"https:\/\/libreriabonilla.com.mx\/index.php\/wp-json\/wp\/v2\/product_tag?post=724"}],"curies":[{"name":"wp","href":"https:\/\/api.w.org\/{rel}","templated":true}]}}