{"id":723,"date":"2026-04-21T22:22:52","date_gmt":"2026-04-22T01:52:52","guid":{"rendered":"https:\/\/libreriabonilla.com.mx\/?post_type=product&#038;p=723"},"modified":"2026-05-12T22:51:07","modified_gmt":"2026-05-13T02:21:07","slug":"constelaciones-i-ensayos-de-teoria-narrativa-y-literatura-comparada","status":"publish","type":"product","link":"https:\/\/libreriabonilla.com.mx\/index.php\/producto\/constelaciones-i-ensayos-de-teoria-narrativa-y-literatura-comparada\/","title":{"rendered":"Constelaciones I: Ensayos de teor\u00eda narrativa y literatura comparada"},"content":{"rendered":"<p>\u00bfDe qu\u00e9 trata este libro? Felizmente esta pregunta no encuentra respuesta \u00fanica por m\u00e1s que el subt\u00edtulo intente indicar un corpus de ensayos sobre teor\u00eda narrativa y literatura comparada. No puede tener objeto porque es fruto de la lectura amorosa y extremadamente esmerada que Luz Aurora Pimentel ha hecho de los relatos de ficci\u00f3n. Si a algo se le quiere tanto, si algo es tan significativo en la propia vida, \u00bfc\u00f3mo pretender reducirlo a objeto de estudio, c\u00f3mo ganarlo en unidad? Lo que se ama tan profundamente, lo que se ha convertido en parte del alma no solamente es sublimemente inmenso -valga el pleonasmo- y por ello inabarcable, sino que tambi\u00e9n est\u00e1 contenido con sus irreductibles diferencias y con su propia temporalidad que no es la del tiempo presente que reduce \u00ablo que es\u00bb al objeto presente en el presente.<\/p>\n","protected":false},"excerpt":{"rendered":"<p>Pimentel, Luz Aurora,2015<\/p>\n","protected":false},"featured_media":1385,"comment_status":"closed","ping_status":"closed","template":"","meta":[],"product_brand":[],"product_cat":[439],"product_tag":[128,605],"class_list":{"0":"post-723","1":"product","2":"type-product","3":"status-publish","4":"has-post-thumbnail","6":"product_cat-critica-iteraria","7":"product_tag-ensayo","8":"product_tag-literatura","10":"first","11":"instock","12":"shipping-taxable","13":"purchasable","14":"product-type-simple"},"jetpack_sharing_enabled":true,"_links":{"self":[{"href":"https:\/\/libreriabonilla.com.mx\/index.php\/wp-json\/wp\/v2\/product\/723","targetHints":{"allow":["GET"]}}],"collection":[{"href":"https:\/\/libreriabonilla.com.mx\/index.php\/wp-json\/wp\/v2\/product"}],"about":[{"href":"https:\/\/libreriabonilla.com.mx\/index.php\/wp-json\/wp\/v2\/types\/product"}],"replies":[{"embeddable":true,"href":"https:\/\/libreriabonilla.com.mx\/index.php\/wp-json\/wp\/v2\/comments?post=723"}],"wp:featuredmedia":[{"embeddable":true,"href":"https:\/\/libreriabonilla.com.mx\/index.php\/wp-json\/wp\/v2\/media\/1385"}],"wp:attachment":[{"href":"https:\/\/libreriabonilla.com.mx\/index.php\/wp-json\/wp\/v2\/media?parent=723"}],"wp:term":[{"taxonomy":"product_brand","embeddable":true,"href":"https:\/\/libreriabonilla.com.mx\/index.php\/wp-json\/wp\/v2\/product_brand?post=723"},{"taxonomy":"product_cat","embeddable":true,"href":"https:\/\/libreriabonilla.com.mx\/index.php\/wp-json\/wp\/v2\/product_cat?post=723"},{"taxonomy":"product_tag","embeddable":true,"href":"https:\/\/libreriabonilla.com.mx\/index.php\/wp-json\/wp\/v2\/product_tag?post=723"}],"curies":[{"name":"wp","href":"https:\/\/api.w.org\/{rel}","templated":true}]}}