{"id":721,"date":"2026-04-21T22:22:52","date_gmt":"2026-04-22T01:52:52","guid":{"rendered":"https:\/\/libreriabonilla.com.mx\/?post_type=product&#038;p=721"},"modified":"2026-05-12T23:17:10","modified_gmt":"2026-05-13T02:47:10","slug":"dignidad-intercultural","status":"publish","type":"product","link":"https:\/\/libreriabonilla.com.mx\/index.php\/producto\/dignidad-intercultural\/","title":{"rendered":"Dignidad intercultural"},"content":{"rendered":"<p>En Am\u00e9rica Latina el reconocimiento de los derechos humanos colectivos de los pueblos originarios presenta distintos ritmos, en unos Estados es m\u00e1s profundo que en otros, pero sin duda es un movimiento que recorre la regi\u00f3n. As\u00ed, los investigadores del proyecto Deconstrucci\u00f3n y genealog\u00eda del concepto de dignidad de los pueblos originarios en el pensamiento latinoamericano, que aqu\u00ed colaboran, abordan conceptos considerados periclitados o terminados para convertirlos en acicates del pensamiento hermen\u00e9utico y geneal\u00f3gico y conducirlos nuevamente a debate. Algunos autores muestran que las lenguas de los pueblos originarios abren mundos y sentidos de dignidad -como sin\u00f3nimo del cuidado de lo humano y de la naturaleza- porque en esos sentidos existen otras maneras de decirla. Y es que la dignidad no es una voz que le pertenezca a una sola tradici\u00f3n, sino que puede nombrarse con diversidad cultural. Pensar la dignidad de cara a la pluricultural y plurinacional no puede dejar de enriquecerse con las lenguas de los pueblos originarios, a menos que se est\u00e9 apostando por anticipado a que ellas no representen m\u00e1s la universalidad de lo humano. Asimismo, se cuestiona tambi\u00e9n si las \u00e9ticas y pol\u00edticas del buen vivir como sumak kawsay est\u00e1n libres de caer en tentaciones como esa que no quiere escuchar disidencias o que pretenda cerrarse en s\u00ed misma para renunciar a b\u00fasquedas conjuntas de contenidos de dignidad. Desde estos contornos de preocupaciones, se reflexiona filos\u00f3ficamente la condici\u00f3n de la diversidad cultural en aras de mostrar que ella no es un obst\u00e1culo para la dignidad universal e intercultural<\/p>\n","protected":false},"excerpt":{"rendered":"<p>Guerrero Guerrero, Ana Luisa,2015<\/p>\n","protected":false},"featured_media":1017,"comment_status":"closed","ping_status":"closed","template":"","meta":[],"product_brand":[],"product_cat":[272,31,422],"product_tag":[696],"class_list":{"0":"post-721","1":"product","2":"type-product","3":"status-publish","4":"has-post-thumbnail","6":"product_cat-america-latina","7":"product_cat-ensayo","8":"product_cat-sociologia","9":"product_tag-sociologia","11":"first","12":"instock","13":"shipping-taxable","14":"purchasable","15":"product-type-simple"},"jetpack_sharing_enabled":true,"_links":{"self":[{"href":"https:\/\/libreriabonilla.com.mx\/index.php\/wp-json\/wp\/v2\/product\/721","targetHints":{"allow":["GET"]}}],"collection":[{"href":"https:\/\/libreriabonilla.com.mx\/index.php\/wp-json\/wp\/v2\/product"}],"about":[{"href":"https:\/\/libreriabonilla.com.mx\/index.php\/wp-json\/wp\/v2\/types\/product"}],"replies":[{"embeddable":true,"href":"https:\/\/libreriabonilla.com.mx\/index.php\/wp-json\/wp\/v2\/comments?post=721"}],"wp:featuredmedia":[{"embeddable":true,"href":"https:\/\/libreriabonilla.com.mx\/index.php\/wp-json\/wp\/v2\/media\/1017"}],"wp:attachment":[{"href":"https:\/\/libreriabonilla.com.mx\/index.php\/wp-json\/wp\/v2\/media?parent=721"}],"wp:term":[{"taxonomy":"product_brand","embeddable":true,"href":"https:\/\/libreriabonilla.com.mx\/index.php\/wp-json\/wp\/v2\/product_brand?post=721"},{"taxonomy":"product_cat","embeddable":true,"href":"https:\/\/libreriabonilla.com.mx\/index.php\/wp-json\/wp\/v2\/product_cat?post=721"},{"taxonomy":"product_tag","embeddable":true,"href":"https:\/\/libreriabonilla.com.mx\/index.php\/wp-json\/wp\/v2\/product_tag?post=721"}],"curies":[{"name":"wp","href":"https:\/\/api.w.org\/{rel}","templated":true}]}}