{"id":720,"date":"2026-04-21T22:22:52","date_gmt":"2026-04-22T01:52:52","guid":{"rendered":"https:\/\/libreriabonilla.com.mx\/?post_type=product&#038;p=720"},"modified":"2026-05-12T23:18:16","modified_gmt":"2026-05-13T02:48:16","slug":"el-circuito-de-los-signos","status":"publish","type":"product","link":"https:\/\/libreriabonilla.com.mx\/index.php\/producto\/el-circuito-de-los-signos\/","title":{"rendered":"El circuito de los signos"},"content":{"rendered":"<p>El libro es un estudio introductorio al campo de fuerzas conocido como los estudios culturales, que se dirige a los curiosos interesados en saber de qu\u00e9 se trata este fen\u00f3meno acad\u00e9mico del que tanto se habla pero poco se sabe en nuestro pa\u00eds. Estamos frente a un libro pedag\u00f3gico en el que la autora, adem\u00e1s de exponer algunos de los conceptos y temas fundamentales para los estudios culturales, ha incluido ejercicios pr\u00e1cticos con el prop\u00f3sito de poner a prueba lo explicado, as\u00ed como un glosario de t\u00e9rminos, ejemplos y lecturas sugeridas de f\u00e1cil acceso. Este peque\u00f1o libro, entonces, est\u00e1 orientado a exponer los compromisos pol\u00edticos y objetivos de los estudios culturales, que esencialmente se ocupan del an\u00e1lisis cr\u00edtico de la cultura, entendida como el software de la vida humana en el sentido de que consiste en una amplia gama de fen\u00f3menos que incluye sistemas de valores, creencias, rituales, costumbres, ideolog\u00edas, identidades, formas de habla y de interacci\u00f3n social, s\u00edmbolos que distinguen a una comunidad de otra.<br \/>\nEl libro est\u00e1 organizado a partir de algunos conceptos fundamentales para los estudios culturales, como ideolog\u00eda, representaci\u00f3n, identidad, cultura, hegemon\u00eda, subjetividad y cultura popular<\/p>\n","protected":false},"excerpt":{"rendered":"<p>Golubov, Nattie,2015<\/p>\n","protected":false},"featured_media":879,"comment_status":"closed","ping_status":"closed","template":"","meta":[],"product_brand":[],"product_cat":[52],"product_tag":[717,764],"class_list":{"0":"post-720","1":"product","2":"type-product","3":"status-publish","4":"has-post-thumbnail","6":"product_cat-ciencias-sociales","7":"product_tag-ciencias-sociales","8":"product_tag-hermeneutica","10":"first","11":"instock","12":"shipping-taxable","13":"purchasable","14":"product-type-simple"},"jetpack_sharing_enabled":true,"_links":{"self":[{"href":"https:\/\/libreriabonilla.com.mx\/index.php\/wp-json\/wp\/v2\/product\/720","targetHints":{"allow":["GET"]}}],"collection":[{"href":"https:\/\/libreriabonilla.com.mx\/index.php\/wp-json\/wp\/v2\/product"}],"about":[{"href":"https:\/\/libreriabonilla.com.mx\/index.php\/wp-json\/wp\/v2\/types\/product"}],"replies":[{"embeddable":true,"href":"https:\/\/libreriabonilla.com.mx\/index.php\/wp-json\/wp\/v2\/comments?post=720"}],"wp:featuredmedia":[{"embeddable":true,"href":"https:\/\/libreriabonilla.com.mx\/index.php\/wp-json\/wp\/v2\/media\/879"}],"wp:attachment":[{"href":"https:\/\/libreriabonilla.com.mx\/index.php\/wp-json\/wp\/v2\/media?parent=720"}],"wp:term":[{"taxonomy":"product_brand","embeddable":true,"href":"https:\/\/libreriabonilla.com.mx\/index.php\/wp-json\/wp\/v2\/product_brand?post=720"},{"taxonomy":"product_cat","embeddable":true,"href":"https:\/\/libreriabonilla.com.mx\/index.php\/wp-json\/wp\/v2\/product_cat?post=720"},{"taxonomy":"product_tag","embeddable":true,"href":"https:\/\/libreriabonilla.com.mx\/index.php\/wp-json\/wp\/v2\/product_tag?post=720"}],"curies":[{"name":"wp","href":"https:\/\/api.w.org\/{rel}","templated":true}]}}