{"id":719,"date":"2026-04-21T22:22:52","date_gmt":"2026-04-22T01:52:52","guid":{"rendered":"https:\/\/libreriabonilla.com.mx\/?post_type=product&#038;p=719"},"modified":"2026-05-12T23:19:14","modified_gmt":"2026-05-13T02:49:14","slug":"el-indigenismo-del-pan-y-el-festejo-del-bicentenario-del-estado-mexicano","status":"publish","type":"product","link":"https:\/\/libreriabonilla.com.mx\/index.php\/producto\/el-indigenismo-del-pan-y-el-festejo-del-bicentenario-del-estado-mexicano\/","title":{"rendered":"El indigenismo del PAN y el festejo del bicentenario del Estado Mexicano"},"content":{"rendered":"<p>El a\u00f1o 2010, enmarcado por los festejos de la Independencia mexicana a cargo del sexenio panista, present\u00f3 el aliciente reflexivo acerca de la tensi\u00f3n pol\u00edtica y social que existe entre el Estado-naci\u00f3n y la diversidad \u00e9tnica. De modo que los ejes punzantes tienen que ver con la continuidad narrativa de una relaci\u00f3n de dominaci\u00f3n que se perpet\u00faa y celebra a s\u00ed misma. En ese sentido, cobra relevancia el an\u00e1lisis y la pr\u00e1ctica respecto de la multiculturalidad que aposta sus coordenadas \u00abdesde abajo\u00bb frente a la gram\u00e1tica \u00abdesde arriba\u00bb.<\/p>\n<p>Esta obra trae nuevamente a la discusi\u00f3n el denominado \u00abcolonialismo interno\u00bb, que en el discurso mismo desecha la posibilidad del reconocimiento a los grupos ind\u00edgenas, los cuales com\u00fanmente son usados como f\u00f3rmulas arqueol\u00f3gicas del pasado. Bajo esas directrices, la alternativa apuesta a que, frente a todo colonialismo, debiera emerger alguna propuesta emancipadora que enfrentara al entramado hegem\u00f3nico, a fin de postular la construcci\u00f3n de un Estado incluyente y respetuoso de la diversidad<\/p>\n","protected":false},"excerpt":{"rendered":"<p>Guti\u00e9rrez Chong, Natividad,2015<\/p>\n","protected":false},"featured_media":1361,"comment_status":"closed","ping_status":"closed","template":"","meta":[],"product_brand":[],"product_cat":[422],"product_tag":[310,696],"class_list":{"0":"post-719","1":"product","2":"type-product","3":"status-publish","4":"has-post-thumbnail","6":"product_cat-sociologia","7":"product_tag-ciencia-politica","8":"product_tag-sociologia","10":"first","11":"instock","12":"shipping-taxable","13":"purchasable","14":"product-type-simple"},"jetpack_sharing_enabled":true,"_links":{"self":[{"href":"https:\/\/libreriabonilla.com.mx\/index.php\/wp-json\/wp\/v2\/product\/719","targetHints":{"allow":["GET"]}}],"collection":[{"href":"https:\/\/libreriabonilla.com.mx\/index.php\/wp-json\/wp\/v2\/product"}],"about":[{"href":"https:\/\/libreriabonilla.com.mx\/index.php\/wp-json\/wp\/v2\/types\/product"}],"replies":[{"embeddable":true,"href":"https:\/\/libreriabonilla.com.mx\/index.php\/wp-json\/wp\/v2\/comments?post=719"}],"wp:featuredmedia":[{"embeddable":true,"href":"https:\/\/libreriabonilla.com.mx\/index.php\/wp-json\/wp\/v2\/media\/1361"}],"wp:attachment":[{"href":"https:\/\/libreriabonilla.com.mx\/index.php\/wp-json\/wp\/v2\/media?parent=719"}],"wp:term":[{"taxonomy":"product_brand","embeddable":true,"href":"https:\/\/libreriabonilla.com.mx\/index.php\/wp-json\/wp\/v2\/product_brand?post=719"},{"taxonomy":"product_cat","embeddable":true,"href":"https:\/\/libreriabonilla.com.mx\/index.php\/wp-json\/wp\/v2\/product_cat?post=719"},{"taxonomy":"product_tag","embeddable":true,"href":"https:\/\/libreriabonilla.com.mx\/index.php\/wp-json\/wp\/v2\/product_tag?post=719"}],"curies":[{"name":"wp","href":"https:\/\/api.w.org\/{rel}","templated":true}]}}