{"id":717,"date":"2026-04-21T22:22:52","date_gmt":"2026-04-22T01:52:52","guid":{"rendered":"https:\/\/libreriabonilla.com.mx\/?post_type=product&#038;p=717"},"modified":"2026-05-12T23:21:43","modified_gmt":"2026-05-13T02:51:43","slug":"experiencias-de-salvaguardia-del-patrimonio-cultural-inmaterial","status":"publish","type":"product","link":"https:\/\/libreriabonilla.com.mx\/index.php\/producto\/experiencias-de-salvaguardia-del-patrimonio-cultural-inmaterial\/","title":{"rendered":"Experiencias de salvaguardia del patrimonio cultural inmaterial"},"content":{"rendered":"<p>Este es un libro en el que confluyen m\u00faltiples miradas, voces y plumas para abordar un tema en com\u00fan: el patrimonio cultural inmaterial y su salvaguardia. En 2013 se llev\u00f3 a cabo el II Congreso Internacional sobre Experiencias en la Salvaguardia del Patrimonio Cultural Inmaterial en la ciudad de Zacatecas. Algunas de las 134 ponencias all\u00ed presentadas dieron origen a los cap\u00edtulos de este libro. De esta manera, se consolida la pr\u00e1ctica de coordinar esfuerzos para la difusi\u00f3n de algunas de las m\u00faltiples experiencias que se realizan tanto desde el \u00e1mbito acad\u00e9mico como de diversas instituciones p\u00fablicas, en materia de salvaguardia del PCI. Una de las caracter\u00edsticas principales de esta publicaci\u00f3n es su diversidad: por un lado, aborda temas muy variados, algunos de los cuales son pol\u00e9micos y controversiales, lo cual constituy\u00f3 una de las principales razones para incluirlos, puesto que la apuesta es fomentar un di\u00e1logo con profundidad reflexiva a capacidad cr\u00edtica; pero adem\u00e1s los trabajos de invetigadores y acad\u00e9micos con una amplia trayectoria conviven con los textos de los j\u00f3venes estudiantes que por medio de sus investigaciones abordan el tema desde perspectiva innovadoras. El libro se organiza en torno a dos amplias tem\u00e1ticas: el primer apartado concentra las propuestas, estrategias y experiencias de salvaguardia, mientras que en el segundo se encuentran reflexiones e invetigaciones sobre el PCI<\/p>\n","protected":false},"excerpt":{"rendered":"<p>Amezcua Ch\u00e1vez, Cristina,2015<\/p>\n","protected":false},"featured_media":1077,"comment_status":"closed","ping_status":"closed","template":"","meta":[],"product_brand":[],"product_cat":[183,252],"product_tag":[762],"class_list":{"0":"post-717","1":"product","2":"type-product","3":"status-publish","4":"has-post-thumbnail","6":"product_cat-antropologia","7":"product_cat-etnologia","8":"product_tag-antropologia","10":"first","11":"instock","12":"shipping-taxable","13":"purchasable","14":"product-type-simple"},"jetpack_sharing_enabled":true,"_links":{"self":[{"href":"https:\/\/libreriabonilla.com.mx\/index.php\/wp-json\/wp\/v2\/product\/717","targetHints":{"allow":["GET"]}}],"collection":[{"href":"https:\/\/libreriabonilla.com.mx\/index.php\/wp-json\/wp\/v2\/product"}],"about":[{"href":"https:\/\/libreriabonilla.com.mx\/index.php\/wp-json\/wp\/v2\/types\/product"}],"replies":[{"embeddable":true,"href":"https:\/\/libreriabonilla.com.mx\/index.php\/wp-json\/wp\/v2\/comments?post=717"}],"wp:featuredmedia":[{"embeddable":true,"href":"https:\/\/libreriabonilla.com.mx\/index.php\/wp-json\/wp\/v2\/media\/1077"}],"wp:attachment":[{"href":"https:\/\/libreriabonilla.com.mx\/index.php\/wp-json\/wp\/v2\/media?parent=717"}],"wp:term":[{"taxonomy":"product_brand","embeddable":true,"href":"https:\/\/libreriabonilla.com.mx\/index.php\/wp-json\/wp\/v2\/product_brand?post=717"},{"taxonomy":"product_cat","embeddable":true,"href":"https:\/\/libreriabonilla.com.mx\/index.php\/wp-json\/wp\/v2\/product_cat?post=717"},{"taxonomy":"product_tag","embeddable":true,"href":"https:\/\/libreriabonilla.com.mx\/index.php\/wp-json\/wp\/v2\/product_tag?post=717"}],"curies":[{"name":"wp","href":"https:\/\/api.w.org\/{rel}","templated":true}]}}