{"id":716,"date":"2026-04-21T22:22:52","date_gmt":"2026-04-22T01:52:52","guid":{"rendered":"https:\/\/libreriabonilla.com.mx\/?post_type=product&#038;p=716"},"modified":"2026-05-12T23:23:20","modified_gmt":"2026-05-13T02:53:20","slug":"grandeza-y-decadencia-del-poder-presidencial-en-mexico","status":"publish","type":"product","link":"https:\/\/libreriabonilla.com.mx\/index.php\/producto\/grandeza-y-decadencia-del-poder-presidencial-en-mexico\/","title":{"rendered":"Grandeza y decadencia del poder presidencial en Mexico"},"content":{"rendered":"<p>Habida cuenta de los an\u00e1lisis de este ensayo pol\u00edtico, la infame situaci\u00f3n que padecemos hoy en nuestro pa\u00eds se explica por las circunstancias particulares que nos identifican y definen a lo largo del siglo pasado y el comienzo del tercer milenio, sin descartar que hoy nos determina la circunstancia internacional de nuestra vecindad con la naci\u00f3n m\u00e1s poderosa de la Tierra. En M\u00e9xico el viraje se pretende hacer del r\u00e9gimen presidencial republicano al de una inexistente oligarqu\u00eda democr\u00e1tica como la estadounidense, no como com\u00fanmente se cree a tontas y a locas, del mal llamado autoritarismo a la democracia. En realidad se trata de un tr\u00e1nsito fantasioso e imposible, con consecuencias probadamente calamitosas.<\/p>\n<p>Para resumir el callej\u00f3n sin salida en el que se encuentra nuestro tan maltratado pa\u00eds por el objetivo ilusorio que se le ha tratado de imponer vanamente, podemos decir que la pretensi\u00f3n de antemano frustrada consiste en mudarnos de desgobierno de la presidencia republicana ya corrompida al despotismo de tipo estadounidense, el de una clase rica que nace imperial y tiene de aliada forzosa a una clase media mayoritaria, a la que aplica el libertinaje en la forma de vida.<\/p>\n<p>Todo esto sin que contemos en M\u00e9xico con una clase rica independiente del gobierno, capaz de entronizar el suyo propio, con leyes e instituciones correlativamente plutocr\u00e1ticas como sucede en nuestro vecino septentrional, desde las trece colonias del origen. Es obvio que en la hora actual, la extensi\u00f3n que registra la destrucci\u00f3n de la administraci\u00f3n de la presidencia y de la rep\u00fablica, elementos correlativos, nos ha llevado paso a paso, a vivir el desgobierno generalizado que se sufre hoy por todos, cuya causa es la corrupci\u00f3n de aqu\u00e9lla instituci\u00f3n por sus ocupantes, cosa que irremediablemente produce la ruptura del pacto republicano de la constituci\u00f3n real entre las clases fundamentales de la modernidad, los ricos y los pobres, con el fin de conseguir una sociedad de clases medias mayoritarias.<\/p>\n","protected":false},"excerpt":{"rendered":"<p>Emilio Marcos Patricio,2015<\/p>\n","protected":false},"featured_media":1013,"comment_status":"closed","ping_status":"closed","template":"","meta":[],"product_brand":[],"product_cat":[31,186,369],"product_tag":[310,128],"class_list":{"0":"post-716","1":"product","2":"type-product","3":"status-publish","4":"has-post-thumbnail","6":"product_cat-ensayo","7":"product_cat-politica","8":"product_cat-politica-y-gobierno","9":"product_tag-ciencia-politica","10":"product_tag-ensayo","12":"first","13":"instock","14":"shipping-taxable","15":"purchasable","16":"product-type-simple"},"jetpack_sharing_enabled":true,"_links":{"self":[{"href":"https:\/\/libreriabonilla.com.mx\/index.php\/wp-json\/wp\/v2\/product\/716","targetHints":{"allow":["GET"]}}],"collection":[{"href":"https:\/\/libreriabonilla.com.mx\/index.php\/wp-json\/wp\/v2\/product"}],"about":[{"href":"https:\/\/libreriabonilla.com.mx\/index.php\/wp-json\/wp\/v2\/types\/product"}],"replies":[{"embeddable":true,"href":"https:\/\/libreriabonilla.com.mx\/index.php\/wp-json\/wp\/v2\/comments?post=716"}],"wp:featuredmedia":[{"embeddable":true,"href":"https:\/\/libreriabonilla.com.mx\/index.php\/wp-json\/wp\/v2\/media\/1013"}],"wp:attachment":[{"href":"https:\/\/libreriabonilla.com.mx\/index.php\/wp-json\/wp\/v2\/media?parent=716"}],"wp:term":[{"taxonomy":"product_brand","embeddable":true,"href":"https:\/\/libreriabonilla.com.mx\/index.php\/wp-json\/wp\/v2\/product_brand?post=716"},{"taxonomy":"product_cat","embeddable":true,"href":"https:\/\/libreriabonilla.com.mx\/index.php\/wp-json\/wp\/v2\/product_cat?post=716"},{"taxonomy":"product_tag","embeddable":true,"href":"https:\/\/libreriabonilla.com.mx\/index.php\/wp-json\/wp\/v2\/product_tag?post=716"}],"curies":[{"name":"wp","href":"https:\/\/api.w.org\/{rel}","templated":true}]}}