{"id":715,"date":"2026-04-21T22:22:51","date_gmt":"2026-04-22T01:52:51","guid":{"rendered":"https:\/\/libreriabonilla.com.mx\/?post_type=product&#038;p=715"},"modified":"2026-05-12T23:25:07","modified_gmt":"2026-05-13T02:55:07","slug":"inversion-extranjera-directa-en-america-latina","status":"publish","type":"product","link":"https:\/\/libreriabonilla.com.mx\/index.php\/producto\/inversion-extranjera-directa-en-america-latina\/","title":{"rendered":"Inversi\u00f3n extranjera directa en Am\u00e9rica Latina"},"content":{"rendered":"<p>En este marco de la apertura econ\u00f3mica en Am\u00e9rica Latina, iniciado desde finales de la d\u00e9cada de los a\u00f1os ochenta, la inversi\u00f3n extranjera directa (IED) se ha constituido como un indicador macroecon\u00f3mico de trasendencia. En este libro se analiza el panorama general de este indicador para la regi\u00f3n, particularmente en la primera d\u00e9cada del siglo XXI, con el fin de identificar el papel que juegan los propios pa\u00edses latinoamericanos como emisores de capital.<br \/>\nSe contextualiza el tema de la IED para toda Am\u00e9rica Latina y se contemplan los estudios de econom\u00edas espec\u00edficas que son centrales para la comprensi\u00f3n de los movimientos de inversi\u00f3n: Argentina, Brasil, M\u00e9xico y el caso de la inversi\u00f3n espa\u00f1ola en Am\u00e9rica Latina.<br \/>\nEl an\u00e1lisis muestra que aun cuando existe un escaso crecimiento de la actividad econ\u00f3mica de la regi\u00f3n en los \u00faltimos a\u00f1os, particularmente de las 3 econom\u00edas m\u00e1s grandes de Am\u00e9rica Latina (Argentina, Brasil y M\u00e9xico), no parece ser un indicador que inhiba los flujos de IED toda vez que en estos a\u00f1os se han incrementado. Finalmente, los resultados de los casos espec\u00edficos sugieren que por tratarse de econom\u00edas con estructuras econ\u00f3micas similares se pueden considerar como regularidades emp\u00edricas para comprender el fen\u00f3meno en la regi\u00f3n<\/p>\n","protected":false},"excerpt":{"rendered":"<p>Morales Fajardo, Mar\u00eda Esther,2015<\/p>\n","protected":false},"featured_media":1016,"comment_status":"closed","ping_status":"closed","template":"","meta":[],"product_brand":[],"product_cat":[163,433],"product_tag":[766,746,470],"class_list":{"0":"post-715","1":"product","2":"type-product","3":"status-publish","4":"has-post-thumbnail","6":"product_cat-economia","7":"product_cat-politica-exterior","8":"product_tag-comercio-exterior","9":"product_tag-politica","10":"product_tag-politicas-publicas","12":"first","13":"instock","14":"shipping-taxable","15":"purchasable","16":"product-type-simple"},"jetpack_sharing_enabled":true,"_links":{"self":[{"href":"https:\/\/libreriabonilla.com.mx\/index.php\/wp-json\/wp\/v2\/product\/715","targetHints":{"allow":["GET"]}}],"collection":[{"href":"https:\/\/libreriabonilla.com.mx\/index.php\/wp-json\/wp\/v2\/product"}],"about":[{"href":"https:\/\/libreriabonilla.com.mx\/index.php\/wp-json\/wp\/v2\/types\/product"}],"replies":[{"embeddable":true,"href":"https:\/\/libreriabonilla.com.mx\/index.php\/wp-json\/wp\/v2\/comments?post=715"}],"wp:featuredmedia":[{"embeddable":true,"href":"https:\/\/libreriabonilla.com.mx\/index.php\/wp-json\/wp\/v2\/media\/1016"}],"wp:attachment":[{"href":"https:\/\/libreriabonilla.com.mx\/index.php\/wp-json\/wp\/v2\/media?parent=715"}],"wp:term":[{"taxonomy":"product_brand","embeddable":true,"href":"https:\/\/libreriabonilla.com.mx\/index.php\/wp-json\/wp\/v2\/product_brand?post=715"},{"taxonomy":"product_cat","embeddable":true,"href":"https:\/\/libreriabonilla.com.mx\/index.php\/wp-json\/wp\/v2\/product_cat?post=715"},{"taxonomy":"product_tag","embeddable":true,"href":"https:\/\/libreriabonilla.com.mx\/index.php\/wp-json\/wp\/v2\/product_tag?post=715"}],"curies":[{"name":"wp","href":"https:\/\/api.w.org\/{rel}","templated":true}]}}