{"id":714,"date":"2026-04-21T22:22:51","date_gmt":"2026-04-22T01:52:51","guid":{"rendered":"https:\/\/libreriabonilla.com.mx\/?post_type=product&#038;p=714"},"modified":"2026-05-12T23:26:16","modified_gmt":"2026-05-13T02:56:16","slug":"investigaciones-en-neuropsicologia-y-psicologia-educativa","status":"publish","type":"product","link":"https:\/\/libreriabonilla.com.mx\/index.php\/producto\/investigaciones-en-neuropsicologia-y-psicologia-educativa\/","title":{"rendered":"Investigaciones en neuropsicolog\u00eda y psicolog\u00eda educativa"},"content":{"rendered":"<p>La psicolog\u00eda de la educaci\u00f3n es una subdiciplina psicol\u00f3gica de gran tradici\u00f3n en la Facultad de Psicolog\u00eda de la UAEM y se han desarrollado investigaciones en dicha \u00e1rea desde 1980, que ha visto en \u00faltimos a\u00f1os un gran aumento en la producci\u00f3n cient\u00edfica y pr\u00e1ctica, as\u00ed como tambi\u00e9n en la diversificaci\u00f3n de los temas estudiados. Por otro lado, la neuropsicolog\u00eda es un campo joven, sin embargo en la UAEM se adopt\u00f3 y desarroll\u00f3 con entusiasmo desde 1990 y se ha convertido en una de las subdiciplinas m\u00e1s fuertes y representativas.<br \/>\nEste libro es evidencia de los avances que se han realizado en cada \u00e1rea, e involucra siempre a estudiantes y colaboradores de otras instituciones; su objetivo es mostrar la investigaci\u00f3n b\u00e1sica, aplicada y monogr\u00e1fica que realiza el cuerpo acad\u00e9mico Cognici\u00f3n y Afectos, cuyos integrantes, especialistas con experiencia en sus campos de acci\u00f3n, buscan adem\u00e1s establecer el inicio de reflexiones y trabajos transdiciplinarios<\/p>\n","protected":false},"excerpt":{"rendered":"<p>T\u00e9llez Alan\u00eds, Ma de la Cruz Bernarda,2015<\/p>\n","protected":false},"featured_media":949,"comment_status":"closed","ping_status":"closed","template":"","meta":[],"product_brand":[],"product_cat":[27,137],"product_tag":[684,767],"class_list":{"0":"post-714","1":"product","2":"type-product","3":"status-publish","4":"has-post-thumbnail","6":"product_cat-educacion","7":"product_cat-psicologia","8":"product_tag-educacion","9":"product_tag-psicologia","11":"first","12":"instock","13":"shipping-taxable","14":"purchasable","15":"product-type-simple"},"jetpack_sharing_enabled":true,"_links":{"self":[{"href":"https:\/\/libreriabonilla.com.mx\/index.php\/wp-json\/wp\/v2\/product\/714","targetHints":{"allow":["GET"]}}],"collection":[{"href":"https:\/\/libreriabonilla.com.mx\/index.php\/wp-json\/wp\/v2\/product"}],"about":[{"href":"https:\/\/libreriabonilla.com.mx\/index.php\/wp-json\/wp\/v2\/types\/product"}],"replies":[{"embeddable":true,"href":"https:\/\/libreriabonilla.com.mx\/index.php\/wp-json\/wp\/v2\/comments?post=714"}],"wp:featuredmedia":[{"embeddable":true,"href":"https:\/\/libreriabonilla.com.mx\/index.php\/wp-json\/wp\/v2\/media\/949"}],"wp:attachment":[{"href":"https:\/\/libreriabonilla.com.mx\/index.php\/wp-json\/wp\/v2\/media?parent=714"}],"wp:term":[{"taxonomy":"product_brand","embeddable":true,"href":"https:\/\/libreriabonilla.com.mx\/index.php\/wp-json\/wp\/v2\/product_brand?post=714"},{"taxonomy":"product_cat","embeddable":true,"href":"https:\/\/libreriabonilla.com.mx\/index.php\/wp-json\/wp\/v2\/product_cat?post=714"},{"taxonomy":"product_tag","embeddable":true,"href":"https:\/\/libreriabonilla.com.mx\/index.php\/wp-json\/wp\/v2\/product_tag?post=714"}],"curies":[{"name":"wp","href":"https:\/\/api.w.org\/{rel}","templated":true}]}}