{"id":713,"date":"2026-04-21T22:22:51","date_gmt":"2026-04-22T01:52:51","guid":{"rendered":"https:\/\/libreriabonilla.com.mx\/?post_type=product&#038;p=713"},"modified":"2026-05-12T23:28:40","modified_gmt":"2026-05-13T02:58:40","slug":"la-integracion-excluyente","status":"publish","type":"product","link":"https:\/\/libreriabonilla.com.mx\/index.php\/producto\/la-integracion-excluyente\/","title":{"rendered":"La integraci\u00f3n excluyente"},"content":{"rendered":"<p>En el presente libro la autora nos propone pensar a la pobreza como una modalidad de Integraci\u00f3n Excluyente que se expresa en percepciones y experiencias cotidianas marcadas por las condiciones estructurales; en los discursos que se construyen sobre \u00e9sta; en las interacciones de los pobres con el resto de la sociedad y sus intituciones; en los estigmas y prejuicios que se producen y reproducen socialmente. La investigaci\u00f3n constituye una mirada original y provocadora sobre el tema, un an\u00e1lisis riguroso, agudo y socialmente comprometido, que se nutre de los principales debates y enfoques te\u00f3ricos contemporane\u00f3s, contribuyendo desde M\u00e9xico a una sociolog\u00eda de la pobreza v\u00e1lida para una gran parte de Am\u00e9rica Latina.<br \/>\nA partir de un exhausto trabajo etnogr\u00e1fico ralizado en uno de los municipios m\u00e1s pobres de la periferia de la Ciudad de M\u00e9xico, se analizan las relaciones entre las dimensiones materiales, relacionales y simb\u00f3licas que confluyen en la en la construcci\u00f3n de la pobreza. Al respecto la autora advierte: \u00abEs preciso desenmascarar al cinismo de un discurso dominante que responsabiliza (culpa) a los propios pobres de sus carencias y reemplazarlo por un discurso (y una realidad) de derechos; sobre todo, el derecho a una vida digna y a ser tratados como semejantes\u00bb<\/p>\n","protected":false},"excerpt":{"rendered":"<p>Bay\u00f3n , Maria Cristina,2015<\/p>\n","protected":false},"featured_media":1383,"comment_status":"closed","ping_status":"closed","template":"","meta":[],"product_brand":[],"product_cat":[52,163,31],"product_tag":[717,682,128,768],"class_list":{"0":"post-713","1":"product","2":"type-product","3":"status-publish","4":"has-post-thumbnail","6":"product_cat-ciencias-sociales","7":"product_cat-economia","8":"product_cat-ensayo","9":"product_tag-ciencias-sociales","10":"product_tag-economia","11":"product_tag-ensayo","12":"product_tag-etnografia","14":"first","15":"instock","16":"shipping-taxable","17":"purchasable","18":"product-type-simple"},"jetpack_sharing_enabled":true,"_links":{"self":[{"href":"https:\/\/libreriabonilla.com.mx\/index.php\/wp-json\/wp\/v2\/product\/713","targetHints":{"allow":["GET"]}}],"collection":[{"href":"https:\/\/libreriabonilla.com.mx\/index.php\/wp-json\/wp\/v2\/product"}],"about":[{"href":"https:\/\/libreriabonilla.com.mx\/index.php\/wp-json\/wp\/v2\/types\/product"}],"replies":[{"embeddable":true,"href":"https:\/\/libreriabonilla.com.mx\/index.php\/wp-json\/wp\/v2\/comments?post=713"}],"wp:featuredmedia":[{"embeddable":true,"href":"https:\/\/libreriabonilla.com.mx\/index.php\/wp-json\/wp\/v2\/media\/1383"}],"wp:attachment":[{"href":"https:\/\/libreriabonilla.com.mx\/index.php\/wp-json\/wp\/v2\/media?parent=713"}],"wp:term":[{"taxonomy":"product_brand","embeddable":true,"href":"https:\/\/libreriabonilla.com.mx\/index.php\/wp-json\/wp\/v2\/product_brand?post=713"},{"taxonomy":"product_cat","embeddable":true,"href":"https:\/\/libreriabonilla.com.mx\/index.php\/wp-json\/wp\/v2\/product_cat?post=713"},{"taxonomy":"product_tag","embeddable":true,"href":"https:\/\/libreriabonilla.com.mx\/index.php\/wp-json\/wp\/v2\/product_tag?post=713"}],"curies":[{"name":"wp","href":"https:\/\/api.w.org\/{rel}","templated":true}]}}