{"id":712,"date":"2026-04-21T22:22:51","date_gmt":"2026-04-22T01:52:51","guid":{"rendered":"https:\/\/libreriabonilla.com.mx\/?post_type=product&#038;p=712"},"modified":"2026-05-12T23:30:07","modified_gmt":"2026-05-13T03:00:07","slug":"la-lectura-como-acto","status":"publish","type":"product","link":"https:\/\/libreriabonilla.com.mx\/index.php\/producto\/la-lectura-como-acto\/","title":{"rendered":"La lectura como acto"},"content":{"rendered":"<p>Los textos incluidos en este libro abordan algunos de los problemas cuyo conocimiento, reflexi\u00f3n, propuestas, trayectos y experiencias consideramos que pueden aportar a la formaci\u00f3n tanto de docntes de Educaci\u00f3n B\u00e1sica como de padres de familia interesados en el, cada d\u00eda m\u00e1s necesario, espacio del fomento a la lectura. En sus p\u00e1ginas el lector podr\u00e1 adentrarse en una reflexi\u00f3n hist\u00f3rica sobre las pr\u00e1cticas de la lectura infantil; hallar\u00e1 estrategias para la ense\u00f1anza de la lectura a trav\u00e9s de la literatura infantil; conocer\u00e1 una propuesta para seleccionar libros apropiados para desarrollar la competencia ling\u00fcistica deni\u00f1os en edad preescolar; comprender\u00e1, a partir de una definici\u00f3n del universo de la narrativa, algunos de sus mecanismos literarios; recorrer\u00e1 con una gu\u00eda de lectura, uno de los espacios m\u00e1s conocidos y enigm\u00e1ticos de la literatura (el bosque) ; se acercar\u00e1 a los procesos cognitivos que dan sentido a la lectura visualy; finalmente, aprender\u00e1 estrategias para contar cuentos por medio de la expresi\u00f3n oral y de la lengua de se\u00f1as. para el caso de ni\u00f1os sordos<\/p>\n","protected":false},"excerpt":{"rendered":"<p>Bernal, M\u00f3nica,2015<\/p>\n","protected":false},"featured_media":1041,"comment_status":"closed","ping_status":"closed","template":"","meta":[],"product_brand":[],"product_cat":[27,31,732],"product_tag":[684,128,733],"class_list":{"0":"post-712","1":"product","2":"type-product","3":"status-publish","4":"has-post-thumbnail","6":"product_cat-educacion","7":"product_cat-ensayo","8":"product_cat-pedagogia","9":"product_tag-educacion","10":"product_tag-ensayo","11":"product_tag-pedagogia","13":"first","14":"instock","15":"shipping-taxable","16":"purchasable","17":"product-type-simple"},"jetpack_sharing_enabled":true,"_links":{"self":[{"href":"https:\/\/libreriabonilla.com.mx\/index.php\/wp-json\/wp\/v2\/product\/712","targetHints":{"allow":["GET"]}}],"collection":[{"href":"https:\/\/libreriabonilla.com.mx\/index.php\/wp-json\/wp\/v2\/product"}],"about":[{"href":"https:\/\/libreriabonilla.com.mx\/index.php\/wp-json\/wp\/v2\/types\/product"}],"replies":[{"embeddable":true,"href":"https:\/\/libreriabonilla.com.mx\/index.php\/wp-json\/wp\/v2\/comments?post=712"}],"wp:featuredmedia":[{"embeddable":true,"href":"https:\/\/libreriabonilla.com.mx\/index.php\/wp-json\/wp\/v2\/media\/1041"}],"wp:attachment":[{"href":"https:\/\/libreriabonilla.com.mx\/index.php\/wp-json\/wp\/v2\/media?parent=712"}],"wp:term":[{"taxonomy":"product_brand","embeddable":true,"href":"https:\/\/libreriabonilla.com.mx\/index.php\/wp-json\/wp\/v2\/product_brand?post=712"},{"taxonomy":"product_cat","embeddable":true,"href":"https:\/\/libreriabonilla.com.mx\/index.php\/wp-json\/wp\/v2\/product_cat?post=712"},{"taxonomy":"product_tag","embeddable":true,"href":"https:\/\/libreriabonilla.com.mx\/index.php\/wp-json\/wp\/v2\/product_tag?post=712"}],"curies":[{"name":"wp","href":"https:\/\/api.w.org\/{rel}","templated":true}]}}