{"id":711,"date":"2026-04-21T22:22:51","date_gmt":"2026-04-22T01:52:51","guid":{"rendered":"https:\/\/libreriabonilla.com.mx\/?post_type=product&#038;p=711"},"modified":"2026-05-12T23:31:29","modified_gmt":"2026-05-13T03:01:29","slug":"la-polifonia-de-la-creacion-gramatica-de-la-vida","status":"publish","type":"product","link":"https:\/\/libreriabonilla.com.mx\/index.php\/producto\/la-polifonia-de-la-creacion-gramatica-de-la-vida\/","title":{"rendered":"La polifon\u00eda de la creaci\u00f3n. Gram\u00e1tica de la vida"},"content":{"rendered":"<p>Cuando uno se pone en marcha hacia Santiago de Compostela, al principio la cabeza sigue llena de los problemas de siempre, el coraz\u00f3n, de las dudas de siempre, la voluntad de los temores y las ansiedades de siempre, s\u00f3lo es un d\u00eda m\u00e1s de la serie de los d\u00edas, un d\u00eda como todo los d\u00edas. Pero poco a poco, sin saber c\u00f3mo, la cabeza, el coraz\u00f3n y la voluntad adquieren otro ritmo, el ritmo tranquilo del caminar, el ritmo de las cosechas, los bosques y los p\u00e1jaros y la \u00fanica preocupaci\u00f3n es encontrar los indicadores, las marcas del camino, todo deviene camino.<br \/>\nEn La polifon\u00eda de la creaci\u00f3n. Gram\u00e1tica de la vida, he querido ir repintando esas marcas, he intentado que ellas tambi\u00e9n cambien nuestro ritmo interior para poder ver y reconocerlas en el camino. A veces se indican con una teor\u00eda cient\u00edfica, a veces con una poes\u00eda, a veces con un planteamiento filos\u00f3fico, en cualquier caso s\u00f3lo son marcas, y luego, lo que pase al andar es cosa de cada uno, porque pensar no es sino ir haciendo camino. Lo importante es no perder el rumbo.<\/p>\n","protected":false},"excerpt":{"rendered":"<p>Aizp\u00fan, Teresa ,2015<\/p>\n","protected":false},"featured_media":1001,"comment_status":"closed","ping_status":"closed","template":"","meta":[],"product_brand":[],"product_cat":[72,85],"product_tag":[605,750],"class_list":{"0":"post-711","1":"product","2":"type-product","3":"status-publish","4":"has-post-thumbnail","6":"product_cat-literatura","7":"product_cat-poesia","8":"product_tag-literatura","9":"product_tag-poesia","11":"first","12":"instock","13":"shipping-taxable","14":"purchasable","15":"product-type-simple"},"jetpack_sharing_enabled":true,"_links":{"self":[{"href":"https:\/\/libreriabonilla.com.mx\/index.php\/wp-json\/wp\/v2\/product\/711","targetHints":{"allow":["GET"]}}],"collection":[{"href":"https:\/\/libreriabonilla.com.mx\/index.php\/wp-json\/wp\/v2\/product"}],"about":[{"href":"https:\/\/libreriabonilla.com.mx\/index.php\/wp-json\/wp\/v2\/types\/product"}],"replies":[{"embeddable":true,"href":"https:\/\/libreriabonilla.com.mx\/index.php\/wp-json\/wp\/v2\/comments?post=711"}],"wp:featuredmedia":[{"embeddable":true,"href":"https:\/\/libreriabonilla.com.mx\/index.php\/wp-json\/wp\/v2\/media\/1001"}],"wp:attachment":[{"href":"https:\/\/libreriabonilla.com.mx\/index.php\/wp-json\/wp\/v2\/media?parent=711"}],"wp:term":[{"taxonomy":"product_brand","embeddable":true,"href":"https:\/\/libreriabonilla.com.mx\/index.php\/wp-json\/wp\/v2\/product_brand?post=711"},{"taxonomy":"product_cat","embeddable":true,"href":"https:\/\/libreriabonilla.com.mx\/index.php\/wp-json\/wp\/v2\/product_cat?post=711"},{"taxonomy":"product_tag","embeddable":true,"href":"https:\/\/libreriabonilla.com.mx\/index.php\/wp-json\/wp\/v2\/product_tag?post=711"}],"curies":[{"name":"wp","href":"https:\/\/api.w.org\/{rel}","templated":true}]}}