{"id":710,"date":"2026-04-21T22:22:51","date_gmt":"2026-04-22T01:52:51","guid":{"rendered":"https:\/\/libreriabonilla.com.mx\/?post_type=product&#038;p=710"},"modified":"2026-05-12T23:32:38","modified_gmt":"2026-05-13T03:02:38","slug":"la-real-armada-en-el-pacifico-sur-el-apostadero-naval-del-callao-1746-1824","status":"publish","type":"product","link":"https:\/\/libreriabonilla.com.mx\/index.php\/producto\/la-real-armada-en-el-pacifico-sur-el-apostadero-naval-del-callao-1746-1824\/","title":{"rendered":"La real armada en el Pac\u00edfico Sur. El apostadero naval del callao 1746-1824"},"content":{"rendered":"<p>Una investigaci\u00f3n de varias d\u00e9cadas, en la que se han consultado archivos y bibliotecas en Espa\u00f1a, Per\u00fa, Chile, M\u00e9xico, Gran Breta\u00f1a, Estados Unidos y Australia. La labor no ha sido sencilla, pues no se contaba con una bibliograf\u00eda abundante sobre el tema, pero el resultado brinda al lector una visi\u00f3n integral de lo que fue la labor llevada a cabo por la Real Armada en el Pac\u00edfico Sur, desde su base en el Callao, entre 1746 y 1824. Esta labor cubre los diversos aspectos operacionales, log\u00edsticos y administrativos que el mantenimiento de una fuerza naval demanda, tanto en tiempos de paz como de guerra. Tambi\u00e9n se analizan otros temas, como las complejas y a menudo conflictivas relaciones entre los comandantes de marina como los virreyes, los esfuerzos por controlar y apoyar a la marina para formar pilotos, elborar cartas y explorar el vasto Pac\u00edfico. Todo ello permite comprender mejor el periodo final del virreinato, la importancia que el mar tuvo para su sostenimiento y las terribles consecuencias que la implosi\u00f3n del Estado espa\u00f1ol acarre\u00f3 para su control<\/p>\n","protected":false},"excerpt":{"rendered":"<p>Ortiz Sotelo, Jorge,2015<\/p>\n","protected":false},"featured_media":956,"comment_status":"closed","ping_status":"closed","template":"","meta":[],"product_brand":[],"product_cat":[272,52,70],"product_tag":[639,717,446],"class_list":{"0":"post-710","1":"product","2":"type-product","3":"status-publish","4":"has-post-thumbnail","6":"product_cat-america-latina","7":"product_cat-ciencias-sociales","8":"product_cat-historia","9":"product_tag-america-latina","10":"product_tag-ciencias-sociales","11":"product_tag-historia","13":"first","14":"instock","15":"shipping-taxable","16":"purchasable","17":"product-type-simple"},"jetpack_sharing_enabled":true,"_links":{"self":[{"href":"https:\/\/libreriabonilla.com.mx\/index.php\/wp-json\/wp\/v2\/product\/710","targetHints":{"allow":["GET"]}}],"collection":[{"href":"https:\/\/libreriabonilla.com.mx\/index.php\/wp-json\/wp\/v2\/product"}],"about":[{"href":"https:\/\/libreriabonilla.com.mx\/index.php\/wp-json\/wp\/v2\/types\/product"}],"replies":[{"embeddable":true,"href":"https:\/\/libreriabonilla.com.mx\/index.php\/wp-json\/wp\/v2\/comments?post=710"}],"wp:featuredmedia":[{"embeddable":true,"href":"https:\/\/libreriabonilla.com.mx\/index.php\/wp-json\/wp\/v2\/media\/956"}],"wp:attachment":[{"href":"https:\/\/libreriabonilla.com.mx\/index.php\/wp-json\/wp\/v2\/media?parent=710"}],"wp:term":[{"taxonomy":"product_brand","embeddable":true,"href":"https:\/\/libreriabonilla.com.mx\/index.php\/wp-json\/wp\/v2\/product_brand?post=710"},{"taxonomy":"product_cat","embeddable":true,"href":"https:\/\/libreriabonilla.com.mx\/index.php\/wp-json\/wp\/v2\/product_cat?post=710"},{"taxonomy":"product_tag","embeddable":true,"href":"https:\/\/libreriabonilla.com.mx\/index.php\/wp-json\/wp\/v2\/product_tag?post=710"}],"curies":[{"name":"wp","href":"https:\/\/api.w.org\/{rel}","templated":true}]}}