{"id":709,"date":"2026-04-21T22:22:51","date_gmt":"2026-04-22T01:52:51","guid":{"rendered":"https:\/\/libreriabonilla.com.mx\/?post_type=product&#038;p=709"},"modified":"2026-05-12T23:33:51","modified_gmt":"2026-05-13T03:03:51","slug":"las-luchas-por-la-memoria-en-america-latina","status":"publish","type":"product","link":"https:\/\/libreriabonilla.com.mx\/index.php\/producto\/las-luchas-por-la-memoria-en-america-latina\/","title":{"rendered":"Las luchas por la memoria en Am\u00e9rica Latina"},"content":{"rendered":"<p>Este libro ofrece un panorama que contribuye a comprender la naturaleza de los procesos de violencia pol\u00edtica que atraves\u00f3 Am\u00e9rica Latina en la segunda mitad del siglo xxy por primera vez permite situar en un marco hist\u00f3rico las luchas por la memoria de estos pasados a escala continental.<\/p>\n<p>Adem\u00e1s, existe otra serie de factores que vuelven a esta obra invaluable para los lectores interesados en la historia contempor\u00e1nea de Am\u00e9rica Latina, dado que permite dimensionar las cualidades y magnitudes que revisti\u00f3 la violencia pol\u00edtica en el continente y las especifidades que caracterizaron su ejercicio en cada pa\u00eds. Las distintas contribuciones ofrecen una mirada comprensiva de la violencia: las cifras de muertos, desaparecidos, torturados, presos polit\u00edcos y exiliados, y otras v\u00edctimas de violaciones a los derechos humanos. De esta manera se observan dos realidades que, aunque directamente vinculadas, son distintas: el pasado reciente violento y el presente pol\u00edtico, a trav\u00e9s de la historia de la memoria. Este libro incluye textos de los siguientes autores: Eugenia Allier Monta\u00f1o, Claudio Javier Barrientos, Benedetta Calandra, Emilio Crenzel, Marina Franco, Jefferson Jaramillo, entre otros.<\/p>\n","protected":false},"excerpt":{"rendered":"<p>Allier Monta\u00f1o, Eugenia,2015<\/p>\n","protected":false},"featured_media":1374,"comment_status":"closed","ping_status":"closed","template":"","meta":[],"product_brand":[],"product_cat":[272,52],"product_tag":[639,717],"class_list":{"0":"post-709","1":"product","2":"type-product","3":"status-publish","4":"has-post-thumbnail","6":"product_cat-america-latina","7":"product_cat-ciencias-sociales","8":"product_tag-america-latina","9":"product_tag-ciencias-sociales","11":"first","12":"instock","13":"shipping-taxable","14":"purchasable","15":"product-type-simple"},"jetpack_sharing_enabled":true,"_links":{"self":[{"href":"https:\/\/libreriabonilla.com.mx\/index.php\/wp-json\/wp\/v2\/product\/709","targetHints":{"allow":["GET"]}}],"collection":[{"href":"https:\/\/libreriabonilla.com.mx\/index.php\/wp-json\/wp\/v2\/product"}],"about":[{"href":"https:\/\/libreriabonilla.com.mx\/index.php\/wp-json\/wp\/v2\/types\/product"}],"replies":[{"embeddable":true,"href":"https:\/\/libreriabonilla.com.mx\/index.php\/wp-json\/wp\/v2\/comments?post=709"}],"wp:featuredmedia":[{"embeddable":true,"href":"https:\/\/libreriabonilla.com.mx\/index.php\/wp-json\/wp\/v2\/media\/1374"}],"wp:attachment":[{"href":"https:\/\/libreriabonilla.com.mx\/index.php\/wp-json\/wp\/v2\/media?parent=709"}],"wp:term":[{"taxonomy":"product_brand","embeddable":true,"href":"https:\/\/libreriabonilla.com.mx\/index.php\/wp-json\/wp\/v2\/product_brand?post=709"},{"taxonomy":"product_cat","embeddable":true,"href":"https:\/\/libreriabonilla.com.mx\/index.php\/wp-json\/wp\/v2\/product_cat?post=709"},{"taxonomy":"product_tag","embeddable":true,"href":"https:\/\/libreriabonilla.com.mx\/index.php\/wp-json\/wp\/v2\/product_tag?post=709"}],"curies":[{"name":"wp","href":"https:\/\/api.w.org\/{rel}","templated":true}]}}