{"id":708,"date":"2026-04-21T22:22:51","date_gmt":"2026-04-22T01:52:51","guid":{"rendered":"https:\/\/libreriabonilla.com.mx\/?post_type=product&#038;p=708"},"modified":"2026-05-12T23:35:20","modified_gmt":"2026-05-13T03:05:20","slug":"los-dioses-llegaron-tarde-a-filadelfia","status":"publish","type":"product","link":"https:\/\/libreriabonilla.com.mx\/index.php\/producto\/los-dioses-llegaron-tarde-a-filadelfia\/","title":{"rendered":"Los dioses llegaron tarde a Filadelfia"},"content":{"rendered":"<p>\u00abEl pueblo es siempre soberano. Lo ha sido y lo ser\u00e1. En ese sentido, cabe agregar que la democracia americana no fue inicialmente una democracia pol\u00edtica. No ten\u00eda necesidad de serlo. Fue una sociedad democr\u00e1tica, practicante de la igualdad, por lo que el principio de la soberan\u00eda del pueblo no expresaba una concepci\u00f3n pol\u00edtica de la vida social. As\u00ed, mientras que las naciones europeas iban constituy\u00e9ndose poco a poco en territorios de libertad pol\u00edtica, Estados Unidos fue desde el comienzo lugar de igualdad civil. De ah\u00ed provino el car\u00e1cter pragm\u00e1tico de su democracia.<br \/>\nTal pragmatismo recorre de principio a fin los art\u00edculos de la Constituci\u00f3n federal de 1787. Tambi\u00e9n alienta el funcionamiento de las instituciones que se crearon a partir de ese momento. Contra la idea a veces difundida sobre las capacidades casi divinas de los delegados que dieron forma y contenido a esa primera constituci\u00f3n moderna, baste se\u00f1alar que aquellos representantes fueron simplemente hombres interesados en construir un pa\u00eds muy distinto del que antes hab\u00eda sido colonia. Quiz\u00e1s sea una exageraci\u00f3n decir que eran individuos comunes y corrientes. La mayor\u00eda de ellos gozaba de una situaci\u00f3n econ\u00f3mica holgada y pose\u00eda una extensa cultura cl\u00e1sica. Asimismo, la mayor\u00eda ten\u00eda una amplia experiencia pol\u00edtica derivada de su participaci\u00f3n en m\u00faltiples instancias de los gobiernos locales. La tarea que se propusieron no era f\u00e1cil, sobre todo porque carec\u00edan de antecedentes hist\u00f3ricos en los que inspirarse. Fueron inventivos. Por eso lograron llevarla a cabo con \u00e9xito.<br \/>\nNunca sabremos si los dioses desearon intervenir en esa obra. A fin de cuentas, saberlo poco importa. Lo cierto, lo \u00fanico cierto, es que los dioses llegaron tarde a Filadelfia\u00bb<\/p>\n","protected":false},"excerpt":{"rendered":"<p>D\u00edaz de la Serna, Ignacio,2015<\/p>\n","protected":false},"featured_media":954,"comment_status":"closed","ping_status":"closed","template":"","meta":[],"product_brand":[],"product_cat":[272,309],"product_tag":[639,717,128],"class_list":{"0":"post-708","1":"product","2":"type-product","3":"status-publish","4":"has-post-thumbnail","6":"product_cat-america-latina","7":"product_cat-ciencia-politica","8":"product_tag-america-latina","9":"product_tag-ciencias-sociales","10":"product_tag-ensayo","12":"first","13":"instock","14":"shipping-taxable","15":"purchasable","16":"product-type-simple"},"jetpack_sharing_enabled":true,"_links":{"self":[{"href":"https:\/\/libreriabonilla.com.mx\/index.php\/wp-json\/wp\/v2\/product\/708","targetHints":{"allow":["GET"]}}],"collection":[{"href":"https:\/\/libreriabonilla.com.mx\/index.php\/wp-json\/wp\/v2\/product"}],"about":[{"href":"https:\/\/libreriabonilla.com.mx\/index.php\/wp-json\/wp\/v2\/types\/product"}],"replies":[{"embeddable":true,"href":"https:\/\/libreriabonilla.com.mx\/index.php\/wp-json\/wp\/v2\/comments?post=708"}],"wp:featuredmedia":[{"embeddable":true,"href":"https:\/\/libreriabonilla.com.mx\/index.php\/wp-json\/wp\/v2\/media\/954"}],"wp:attachment":[{"href":"https:\/\/libreriabonilla.com.mx\/index.php\/wp-json\/wp\/v2\/media?parent=708"}],"wp:term":[{"taxonomy":"product_brand","embeddable":true,"href":"https:\/\/libreriabonilla.com.mx\/index.php\/wp-json\/wp\/v2\/product_brand?post=708"},{"taxonomy":"product_cat","embeddable":true,"href":"https:\/\/libreriabonilla.com.mx\/index.php\/wp-json\/wp\/v2\/product_cat?post=708"},{"taxonomy":"product_tag","embeddable":true,"href":"https:\/\/libreriabonilla.com.mx\/index.php\/wp-json\/wp\/v2\/product_tag?post=708"}],"curies":[{"name":"wp","href":"https:\/\/api.w.org\/{rel}","templated":true}]}}